{"id":7911,"date":"2024-02-08T07:54:47","date_gmt":"2024-02-08T07:54:47","guid":{"rendered":"https:\/\/hubertpietka.bialystok.pl\/?page_id=7911"},"modified":"2024-02-08T07:54:47","modified_gmt":"2024-02-08T07:54:47","slug":"dla-nich-tych-draniow","status":"publish","type":"page","link":"https:\/\/hubertpietka.bialystok.pl\/?page_id=7911","title":{"rendered":"Dla nich \/ tych drani\u00f3w"},"content":{"rendered":"\n<p>S\u0105 pewne sprawy kwestie<br>Kt\u00f3re nale\u017c\u0105 do kategorii<br>Tak zwanego szczeg\u00f3lnego dra\u0144stwa<\/p>\n\n\n\n<p>Bo czy\u017c nie dranie<br>Na niewinnych i bezbronnych<br>Si\u0119 perfidnie zasadzaj\u0105<br>Niby przypadkowo czy jakkolwiek<br>Byleby efekt by\u0142 odpowiedni<\/p>\n\n\n\n<p>Czy\u017c to bezwzgl\u0119dnie nie dotyczy<br>Tych kt\u00f3rzy chc\u0105 po ubecku<br>Mnie dorwa\u0107 nas pogr\u0105\u017cy\u0107<br>Czy misie czy jacy\u015b inni<br>Zak\u0142\u00f3ci\u0107 mir domowy<br>Wyrwa\u0107 z domowych pieleszy<\/p>\n\n\n\n<p>Jest te\u017c dra\u0144stwo wybitne<br>Czyha\u0107 na \u017cycie innych<br>Czy dobra ichnie<br>Czy\u017c to nas nie dotyczy<br>\u017bony szczeg\u00f3lnie<br>I bliskich r\u00f3\u017cnych<\/p>\n\n\n\n<figure class=\"wp-block-gallery has-nested-images columns-default is-cropped wp-block-gallery-1 is-layout-flex wp-block-gallery-is-layout-flex\">\n<figure class=\"wp-block-image size-large\"><a href=\"https:\/\/hubertpietka.bialystok.pl\/wp-content\/uploads\/2024\/02\/Resized_20240126_142011.jpeg\"><img loading=\"lazy\" decoding=\"async\" width=\"1008\" height=\"756\" data-id=\"7912\" src=\"https:\/\/hubertpietka.bialystok.pl\/wp-content\/uploads\/2024\/02\/Resized_20240126_142011.jpeg\" alt=\"\" class=\"wp-image-7912\" srcset=\"https:\/\/hubertpietka.bialystok.pl\/wp-content\/uploads\/2024\/02\/Resized_20240126_142011.jpeg 1008w, https:\/\/hubertpietka.bialystok.pl\/wp-content\/uploads\/2024\/02\/Resized_20240126_142011-300x225.jpeg 300w, https:\/\/hubertpietka.bialystok.pl\/wp-content\/uploads\/2024\/02\/Resized_20240126_142011-768x576.jpeg 768w\" sizes=\"auto, (max-width: 1008px) 100vw, 1008px\" \/><\/a><\/figure>\n<\/figure>\n\n\n\n<p>Na zdj. <em>Tylko leszcz podnosi r\u0119k\u0119 na kobiet\u0119 pami\u0119taj<\/em><br>Tylko prawdziwy dra\u0144<br>Kimkolwiek by on nie by\u0142<\/p>\n\n\n\n<p>Dzi\u015b wspominana \u015bw. *<strong>Bak-hita<\/strong>*<br>A mo\u017ce *<strong>Back<\/strong>* powr\u00f3t<br>Do nazywania rzeczy po imieniu<br>Powinien by\u0107 odpowiednim *<strong>hitem<\/strong>*<\/p>\n\n\n\n<p>Nie lubi\u0105 tego oni<br>Ale czy\u017c dybanie czyhanie<br>Zasadzanie si\u0119 na niewinnych istotnie<br>Na ich \u017cycie mienie wolno\u015b\u0107<br>Nie jest takim dra\u0144stwem pod\u0142ym <\/p>\n\n\n\n<p>A dla nich<br>Ja zapewne jestem draniem<br>Kiedy nazywam rzeczy po imieniu<br>A mo\u017cna by to nazwa\u0107<br>Du\u017co mocniej<br>I te\u017c by to by\u0142o uprawomocnione zdecydowanie<br>W sensie ontologicznym i moralnie<\/p>\n\n\n\n<p>\/<\/p>\n\n\n\n<p class=\"has-text-align-right\">( <strong><em><a href=\"https:\/\/youtu.be\/RiciQp6T3kU?si=OKtcvMnfOFsgZVi5\">Pawe\u0142 Kukiz i Maciek Male\u0144czuk &#8211; Tanie dranie<\/a><\/em><\/strong>)<\/p>\n","protected":false},"excerpt":{"rendered":"<p>S\u0105 pewne sprawy kwestieKt\u00f3re nale\u017c\u0105 do kategoriiTak zwanego szczeg\u00f3lnego dra\u0144stwa Bo czy\u017c nie dranieNa niewinnych i bezbronnychSi\u0119 perfidnie zasadzaj\u0105Niby przypadkowo czy jakkolwiekByleby efekt by\u0142 odpowiedni&hellip; <\/p>\n","protected":false},"author":1,"featured_media":0,"parent":0,"menu_order":0,"comment_status":"closed","ping_status":"closed","template":"","meta":{"footnotes":""},"class_list":["post-7911","page","type-page","status-publish","hentry"],"_links":{"self":[{"href":"https:\/\/hubertpietka.bialystok.pl\/index.php?rest_route=\/wp\/v2\/pages\/7911","targetHints":{"allow":["GET"]}}],"collection":[{"href":"https:\/\/hubertpietka.bialystok.pl\/index.php?rest_route=\/wp\/v2\/pages"}],"about":[{"href":"https:\/\/hubertpietka.bialystok.pl\/index.php?rest_route=\/wp\/v2\/types\/page"}],"author":[{"embeddable":true,"href":"https:\/\/hubertpietka.bialystok.pl\/index.php?rest_route=\/wp\/v2\/users\/1"}],"replies":[{"embeddable":true,"href":"https:\/\/hubertpietka.bialystok.pl\/index.php?rest_route=%2Fwp%2Fv2%2Fcomments&post=7911"}],"version-history":[{"count":1,"href":"https:\/\/hubertpietka.bialystok.pl\/index.php?rest_route=\/wp\/v2\/pages\/7911\/revisions"}],"predecessor-version":[{"id":7913,"href":"https:\/\/hubertpietka.bialystok.pl\/index.php?rest_route=\/wp\/v2\/pages\/7911\/revisions\/7913"}],"wp:attachment":[{"href":"https:\/\/hubertpietka.bialystok.pl\/index.php?rest_route=%2Fwp%2Fv2%2Fmedia&parent=7911"}],"curies":[{"name":"wp","href":"https:\/\/api.w.org\/{rel}","templated":true}]}}