{"id":7918,"date":"2024-02-10T15:47:36","date_gmt":"2024-02-10T15:47:36","guid":{"rendered":"https:\/\/hubertpietka.bialystok.pl\/?page_id=7918"},"modified":"2024-02-10T15:47:36","modified_gmt":"2024-02-10T15:47:36","slug":"smierc-czy-zycie-czego-chcecie","status":"publish","type":"page","link":"https:\/\/hubertpietka.bialystok.pl\/?page_id=7918","title":{"rendered":"\u015amier\u0107 czy \u017cycie \/ czego chcecie"},"content":{"rendered":"\n<p>B\u00f3g powiedzia\u0142<br>\u017baden znak nie b\u0119dzie<br>Dany im wi\u0119cej<br>\u017beby uwierzyli<br>Poza tym kt\u00f3ry ode Mnie pochodzi ca\u0142kowicie<\/p>\n\n\n\n<p>A oni m\u00f3wi\u0105<br>A mo\u017ce ten tu<br>Bardziej b\u0119dzie *<strong>dan<\/strong>*<br>A mo\u017ce tamten b\u0119dzie *<strong>better<\/strong>*<br>Czyli lepszy<\/p>\n\n\n\n<p>Poza tym wpu\u015bcili tam<br>Ludzi bez \u015bwi\u0119ce\u0144 prawowiernych<br>Kt\u00f3rzy m\u00f3wi\u0105 co oni chc\u0105<br>A wi\u0119cej nawet<br>Na Naj\u015bwi\u0119tszy Sakrament si\u0119 powa\u017caj\u0105<\/p>\n\n\n\n<p>A dyba\u0107 mo\u017cna te\u017c odpowiednio<br>Wsz\u0119dzie nawet w ko\u015bciele<br>By spe\u0142nia\u0107 z\u0142a zap\u0119dy<\/p>\n\n\n\n<p>A te po\u017cal si\u0119 Bo\u017ce<br>Wy\u015bcigi na ich zasadach<br>Gdzie wszystko ustawione odpowiednio<br>Od uczestnik\u00f3w ruchu po pieszych<br>A jak przegrywaj\u0105<br>To przecie\u017c misi\u00f3w maj\u0105<\/p>\n\n\n\n<p>Ja nigdy prawie nie przekraczam<br>Dopuszczalnej pr\u0119dko\u015bci<br>Bo im nie wierz\u0119<br>Tak po prostu<br>Czy\u017c nie mam s\u0142uszno\u015bci<\/p>\n\n\n\n<p>Maj\u0105 te\u017c i dra\u0144skie dra\u0144stwo<br>I inne \u015brodki restrykcji<br>Jak co\u015b im nie wychodzi<\/p>\n\n\n\n<p>A te\u017c zawsze mo\u017cna przek\u0142ama\u0107<br>By by\u0142o po ichniemu<\/p>\n\n\n\n<p>Odkupienie siebie swego swoich<br>Przez t\u0105 wy\u015bcig\u00f3w parodi\u0119<br>W ich zamiarze<br>To do zguby mojej<br>Naszego i naszych ma prowadzi\u0107<br>Tylko nie zawsze wychodzi<br>Jak by chcieli<br>To wtedy m\u015bci\u0107 si\u0119 mo\u017cna<br>Odpowiednio przez misi\u00f3w<br>I takich tam innych<\/p>\n\n\n\n<p>Du\u017co by mo\u017cna pisa\u0107<br>O tym wszystkim<br>O tej ca\u0142ej ob\u0142udzie pod\u0142o\u015bci<br>Ale tu chyba wystarczy<\/p>\n\n\n\n<p>I co chc\u0105 zrobi\u0107 \u017conie<br>Pr\u00f3buj\u0105 robi\u0107 nieustannie<br>Te\u017c z nami naszymi naszym<\/p>\n\n\n\n<p>\u017beby si\u0119 nie zdziwili czasem<br>Jakby spe\u0142ni\u0142y si\u0119 ich zap\u0119dy<br>Ku z\u0142u dla nas<br>\u017be B\u00f3g odpowie inaczej<br>Ni\u017c im si\u0119 wydaje<\/p>\n\n\n\n<p>Ale oni przecie\u017c w Boga<br>Nie wierz\u0105 ni troch\u0119<br>Bo inaczej by post\u0119powali<br>Jakby si\u0119 Boga bali<br>Czy to b\u0119dzie jednak<br>Przeszkadza\u0107 w czym\u015b Bogu<br>By co chce zrobi\u0142<\/p>\n\n\n\n<p>A Jego chwa\u0142a<br>I tak si\u0119 objawi<br>W taki czy inny spos\u00f3b<br>Z \u017cyciem \u015bwiata<br>Czy \u015bwiata tego \u015bmierci\u0105<\/p>\n\n\n\n<p>Zastan\u00f3wcie si\u0119 jednak dobrze<br>Dok\u0105d wiod\u0105 ich drogi<br>I czy wy chcecie<br>Tak tam doj\u015b\u0107<\/p>\n\n\n\n<p>Wed\u0142ug prawdy<br>Nie fa\u0142szu k\u0142amstwa mistyfikacji<br>I innych tam rzeczy takich<br>Kt\u00f3re lubi\u0105 oni bardzo<br>I im podobni<\/p>\n\n\n\n<figure class=\"wp-block-image size-full\"><a href=\"https:\/\/hubertpietka.bialystok.pl\/wp-content\/uploads\/2024\/02\/Resized_20240208_184146.jpeg\"><img loading=\"lazy\" decoding=\"async\" width=\"756\" height=\"1008\" src=\"https:\/\/hubertpietka.bialystok.pl\/wp-content\/uploads\/2024\/02\/Resized_20240208_184146.jpeg\" alt=\"\" class=\"wp-image-7919\" srcset=\"https:\/\/hubertpietka.bialystok.pl\/wp-content\/uploads\/2024\/02\/Resized_20240208_184146.jpeg 756w, https:\/\/hubertpietka.bialystok.pl\/wp-content\/uploads\/2024\/02\/Resized_20240208_184146-225x300.jpeg 225w\" sizes=\"auto, (max-width: 756px) 100vw, 756px\" \/><\/a><\/figure>\n\n\n\n<p><em>Na zdj. Mi\u0142osierny Jezus i Krzy\u017c<br>Alfa i Omega pocz\u0105tek koniec<br>I tak wszystko znajdzie<br>Rozwi\u0105zanie ostateczne w Bogu<br>Tylko czy to ma by\u0107<br>Wed\u0142ug \u017cycia czy wed\u0142ug \u015bmierci<br>Wyb\u00f3r do was nale\u017cy<\/em><\/p>\n\n\n\n<p><em>Mo\u017cecie si\u0119 z tego te\u017c i \u015bmia\u0107<br>\u017beby tylko B\u00f3g nie za\u015bmia\u0142 si\u0119 z was<br>Kiedy przyjdzie czas<\/em><\/p>\n\n\n\n<p class=\"has-text-align-center\">\/<\/p>\n\n\n\n<p class=\"has-text-align-right\"><strong><em><a href=\"https:\/\/youtu.be\/LFn3S3ciCiU?si=z_0s0JTU9Ct4iga9\">Farben Lehre &#8211; Making of Szeregowiec <\/a><\/em><\/strong><\/p>\n\n\n","protected":false},"excerpt":{"rendered":"<p>B\u00f3g powiedzia\u0142\u017baden znak nie b\u0119dzieDany im wi\u0119cej\u017beby uwierzyliPoza tym kt\u00f3ry ode Mnie pochodzi ca\u0142kowicie A oni m\u00f3wi\u0105A mo\u017ce ten tuBardziej b\u0119dzie *dan*A mo\u017ce tamten b\u0119dzie&hellip; <\/p>\n","protected":false},"author":1,"featured_media":0,"parent":0,"menu_order":0,"comment_status":"closed","ping_status":"closed","template":"","meta":{"footnotes":""},"class_list":["post-7918","page","type-page","status-publish","hentry"],"_links":{"self":[{"href":"https:\/\/hubertpietka.bialystok.pl\/index.php?rest_route=\/wp\/v2\/pages\/7918","targetHints":{"allow":["GET"]}}],"collection":[{"href":"https:\/\/hubertpietka.bialystok.pl\/index.php?rest_route=\/wp\/v2\/pages"}],"about":[{"href":"https:\/\/hubertpietka.bialystok.pl\/index.php?rest_route=\/wp\/v2\/types\/page"}],"author":[{"embeddable":true,"href":"https:\/\/hubertpietka.bialystok.pl\/index.php?rest_route=\/wp\/v2\/users\/1"}],"replies":[{"embeddable":true,"href":"https:\/\/hubertpietka.bialystok.pl\/index.php?rest_route=%2Fwp%2Fv2%2Fcomments&post=7918"}],"version-history":[{"count":1,"href":"https:\/\/hubertpietka.bialystok.pl\/index.php?rest_route=\/wp\/v2\/pages\/7918\/revisions"}],"predecessor-version":[{"id":7920,"href":"https:\/\/hubertpietka.bialystok.pl\/index.php?rest_route=\/wp\/v2\/pages\/7918\/revisions\/7920"}],"wp:attachment":[{"href":"https:\/\/hubertpietka.bialystok.pl\/index.php?rest_route=%2Fwp%2Fv2%2Fmedia&parent=7918"}],"curies":[{"name":"wp","href":"https:\/\/api.w.org\/{rel}","templated":true}]}}