{"id":7928,"date":"2024-02-13T18:40:29","date_gmt":"2024-02-13T18:40:29","guid":{"rendered":"https:\/\/hubertpietka.bialystok.pl\/?page_id=7928"},"modified":"2024-02-13T18:40:29","modified_gmt":"2024-02-13T18:40:29","slug":"i-z-swietych-mozna-uczynic-zlych-przestepcow","status":"publish","type":"page","link":"https:\/\/hubertpietka.bialystok.pl\/?page_id=7928","title":{"rendered":"I z \u015bwi\u0119tych \/ mo\u017cna uczyni\u0107 z\u0142ych przest\u0119pc\u00f3w"},"content":{"rendered":"\n<p>Jak najlepiej kogo\u015b skompromitowa\u0107<br>Wed\u0142ug nomenklatury ideologicznej<br>Zrobi\u0107 z kogo\u015b przest\u0119pc\u0119<\/p>\n\n\n\n<p>Czy\u017c nie temu s\u0142u\u017cy\u0107 maj\u0105<br>Te r\u00f3\u017cne chore nagrywania<br>Kt\u00f3re przedstawione w odpowiednim \u015bwietle<br>Maj\u0105 \u015bwiadczy\u0107 niby<br>O naszych moich przest\u0119pczych inklinacjach<br>Przecie\u017c trzeba mnie posadzi\u0107<\/p>\n\n\n\n<p>Dobra \u015bciema to po\u0142owa sukcesu<br>Jak si\u0119 mawia\u0142o niegdy\u015b<br>Uczyni\u0107 z niewinnych przest\u0119pc\u00f3w<br>Godnych spo\u0142ecznego pot\u0119pienia<br>Czy\u017c nie tak i z \u017con\u0105 moj\u0105<\/p>\n\n\n\n<p>Przecie\u017c w my\u015bl zasady komunistycznej<br>Na ka\u017cdego co\u015b si\u0119 znajdzie<br>A jak nie<br>To si\u0119 faktom troch\u0119 pomo\u017ce<\/p>\n\n\n\n<p>Pr\u00f3buj\u0105 mnie pojma\u0107<br>Ju\u017c od do\u015b\u0107 d\u0142ugiego czasu<br>Najpierw Warszawa p\u00f3\u017aniej na wsi<br>I tak do dzisiaj nieustannie<br>W taki czy inny spos\u00f3b<br>Przez takich czy innych<br>Byleby tylko spe\u0142ni\u0107 sw\u00f3j zap\u0119d<br>A sk\u0105d p\u0142yn\u0105cy<br>Jak nie z nienawi\u015bci<\/p>\n\n\n\n<p>Ca\u0142y czas te\u017c i to z\u0142o r\u00f3\u017cne<br>Czyni\u0107 pr\u00f3buj\u0105 z nami naszymi i naszym<br>Byleby tylko<br>Nie wa\u017cne w jaki spos\u00f3b<br>Spe\u0142ni\u0107 sw\u00f3j zap\u0119d nienawistny<br>U\u017cywaj\u0105c misi\u00f3w<br>Czy kogokolwiek zreszt\u0105<br>Kto chce wsp\u00f3\u0142pracowa\u0107<br>Z ich t\u0105 nieprawo\u015bci\u0105<\/p>\n\n\n\n<figure class=\"wp-block-gallery has-nested-images columns-default is-cropped wp-block-gallery-1 is-layout-flex wp-block-gallery-is-layout-flex\">\n<figure class=\"wp-block-image size-large\"><a href=\"https:\/\/hubertpietka.bialystok.pl\/wp-content\/uploads\/2024\/02\/Resized_20240212_183521.jpeg\"><img loading=\"lazy\" decoding=\"async\" width=\"756\" height=\"1008\" data-id=\"7929\" src=\"https:\/\/hubertpietka.bialystok.pl\/wp-content\/uploads\/2024\/02\/Resized_20240212_183521.jpeg\" alt=\"\" class=\"wp-image-7929\" srcset=\"https:\/\/hubertpietka.bialystok.pl\/wp-content\/uploads\/2024\/02\/Resized_20240212_183521.jpeg 756w, https:\/\/hubertpietka.bialystok.pl\/wp-content\/uploads\/2024\/02\/Resized_20240212_183521-225x300.jpeg 225w\" sizes=\"auto, (max-width: 756px) 100vw, 756px\" \/><\/a><\/figure>\n<\/figure>\n\n\n\n<p>Na zdj. *<strong>Font-anna<\/strong>* w Suchowoli<br>U ks. Jerzego Popie\u0142uszki<br>Ile my si\u0119 jeszcze utrzymamy<br>Na tym stanowisku<br>Wobec totalno\u015bci zap\u0119d\u00f3w wrogich<\/p>\n\n\n\n<p>A co do \u017cony<br>To nie zdzier\u017c\u0119<br>Je\u015bli cokolwieczuniek jej nawet<br>W moim pisaniu<br>W sercu i duszy<br>*<strong>Font Anna<\/strong>* bo ona<br>Jest tre\u015bci\u0105 mego \u017cycia<\/p>\n\n\n\n<p><em>Ps. Z ksi\u0119dzem Jerzym<br>Zrobili co i chcieli<br>A jak post\u0119puj\u0105 z \u015bw. Janem Paw\u0142em II<br>Pr\u00f3buj\u0105c go kompromitowa\u0107<br>W taki czy inny spos\u00f3b<br>Metody te same<br>Zabi\u0107 zniszczy\u0107 zniewa\u017cy\u0107<br>Perfidnie k\u0142ami\u0105c<\/em><\/p>\n","protected":false},"excerpt":{"rendered":"<p>Jak najlepiej kogo\u015b skompromitowa\u0107Wed\u0142ug nomenklatury ideologicznejZrobi\u0107 z kogo\u015b przest\u0119pc\u0119 Czy\u017c nie temu s\u0142u\u017cy\u0107 maj\u0105Te r\u00f3\u017cne chore nagrywaniaKt\u00f3re przedstawione w odpowiednim \u015bwietleMaj\u0105 \u015bwiadczy\u0107 nibyO naszych moich&hellip; <\/p>\n","protected":false},"author":1,"featured_media":0,"parent":0,"menu_order":0,"comment_status":"closed","ping_status":"closed","template":"","meta":{"footnotes":""},"class_list":["post-7928","page","type-page","status-publish","hentry"],"_links":{"self":[{"href":"https:\/\/hubertpietka.bialystok.pl\/index.php?rest_route=\/wp\/v2\/pages\/7928","targetHints":{"allow":["GET"]}}],"collection":[{"href":"https:\/\/hubertpietka.bialystok.pl\/index.php?rest_route=\/wp\/v2\/pages"}],"about":[{"href":"https:\/\/hubertpietka.bialystok.pl\/index.php?rest_route=\/wp\/v2\/types\/page"}],"author":[{"embeddable":true,"href":"https:\/\/hubertpietka.bialystok.pl\/index.php?rest_route=\/wp\/v2\/users\/1"}],"replies":[{"embeddable":true,"href":"https:\/\/hubertpietka.bialystok.pl\/index.php?rest_route=%2Fwp%2Fv2%2Fcomments&post=7928"}],"version-history":[{"count":1,"href":"https:\/\/hubertpietka.bialystok.pl\/index.php?rest_route=\/wp\/v2\/pages\/7928\/revisions"}],"predecessor-version":[{"id":7930,"href":"https:\/\/hubertpietka.bialystok.pl\/index.php?rest_route=\/wp\/v2\/pages\/7928\/revisions\/7930"}],"wp:attachment":[{"href":"https:\/\/hubertpietka.bialystok.pl\/index.php?rest_route=%2Fwp%2Fv2%2Fmedia&parent=7928"}],"curies":[{"name":"wp","href":"https:\/\/api.w.org\/{rel}","templated":true}]}}