{"id":7932,"date":"2024-02-16T13:39:25","date_gmt":"2024-02-16T13:39:25","guid":{"rendered":"https:\/\/hubertpietka.bialystok.pl\/?page_id=7932"},"modified":"2024-02-16T13:39:25","modified_gmt":"2024-02-16T13:39:25","slug":"zle-jezyki-na-jezyki","status":"publish","type":"page","link":"https:\/\/hubertpietka.bialystok.pl\/?page_id=7932","title":{"rendered":"Z\u0142e j\u0119zyki \/ na je\u017cyki"},"content":{"rendered":"\n<p>Wczoraj \u015bwi\u0119towali\u015bmy z \u017con\u0105<br>17 rocznic\u0119 naszego poznania<br>Wielka rado\u015b\u0107<br>Z 17 lat razem trwania<br>W tym 10 w sakramencie ma\u0142\u017ce\u0144stwa<\/p>\n\n\n\n<p>Wczoraj te\u017c by\u0142y imieniny Faustyny<br>I wspomnienie b\u0142. Micha\u0142a Sopo\u0107ki<br>Ich mi\u0142o\u015b\u0107 nazwa\u0107 mo\u017cna duchow\u0105<br>Bo z Boga i te\u017c wed\u0142ug Niego<\/p>\n\n\n\n<p>Mi\u0142o\u015b\u0107 czysta platoniczna<br>Jak \u017cesz szatan nie nawidzi<br>W niej trwaj\u0105cych<br>Bo on chce wszystko zochydzi\u0107<br>Upodli\u0107 zanieczy\u015bci\u0107<br>Czy\u017c nie z tego ataki<br>Na nasze postawy jasne cielesne<br>A tak\u017ce na nasze \u017cycie<br>Szatan nienawidzi przecie czysto\u015bci \u015bwi\u0119tej<\/p>\n\n\n\n<p>Mam nadziej\u0119 na wsp\u00f3lne 77<br>\u0141atwo nie b\u0119dzie na pewno<br>Bo szatan jak czysto\u015bci<br>Zniszczy\u0107 nie mo\u017ce jej oszpeci\u0107<br>To chce zabi\u0107 odebra\u0107 \u017cycie<br>By \u015bwiadectwo straci\u0142o sw\u0105 moc<\/p>\n\n\n\n<p>Tak si\u0119 te\u017c sk\u0142ada<br>\u017be wczoraj wspominany by\u0142 te\u017c<br>\u015aw. *<strong>Klaud-iusz<\/strong>*<br>Analogicznie przewodnik \u015bw. Ma\u0142gorzaty<br>Od Naj\u015bwi\u0119tszego Serca Jezusowego<br>*<strong>Clouds<\/strong>* chmury ju\u017c otaczaj\u0105 per\u0142\u0119<br>Czyli imi\u0119 \u015bwi\u0119tej<br>Tak z nami niech b\u0119dzie<\/p>\n\n\n\n<figure class=\"wp-block-image size-full\"><a href=\"https:\/\/hubertpietka.bialystok.pl\/wp-content\/uploads\/2024\/02\/Resized_20240214_000206.jpeg\"><img loading=\"lazy\" decoding=\"async\" width=\"1008\" height=\"756\" src=\"https:\/\/hubertpietka.bialystok.pl\/wp-content\/uploads\/2024\/02\/Resized_20240214_000206.jpeg\" alt=\"\" class=\"wp-image-7933\" srcset=\"https:\/\/hubertpietka.bialystok.pl\/wp-content\/uploads\/2024\/02\/Resized_20240214_000206.jpeg 1008w, https:\/\/hubertpietka.bialystok.pl\/wp-content\/uploads\/2024\/02\/Resized_20240214_000206-300x225.jpeg 300w, https:\/\/hubertpietka.bialystok.pl\/wp-content\/uploads\/2024\/02\/Resized_20240214_000206-768x576.jpeg 768w\" sizes=\"auto, (max-width: 1008px) 100vw, 1008px\" \/><\/a><\/figure>\n\n\n\n<p>Na zdj. *<strong>Je\u017cyki<\/strong>* walentynkowe<br>Bo chocia\u017c czasem si\u0119 je\u017cymy<br>I na siebie i innych<br>To si\u0119 lubimy<br>A z\u0142ym *<strong>j\u0119zykom<\/strong>*<br>Nic i do tego<br>Kt\u00f3re chc\u0105 niszczy\u0107 ka\u017cde dobro<br>Te\u017c k\u0142amliwym ob\u0142udnym s\u0142owem<\/p>\n","protected":false},"excerpt":{"rendered":"<p>Wczoraj \u015bwi\u0119towali\u015bmy z \u017con\u010517 rocznic\u0119 naszego poznaniaWielka rado\u015b\u0107Z 17 lat razem trwaniaW tym 10 w sakramencie ma\u0142\u017ce\u0144stwa Wczoraj te\u017c by\u0142y imieniny FaustynyI wspomnienie b\u0142. Micha\u0142a&hellip; <\/p>\n","protected":false},"author":1,"featured_media":0,"parent":0,"menu_order":0,"comment_status":"closed","ping_status":"closed","template":"","meta":{"footnotes":""},"class_list":["post-7932","page","type-page","status-publish","hentry"],"_links":{"self":[{"href":"https:\/\/hubertpietka.bialystok.pl\/index.php?rest_route=\/wp\/v2\/pages\/7932","targetHints":{"allow":["GET"]}}],"collection":[{"href":"https:\/\/hubertpietka.bialystok.pl\/index.php?rest_route=\/wp\/v2\/pages"}],"about":[{"href":"https:\/\/hubertpietka.bialystok.pl\/index.php?rest_route=\/wp\/v2\/types\/page"}],"author":[{"embeddable":true,"href":"https:\/\/hubertpietka.bialystok.pl\/index.php?rest_route=\/wp\/v2\/users\/1"}],"replies":[{"embeddable":true,"href":"https:\/\/hubertpietka.bialystok.pl\/index.php?rest_route=%2Fwp%2Fv2%2Fcomments&post=7932"}],"version-history":[{"count":1,"href":"https:\/\/hubertpietka.bialystok.pl\/index.php?rest_route=\/wp\/v2\/pages\/7932\/revisions"}],"predecessor-version":[{"id":7934,"href":"https:\/\/hubertpietka.bialystok.pl\/index.php?rest_route=\/wp\/v2\/pages\/7932\/revisions\/7934"}],"wp:attachment":[{"href":"https:\/\/hubertpietka.bialystok.pl\/index.php?rest_route=%2Fwp%2Fv2%2Fmedia&parent=7932"}],"curies":[{"name":"wp","href":"https:\/\/api.w.org\/{rel}","templated":true}]}}