{"id":7936,"date":"2024-02-19T07:48:24","date_gmt":"2024-02-19T07:48:24","guid":{"rendered":"https:\/\/hubertpietka.bialystok.pl\/?page_id=7936"},"modified":"2024-02-19T07:48:24","modified_gmt":"2024-02-19T07:48:24","slug":"wspiera-maryja-we-wszystkim-a-co-chca-robic-oni","status":"publish","type":"page","link":"https:\/\/hubertpietka.bialystok.pl\/?page_id=7936","title":{"rendered":"Wspiera Maryja we wszystkim \/ a co chc\u0105 robi\u0107 oni"},"content":{"rendered":"\n<p>Kiedy w sobot\u0119<br>Si\u0119 na r\u00f3\u017ca\u0144cu modli\u0142em<br>Przysz\u0142a do mnie Maryja<br>Czy na jawie czy we \u015bnie nie wiem<br>I po\u0142o\u017cy\u0142a sw\u0105 r\u0119k\u0119<br>Na mojej d\u0142oni prawej<br>Jak by chcia\u0142a powiedzie\u0107<br>\u017be wspiera wszystkie me walki<br>Nakry\u0142a d\u0142oni\u0105 te\u017c m\u0105 obr\u0105czk\u0119<br>Jak by chcia\u0142a powiedzie\u0107<br>Jak wa\u017cna jest ta walka<br>O moj\u0105 \u017con\u0119 i sakrament<br>Wszystko trwa\u0142o oko\u0142o sekundy<br>Zewn\u0119trzn\u0105 stron\u0119 mej d\u0142oni<br>Ona nakry\u0142a sw\u0105 stron\u0105 wewn\u0119trzn\u0105<\/p>\n\n\n\n<p>I ani mi Ani<br>W jakikolwiek spos\u00f3b<br>Bo zrobi\u0119 z tym taki \u017ce hej porz\u0105dek<br>Z nami naszymi naszym podobnie<br>A dzi\u015b wspominany \u015bw. *<strong>Man-s-wet<\/strong>*<br>*<strong>Wet<\/strong>* z tym cz\u0142owiekiem precz<br>Oni m\u00f3wi\u0105 a co B\u00f3g na to m\u00f3wi<br>Cho\u0107by przez Maryj\u0119<br>Za jego drog\u0119 obrony<br>I cz\u0142owieka *<strong>wnet<\/strong>* trzeba dorwa\u0107 w ko\u0144cu<br>Misie czy inne takie<\/p>\n\n\n\n<figure class=\"wp-block-gallery has-nested-images columns-default is-cropped wp-block-gallery-1 is-layout-flex wp-block-gallery-is-layout-flex\">\n<figure class=\"wp-block-image size-large\"><a href=\"https:\/\/hubertpietka.bialystok.pl\/wp-content\/uploads\/2024\/02\/Resized_20240216_175231.jpeg\"><img loading=\"lazy\" decoding=\"async\" width=\"756\" height=\"1008\" data-id=\"7937\" src=\"https:\/\/hubertpietka.bialystok.pl\/wp-content\/uploads\/2024\/02\/Resized_20240216_175231.jpeg\" alt=\"\" class=\"wp-image-7937\" srcset=\"https:\/\/hubertpietka.bialystok.pl\/wp-content\/uploads\/2024\/02\/Resized_20240216_175231.jpeg 756w, https:\/\/hubertpietka.bialystok.pl\/wp-content\/uploads\/2024\/02\/Resized_20240216_175231-225x300.jpeg 225w\" sizes=\"auto, (max-width: 756px) 100vw, 756px\" \/><\/a><\/figure>\n<\/figure>\n\n\n\n<p><em>Na zdj. Drewniany kwiatek chyba bardziej trwa\u0142y<br>Dla mojej \u017cony<br>Za jej trud codzienny<br>I dla sercu bliskich wszystkich<br>Zawsze z modlitw\u0105<\/em><\/p>\n\n\n\n<p>\/<\/p>\n\n\n\n<p class=\"has-text-align-right\"><strong><em><a href=\"https:\/\/youtu.be\/3XC6zmDj45Y?si=kT5WGeo8CD4H9eeC\">Radzias feat. Seni &#8211; Samotno\u015b\u0107 zabi\u0142a wi\u0119cej ludzi ni\u017c dragi<\/a><\/em><\/strong><\/p>\n","protected":false},"excerpt":{"rendered":"<p>Kiedy w sobot\u0119Si\u0119 na r\u00f3\u017ca\u0144cu modli\u0142emPrzysz\u0142a do mnie MaryjaCzy na jawie czy we \u015bnie nie wiemI po\u0142o\u017cy\u0142a sw\u0105 r\u0119k\u0119Na mojej d\u0142oni prawejJak by chcia\u0142a powiedzie\u0107\u017be&hellip; <\/p>\n","protected":false},"author":1,"featured_media":0,"parent":0,"menu_order":0,"comment_status":"closed","ping_status":"closed","template":"","meta":{"footnotes":""},"class_list":["post-7936","page","type-page","status-publish","hentry"],"_links":{"self":[{"href":"https:\/\/hubertpietka.bialystok.pl\/index.php?rest_route=\/wp\/v2\/pages\/7936","targetHints":{"allow":["GET"]}}],"collection":[{"href":"https:\/\/hubertpietka.bialystok.pl\/index.php?rest_route=\/wp\/v2\/pages"}],"about":[{"href":"https:\/\/hubertpietka.bialystok.pl\/index.php?rest_route=\/wp\/v2\/types\/page"}],"author":[{"embeddable":true,"href":"https:\/\/hubertpietka.bialystok.pl\/index.php?rest_route=\/wp\/v2\/users\/1"}],"replies":[{"embeddable":true,"href":"https:\/\/hubertpietka.bialystok.pl\/index.php?rest_route=%2Fwp%2Fv2%2Fcomments&post=7936"}],"version-history":[{"count":1,"href":"https:\/\/hubertpietka.bialystok.pl\/index.php?rest_route=\/wp\/v2\/pages\/7936\/revisions"}],"predecessor-version":[{"id":7938,"href":"https:\/\/hubertpietka.bialystok.pl\/index.php?rest_route=\/wp\/v2\/pages\/7936\/revisions\/7938"}],"wp:attachment":[{"href":"https:\/\/hubertpietka.bialystok.pl\/index.php?rest_route=%2Fwp%2Fv2%2Fmedia&parent=7936"}],"curies":[{"name":"wp","href":"https:\/\/api.w.org\/{rel}","templated":true}]}}