{"id":7962,"date":"2024-03-01T18:01:44","date_gmt":"2024-03-01T18:01:44","guid":{"rendered":"https:\/\/hubertpietka.bialystok.pl\/?page_id=7962"},"modified":"2024-03-01T18:01:44","modified_gmt":"2024-03-01T18:01:44","slug":"serca-dysonans-a-gor-harmonia","status":"publish","type":"page","link":"https:\/\/hubertpietka.bialystok.pl\/?page_id=7962","title":{"rendered":"Serca dysonans \/ a g\u00f3r harmonia"},"content":{"rendered":"\n<p>Chocia\u017c mi srebrzysz<br>Tym szumi\u0105cym potoczkiem i wiatrem<br>Smutno mi Panie<\/p>\n\n\n\n<p>Tylko modlitwa harmoni\u0119 daje<br>Kiedy cz\u0142owiek wewn\u0119trznie wypalony niepokojem<\/p>\n\n\n\n<p>I chocia\u017c odczuwam<br>Harmoni\u0119 te\u017c tej g\u00f3rskiej krainy<br>I majestat tu Bo\u017cy<br>O kt\u00f3rym pi\u0119knie m\u00f3wi \u017cona<br>To nie ma si\u0142<br>By wyj\u015b\u0107 przygodzie naprzeciw<\/p>\n\n\n\n<p>W sercu dysonans<br>Troska o tych swoich zagro\u017conych<br>I sam przecie\u017c zar\u00f3wno jestem<\/p>\n\n\n\n<p>Bo oni chc\u0105 mnie wypali\u0107<br>Jak papierosa i podepta\u0107 potem<br>Jak obcasem bez \u017cadnych obces\u00f3w<\/p>\n\n\n\n<p>Zreszt\u0105 pr\u00f3buj\u0105 to robi\u0107 wsz\u0119dzie<br>Wi\u0119c i nie przeszkadza im te\u017c tutaj<br>Spe\u0142nia\u0107 z\u0142a zap\u0119dy<br>Wobec naszego \u017cycia wolno\u015bci naszych<\/p>\n\n\n\n<figure class=\"wp-block-image size-large\"><a href=\"https:\/\/hubertpietka.bialystok.pl\/wp-content\/uploads\/2024\/03\/IMG-20240229-WA0040.jpg\"><img loading=\"lazy\" decoding=\"async\" width=\"1024\" height=\"768\" src=\"https:\/\/hubertpietka.bialystok.pl\/wp-content\/uploads\/2024\/03\/IMG-20240229-WA0040-1024x768.jpg\" alt=\"\" class=\"wp-image-7963\" srcset=\"https:\/\/hubertpietka.bialystok.pl\/wp-content\/uploads\/2024\/03\/IMG-20240229-WA0040-1024x768.jpg 1024w, https:\/\/hubertpietka.bialystok.pl\/wp-content\/uploads\/2024\/03\/IMG-20240229-WA0040-300x225.jpg 300w, https:\/\/hubertpietka.bialystok.pl\/wp-content\/uploads\/2024\/03\/IMG-20240229-WA0040-768x576.jpg 768w, https:\/\/hubertpietka.bialystok.pl\/wp-content\/uploads\/2024\/03\/IMG-20240229-WA0040-1536x1152.jpg 1536w, https:\/\/hubertpietka.bialystok.pl\/wp-content\/uploads\/2024\/03\/IMG-20240229-WA0040.jpg 1600w\" sizes=\"auto, (max-width: 1024px) 100vw, 1024px\" \/><\/a><\/figure>\n\n\n\n<p>Na zdj. Potoczek widok ze schroniska<br>I ma\u0142a wiatka<br>Potrzeba serca ciszy<br>By si\u0119 prze\u0142ama\u0107 by przetrwa\u0107<br>By si\u0142y wzmocni\u0107<br>Os\u0142ab\u0142e drog\u0105<br>Oni w tym nie pomog\u0105<br>Ich zap\u0119dy i ichnich<br>S\u0105 zgo\u0142a przeciwne<br>Byleby tylko uderza\u0107<br>W tych ma\u0142ych i tych\u017ce<\/p>\n\n\n\n<p class=\"has-text-align-center\"><strong><em><a href=\"https:\/\/youtu.be\/1zE1KWnJxWg?si=5DUjJ1h4_TCyLRC5\">Enej &#8211; nie uprzedzi\u0142 nikt (feat. Kwiat Jab\u0142oni)<\/a><\/em><\/strong><\/p>\n","protected":false},"excerpt":{"rendered":"<p>Chocia\u017c mi srebrzyszTym szumi\u0105cym potoczkiem i wiatremSmutno mi Panie Tylko modlitwa harmoni\u0119 dajeKiedy cz\u0142owiek wewn\u0119trznie wypalony niepokojem I chocia\u017c odczuwamHarmoni\u0119 te\u017c tej g\u00f3rskiej krainyI majestat&hellip; <\/p>\n","protected":false},"author":1,"featured_media":0,"parent":0,"menu_order":0,"comment_status":"closed","ping_status":"closed","template":"","meta":{"footnotes":""},"class_list":["post-7962","page","type-page","status-publish","hentry"],"_links":{"self":[{"href":"https:\/\/hubertpietka.bialystok.pl\/index.php?rest_route=\/wp\/v2\/pages\/7962","targetHints":{"allow":["GET"]}}],"collection":[{"href":"https:\/\/hubertpietka.bialystok.pl\/index.php?rest_route=\/wp\/v2\/pages"}],"about":[{"href":"https:\/\/hubertpietka.bialystok.pl\/index.php?rest_route=\/wp\/v2\/types\/page"}],"author":[{"embeddable":true,"href":"https:\/\/hubertpietka.bialystok.pl\/index.php?rest_route=\/wp\/v2\/users\/1"}],"replies":[{"embeddable":true,"href":"https:\/\/hubertpietka.bialystok.pl\/index.php?rest_route=%2Fwp%2Fv2%2Fcomments&post=7962"}],"version-history":[{"count":1,"href":"https:\/\/hubertpietka.bialystok.pl\/index.php?rest_route=\/wp\/v2\/pages\/7962\/revisions"}],"predecessor-version":[{"id":7964,"href":"https:\/\/hubertpietka.bialystok.pl\/index.php?rest_route=\/wp\/v2\/pages\/7962\/revisions\/7964"}],"wp:attachment":[{"href":"https:\/\/hubertpietka.bialystok.pl\/index.php?rest_route=%2Fwp%2Fv2%2Fmedia&parent=7962"}],"curies":[{"name":"wp","href":"https:\/\/api.w.org\/{rel}","templated":true}]}}