{"id":7978,"date":"2024-03-08T04:08:04","date_gmt":"2024-03-08T04:08:04","guid":{"rendered":"https:\/\/hubertpietka.bialystok.pl\/?page_id=7978"},"modified":"2024-03-08T04:08:04","modified_gmt":"2024-03-08T04:08:04","slug":"swiata-sumienie-drzemie","status":"publish","type":"page","link":"https:\/\/hubertpietka.bialystok.pl\/?page_id=7978","title":{"rendered":"\u015awiata sumienie \/ drzemie?"},"content":{"rendered":"\n<p>To ju\u017c ponad dwa lata<br>Jak Ukraina si\u0119 broni<br>Ludzie s\u0105 ju\u017c zm\u0119czeni<\/p>\n\n\n\n<p>To ju\u017c ponad dwa lata<br>Czy zrobiono wszystko<br>Czy robi si\u0119 wszystko<br>By wspom\u00f3c przeciwko niesprawiedliwej agresji<\/p>\n\n\n\n<p>A mo\u017ce interesiki ma\u0142e wa\u017cniejsze<br>Jakby pad\u0142a Ukraina<br>To co b\u0119dzie dalej<br>Polska Europa Centralna Ba\u0142tyckie Kraje<br>Europa Zachodnia \u017ce si\u0119 dogada sobie my\u015bli<br>Bo przecie\u017c gaz rosyjski<br>Kosztem kraj\u00f3w tych<br>Podzieli si\u0119 odpowiednio wp\u0142ywy<\/p>\n\n\n\n<p><strong>Dzisiaj Dzie\u0144 Kobiet<br>Czy na darmo mia\u0142aby by\u0107<br>Ofiara ukrai\u0144skich kobiet<br>Trac\u0105cych m\u0119\u017c\u00f3w i syn\u00f3w<\/strong><\/p>\n\n\n\n<p><strong>Dzisiaj Dzie\u0144 Kobiet<br>Ju\u017c do\u015b\u0107 d\u0142ugo walcz\u0119 przecie\u017c<br>O t\u0105 moj\u0105 \u017con\u0119<br>Bo ona walczy o mnie<br>Bez niej mieliby dost\u0119p<br>Do mnie by zrobi\u0107 co tylko chc\u0105<br>Za pomoc\u0105 takich czy innych<br>Du\u017co \u0142atwiejszy<\/strong><\/p>\n\n\n\n<figure class=\"wp-block-gallery has-nested-images columns-default is-cropped wp-block-gallery-1 is-layout-flex wp-block-gallery-is-layout-flex\">\n<figure class=\"wp-block-image size-large\"><a href=\"https:\/\/hubertpietka.bialystok.pl\/wp-content\/uploads\/2024\/03\/Resized_20240229_125119.jpeg\"><img loading=\"lazy\" decoding=\"async\" width=\"1008\" height=\"756\" data-id=\"7979\" src=\"https:\/\/hubertpietka.bialystok.pl\/wp-content\/uploads\/2024\/03\/Resized_20240229_125119.jpeg\" alt=\"\" class=\"wp-image-7979\" srcset=\"https:\/\/hubertpietka.bialystok.pl\/wp-content\/uploads\/2024\/03\/Resized_20240229_125119.jpeg 1008w, https:\/\/hubertpietka.bialystok.pl\/wp-content\/uploads\/2024\/03\/Resized_20240229_125119-300x225.jpeg 300w, https:\/\/hubertpietka.bialystok.pl\/wp-content\/uploads\/2024\/03\/Resized_20240229_125119-768x576.jpeg 768w\" sizes=\"auto, (max-width: 1008px) 100vw, 1008px\" \/><\/a><\/figure>\n<\/figure>\n\n\n\n<p><em>Na zdj. Mimo tych eskalacji<br>I tam i tutaj osobistych<br>Jezu ufam Tobie<br>I niesprawiedliwego traktowania polskich rolnik\u00f3w<br>Czy zrobiono by pom\u00f3c im<br>Rzeczywi\u015bcie wszystko<br>Czy raczej tylko puste obietnice<br>I zapewnienia o pow\u015bci\u0105gliwo\u015bci misi\u00f3w<br>Brutalnie rozp\u0119dzaj\u0105cych manifestacje<br>Mimo wszystko<br>Jezu ufam Tobie<br>\u017be zwyci\u0119\u017cy jeszcze sprawiedliwo\u015b\u0107<br>\u017be \u015bwiat nie pogr\u0105\u017cy si\u0119<br>W nico\u015b\u0107<br>Poprzez moralne zak\u0142amanie<br>Jezu ufam Tobie<\/em><\/p>\n","protected":false},"excerpt":{"rendered":"<p>To ju\u017c ponad dwa lataJak Ukraina si\u0119 broniLudzie s\u0105 ju\u017c zm\u0119czeni To ju\u017c ponad dwa lataCzy zrobiono wszystkoCzy robi si\u0119 wszystkoBy wspom\u00f3c przeciwko niesprawiedliwej agresji&hellip; <\/p>\n","protected":false},"author":1,"featured_media":0,"parent":0,"menu_order":0,"comment_status":"closed","ping_status":"closed","template":"","meta":{"footnotes":""},"class_list":["post-7978","page","type-page","status-publish","hentry"],"_links":{"self":[{"href":"https:\/\/hubertpietka.bialystok.pl\/index.php?rest_route=\/wp\/v2\/pages\/7978","targetHints":{"allow":["GET"]}}],"collection":[{"href":"https:\/\/hubertpietka.bialystok.pl\/index.php?rest_route=\/wp\/v2\/pages"}],"about":[{"href":"https:\/\/hubertpietka.bialystok.pl\/index.php?rest_route=\/wp\/v2\/types\/page"}],"author":[{"embeddable":true,"href":"https:\/\/hubertpietka.bialystok.pl\/index.php?rest_route=\/wp\/v2\/users\/1"}],"replies":[{"embeddable":true,"href":"https:\/\/hubertpietka.bialystok.pl\/index.php?rest_route=%2Fwp%2Fv2%2Fcomments&post=7978"}],"version-history":[{"count":1,"href":"https:\/\/hubertpietka.bialystok.pl\/index.php?rest_route=\/wp\/v2\/pages\/7978\/revisions"}],"predecessor-version":[{"id":7980,"href":"https:\/\/hubertpietka.bialystok.pl\/index.php?rest_route=\/wp\/v2\/pages\/7978\/revisions\/7980"}],"wp:attachment":[{"href":"https:\/\/hubertpietka.bialystok.pl\/index.php?rest_route=%2Fwp%2Fv2%2Fmedia&parent=7978"}],"curies":[{"name":"wp","href":"https:\/\/api.w.org\/{rel}","templated":true}]}}