{"id":7985,"date":"2024-03-10T05:50:13","date_gmt":"2024-03-10T05:50:13","guid":{"rendered":"https:\/\/hubertpietka.bialystok.pl\/?page_id=7985"},"modified":"2024-03-10T05:50:13","modified_gmt":"2024-03-10T05:50:13","slug":"ocalenie-jak-tlen-potrzebne","status":"publish","type":"page","link":"https:\/\/hubertpietka.bialystok.pl\/?page_id=7985","title":{"rendered":"Ocalenie jak t(l)en \/ potrzebne"},"content":{"rendered":"\n<p><em>A kiedy trzeba czw\u00f3rkami sz\u0142y<\/em><br>R\u00f3\u017cne dzieci nienarodzone<\/p>\n\n\n\n<p>Dzi\u015b wspomnienie \u015bw. Czterdziestu m\u0119czennik\u00f3w z *<strong>Se-basty<\/strong>*<br>Dziesi\u0105tkowane r\u00f3\u017cne dzieci nienarodzone<br>A nie potrafi\u0105 powiedzie\u0107 do\u015b\u0107<br>*<strong>Se basta<\/strong>*<\/p>\n\n\n\n<p>W tym kraju mo\u017cna ju\u017c i chyba<br>Robi\u0107 wszystko wbrew konstytucji<br>Kt\u00f3ra przecie\u017c by\u0107 powinna<br>Najwy\u017cszym bezapelacyjnym aktem prawnym<br>Tak si\u0119 dzieje w pa\u0144stwie totalitarnym<br>Gdzie wszystko ma by\u0107 podporz\u0105dkowane<br>Ideologiom i r\u00f3\u017cnym agendom \u015bwiatowych lobby<\/p>\n\n\n\n<p>Wczoraj by\u0142o \u015bw. *<strong>Dominika Sav-io<\/strong>*<br>*<strong>Save &#8211; j\u0105<\/strong>* ocal<br>Wobec zajad\u0142o\u015bci tej piekielnie mocnej<br>Ocal j\u0105 nas naszych nasze<\/p>\n\n\n\n<p>I w *<strong>domu nikt<\/strong>* mi pom\u00f3c<br>I poza domem nie mo\u017ce<br>Wobec agresji misiowej<br>I r\u00f3\u017cnych im podobnych<br>Kiedy maj\u0105 nastawa\u0107 na mnie<\/p>\n\n\n\n<p>Przecie\u017c jestem a\u017c tak szalony<br>Pomi\u0119dzy aktywno\u015bciami w kt\u00f3rych nie<br>A najbardziej jestem zapewne szalony<br>Tak we \u015bnie<br>I kiedy pisz\u0119 to<br>Co nie pasuje im bardzo<\/p>\n\n\n\n<p>I rolnicy dziesi\u0105tkowani<br>Przez akty aresztowa\u0144 bezprawnych<br>I niesprawiedliwe kary<\/p>\n\n\n\n<figure class=\"wp-block-image size-full is-resized\"><a href=\"https:\/\/hubertpietka.bialystok.pl\/wp-content\/uploads\/2024\/03\/Resized_20240229_132034.jpeg\"><img loading=\"lazy\" decoding=\"async\" width=\"1008\" height=\"756\" src=\"https:\/\/hubertpietka.bialystok.pl\/wp-content\/uploads\/2024\/03\/Resized_20240229_132034.jpeg\" alt=\"\" class=\"wp-image-7986\" style=\"width:220px;height:auto\" srcset=\"https:\/\/hubertpietka.bialystok.pl\/wp-content\/uploads\/2024\/03\/Resized_20240229_132034.jpeg 1008w, https:\/\/hubertpietka.bialystok.pl\/wp-content\/uploads\/2024\/03\/Resized_20240229_132034-300x225.jpeg 300w, https:\/\/hubertpietka.bialystok.pl\/wp-content\/uploads\/2024\/03\/Resized_20240229_132034-768x576.jpeg 768w\" sizes=\"auto, (max-width: 1008px) 100vw, 1008px\" \/><\/a><\/figure>\n\n\n\n<p><em>Na zdj. Dzwony przy sanktuarium Mi\u0142osierdzia Bo\u017cego w Krakowie<br>Dzwoni\u0105 dla r\u00f3\u017cnych nienarodzonych<br>Niesprawiedliwie s\u0105dzonych<br>Prze\u015bladowanych jakkolwiek<\/em><\/p>\n\n\n\n<p><em>Dop\u00f3ki nie zechc\u0105 uciszy\u0107 dzwon\u00f3w<br>By z mi\u0142osierdzia ku sprawiedliwo\u015bci<br>Przej\u015b\u0107 dla ludzko\u015bci<br>Wtedy anio\u0142 apokaliptyczny mo\u017ce zatr\u0105bi\u0107<\/em><\/p>\n\n\n\n<p><em>Je\u015bli ludzko\u015b\u0107 odrzuci mi\u0142osierdzie<br>Zap\u0119tli si\u0119 w ideologicznych postawach<br>Ur\u0105gaj\u0105cych warto\u015bciom Bo\u017cym<\/em><\/p>\n","protected":false},"excerpt":{"rendered":"<p>A kiedy trzeba czw\u00f3rkami sz\u0142yR\u00f3\u017cne dzieci nienarodzone Dzi\u015b wspomnienie \u015bw. Czterdziestu m\u0119czennik\u00f3w z *Se-basty*Dziesi\u0105tkowane r\u00f3\u017cne dzieci nienarodzoneA nie potrafi\u0105 powiedzie\u0107 do\u015b\u0107*Se basta* W tym kraju&hellip; <\/p>\n","protected":false},"author":1,"featured_media":0,"parent":0,"menu_order":0,"comment_status":"closed","ping_status":"closed","template":"","meta":{"footnotes":""},"class_list":["post-7985","page","type-page","status-publish","hentry"],"_links":{"self":[{"href":"https:\/\/hubertpietka.bialystok.pl\/index.php?rest_route=\/wp\/v2\/pages\/7985","targetHints":{"allow":["GET"]}}],"collection":[{"href":"https:\/\/hubertpietka.bialystok.pl\/index.php?rest_route=\/wp\/v2\/pages"}],"about":[{"href":"https:\/\/hubertpietka.bialystok.pl\/index.php?rest_route=\/wp\/v2\/types\/page"}],"author":[{"embeddable":true,"href":"https:\/\/hubertpietka.bialystok.pl\/index.php?rest_route=\/wp\/v2\/users\/1"}],"replies":[{"embeddable":true,"href":"https:\/\/hubertpietka.bialystok.pl\/index.php?rest_route=%2Fwp%2Fv2%2Fcomments&post=7985"}],"version-history":[{"count":1,"href":"https:\/\/hubertpietka.bialystok.pl\/index.php?rest_route=\/wp\/v2\/pages\/7985\/revisions"}],"predecessor-version":[{"id":7987,"href":"https:\/\/hubertpietka.bialystok.pl\/index.php?rest_route=\/wp\/v2\/pages\/7985\/revisions\/7987"}],"wp:attachment":[{"href":"https:\/\/hubertpietka.bialystok.pl\/index.php?rest_route=%2Fwp%2Fv2%2Fmedia&parent=7985"}],"curies":[{"name":"wp","href":"https:\/\/api.w.org\/{rel}","templated":true}]}}