{"id":7991,"date":"2024-03-12T08:31:10","date_gmt":"2024-03-12T08:31:10","guid":{"rendered":"https:\/\/hubertpietka.bialystok.pl\/?page_id=7991"},"modified":"2024-03-12T08:31:10","modified_gmt":"2024-03-12T08:31:10","slug":"zakazy-zakazami-a-kazde-inne-zlo-tez-mozna-przy-okazji","status":"publish","type":"page","link":"https:\/\/hubertpietka.bialystok.pl\/?page_id=7991","title":{"rendered":"Zakazy zakazami \/ a ka\u017cde inne z\u0142o te\u017c mo\u017cna przy okazji"},"content":{"rendered":"\n<p>Suma z\u0142a musi si\u0119 zgadza\u0107<br>Wed\u0142ug tego co czyni\u0105<br>Jak nie po mnie w nas<br>W nasze to w naszych<br>Suma z\u0142a u nich musi<br>Si\u0119 przecie\u017c zgadza\u0107<\/p>\n\n\n\n<p>Zakaz si\u0119 przemieszczania<br>A Jezus dzisiaj<br>W Ewangelii co m\u00f3wi<br><em>We\u017a swoje nosze i chod\u017a<\/em><br>Czyli we\u017a co z sob\u0105 nosisz i id\u017a<br>A oni m\u00f3wi\u0105<br>Zakaz si\u0119 przemieszczania<br>Boga trzeba bardziej s\u0142ucha\u0107<\/p>\n\n\n\n<p>Lubi\u0105 oni r\u00f3\u017cne zakazy<br>Od tego s\u0105 przecie\u017c<br>Zakaz okre\u015blonych relacji itd<br>A mo\u017ce niech oddycha\u0107 zakarz\u0105<br>Powietrze te\u017c przecie\u017c<br>Tylko do nich nale\u017cy<\/p>\n\n\n\n<p>Dzi\u015b wspominany \u015bw. Alojzy *<strong>Or-i-one<\/strong>*<br>Czy to o mnie czy<br><em>Or<\/em> albo i o ni\u0105 te\u017c chodzi<\/p>\n\n\n\n<p>A poza tym<br>Zakazy zakazami<br>A mo\u017cna przecie\u017c<br>Na ka\u017cdym kroku<br>Te\u017c z\u0142o czyni\u0107 inne<br>Zabija\u0107 niszczy\u0107 szkodzi\u0107<br>C\u00f3\u017c tam dla nich<br>Suma z\u0142a musi si\u0119 zgadza\u0107<\/p>\n\n\n\n<figure class=\"wp-block-gallery has-nested-images columns-default is-cropped wp-block-gallery-1 is-layout-flex wp-block-gallery-is-layout-flex\">\n<figure class=\"wp-block-image size-large\"><a href=\"https:\/\/hubertpietka.bialystok.pl\/wp-content\/uploads\/2024\/03\/IMG-20240302-WA0036.jpg\"><img loading=\"lazy\" decoding=\"async\" width=\"768\" height=\"1024\" data-id=\"7992\" src=\"https:\/\/hubertpietka.bialystok.pl\/wp-content\/uploads\/2024\/03\/IMG-20240302-WA0036-768x1024.jpg\" alt=\"\" class=\"wp-image-7992\" srcset=\"https:\/\/hubertpietka.bialystok.pl\/wp-content\/uploads\/2024\/03\/IMG-20240302-WA0036-768x1024.jpg 768w, https:\/\/hubertpietka.bialystok.pl\/wp-content\/uploads\/2024\/03\/IMG-20240302-WA0036-225x300.jpg 225w, https:\/\/hubertpietka.bialystok.pl\/wp-content\/uploads\/2024\/03\/IMG-20240302-WA0036-1152x1536.jpg 1152w, https:\/\/hubertpietka.bialystok.pl\/wp-content\/uploads\/2024\/03\/IMG-20240302-WA0036.jpg 1200w\" sizes=\"auto, (max-width: 768px) 100vw, 768px\" \/><\/a><\/figure>\n<\/figure>\n\n\n\n<p><strong>Na zdj. Maryja w g\u00f3rskiej krainie<br>Posz\u0142a ona nawiedzi\u0107 \u015bw. El\u017cbiet\u0119<br>Do g\u00f3rskiej krainy<br>By j\u0105 odpowiednio wspom\u00f3c<br>Dobro uczyni\u0107<br>A oni chc\u0105 zakaza\u0107 dobra<\/strong><\/p>\n\n\n\n<p><strong>A poza tym<br>Maryja za przyczyn\u0105 Ducha \u015awi\u0119tego<br>Sta\u0142a si\u0119 brzemienn\u0105<br>Wbrew \u00f3wczesnemu prawu<br>Za to grozi\u0142o jej ukamienowanie<br>Jednak J\u00f3zef w swej sprawiedliwo\u015bci<br>I pod<br>Ducha \u015awi\u0119tego asyst\u0105<br>J\u0105 przyj\u0105\u0142 i chroni\u0142<\/strong><\/p>\n\n\n\n<p><strong>Jak\u017ce to si\u0119 sta\u0142o<br>B\u00f3g zadzia\u0142a\u0142 nie w zgodzie<br>Z tym \u00f3wczesnym prawem partykularnym<br>Trzeba bardziej s\u0142ucha\u0107 Boga<br>Ni\u017c ludzi kt\u00f3rzy swymi dzia\u0142aniami<br>Mu si\u0119 sprzeciwiaj\u0105<\/strong><\/p>\n\n\n\n<p><strong><em><a href=\"https:\/\/youtu.be\/c8qrwON1-zE?si=5Pi4YEs47BzNdh0A\">Metallica &#8211; Orion<\/a><\/em><\/strong><\/p>\n","protected":false},"excerpt":{"rendered":"<p>Suma z\u0142a musi si\u0119 zgadza\u0107Wed\u0142ug tego co czyni\u0105Jak nie po mnie w nasW nasze to w naszychSuma z\u0142a u nich musiSi\u0119 przecie\u017c zgadza\u0107 Zakaz si\u0119&hellip; <\/p>\n","protected":false},"author":1,"featured_media":0,"parent":0,"menu_order":0,"comment_status":"closed","ping_status":"closed","template":"","meta":{"footnotes":""},"class_list":["post-7991","page","type-page","status-publish","hentry"],"_links":{"self":[{"href":"https:\/\/hubertpietka.bialystok.pl\/index.php?rest_route=\/wp\/v2\/pages\/7991","targetHints":{"allow":["GET"]}}],"collection":[{"href":"https:\/\/hubertpietka.bialystok.pl\/index.php?rest_route=\/wp\/v2\/pages"}],"about":[{"href":"https:\/\/hubertpietka.bialystok.pl\/index.php?rest_route=\/wp\/v2\/types\/page"}],"author":[{"embeddable":true,"href":"https:\/\/hubertpietka.bialystok.pl\/index.php?rest_route=\/wp\/v2\/users\/1"}],"replies":[{"embeddable":true,"href":"https:\/\/hubertpietka.bialystok.pl\/index.php?rest_route=%2Fwp%2Fv2%2Fcomments&post=7991"}],"version-history":[{"count":1,"href":"https:\/\/hubertpietka.bialystok.pl\/index.php?rest_route=\/wp\/v2\/pages\/7991\/revisions"}],"predecessor-version":[{"id":7993,"href":"https:\/\/hubertpietka.bialystok.pl\/index.php?rest_route=\/wp\/v2\/pages\/7991\/revisions\/7993"}],"wp:attachment":[{"href":"https:\/\/hubertpietka.bialystok.pl\/index.php?rest_route=%2Fwp%2Fv2%2Fmedia&parent=7991"}],"curies":[{"name":"wp","href":"https:\/\/api.w.org\/{rel}","templated":true}]}}