{"id":8004,"date":"2024-03-16T09:44:30","date_gmt":"2024-03-16T09:44:30","guid":{"rendered":"https:\/\/hubertpietka.bialystok.pl\/?page_id=8004"},"modified":"2024-03-16T09:44:30","modified_gmt":"2024-03-16T09:44:30","slug":"napasc-gwalt-strzaly-znikad-niby-narzedzia-zla-pozadan-na-sprawiedliwych","status":"publish","type":"page","link":"https:\/\/hubertpietka.bialystok.pl\/?page_id=8004","title":{"rendered":"Napa\u015b\u0107 gwa\u0142t strza\u0142y znik\u0105d niby \/ narz\u0119dzia z\u0142a po\u017c\u0105da\u0144 \/\/ na sprawiedliwych"},"content":{"rendered":"\n<p>Z\u0142o jest jak z\u0142y pies<br>Gotowy rzuci\u0107 si\u0119<br>Czekaj\u0105ce tylko na moment<br>Jest jak snajper<br>By w odpowiednim momencie<br>Odda\u0107 strza\u0142 \u015bmiertelny<br>Z\u0142o jest podst\u0119pne wyczekuj\u0105ce<\/p>\n\n\n\n<p><strong><em><a href=\"https:\/\/youtu.be\/Zp1OGJdpAfs?si=tP8hoOirqSWmDolv\">Strachy na lachy &#8211; Snajper<\/a><\/em><\/strong><\/p>\n\n\n\n<p>Okryj nas naszych nasze Maryjo<br>Swym p\u0142aszczem przed jakimikolwiek napa\u015bciami<br>Gwa\u0142tami maj\u0105cymi nam by\u0107 zadanymi<br>Celownikami z\u0142u s\u0142u\u017c\u0105cymi niespodziewanymi strza\u0142ami<br>Przed tymi niby nieszcz\u0119\u015bliwymi wypadkami<br>Kt\u00f3re oni nieprzypadkowo produkowa\u0107 mog\u0105<\/p>\n\n\n\n<p>Gwa\u0142t mo\u017cna zada\u0107<br>Te\u017c przez niesprawiedliwe przyj\u015bcie wtargni\u0119cie<br>Czy zatrzymanie przez niespodziewan\u0105 napa\u015b\u0107<br>Z\u0142o lubi takie rzeczy<br>Czy przez misi\u00f3w czy przydupas\u00f3w<br>Czy w domu czy gdziekolwiek<br>A mog\u0105 te\u017c sp\u00f3\u0142kowa\u0107 razem<br>Oczywi\u015bcie odpowiednio i nowocze\u015bnie<br>Przed takimi istotnie k\u0142amliwymi napa\u015bciami<br>Bo pod pretekstem jakiejkolwiek \u015bciemy<br>Obro\u0144 nas Maryjo chro\u0144 Panie<\/p>\n\n\n\n<p class=\"has-text-align-center\"><strong><em><a href=\"https:\/\/youtu.be\/HNWC_OUG3Yc?si=_6oVDnnQtIg8aW6x\">Widz\u0119 dom &#8211; Kacper Kukiel, Olga Juraszus, Zofia Muzalewska \/ Pie\u015bniopisarze<\/a><\/em><\/strong><\/p>\n\n\n\n<figure class=\"wp-block-gallery has-nested-images columns-default is-cropped wp-block-gallery-1 is-layout-flex wp-block-gallery-is-layout-flex\">\n<figure class=\"wp-block-image size-large\"><a href=\"https:\/\/hubertpietka.bialystok.pl\/wp-content\/uploads\/2024\/03\/IMG-20240314-WA0014.jpg\"><img loading=\"lazy\" decoding=\"async\" width=\"768\" height=\"1024\" data-id=\"8005\" src=\"https:\/\/hubertpietka.bialystok.pl\/wp-content\/uploads\/2024\/03\/IMG-20240314-WA0014-768x1024.jpg\" alt=\"\" class=\"wp-image-8005\" srcset=\"https:\/\/hubertpietka.bialystok.pl\/wp-content\/uploads\/2024\/03\/IMG-20240314-WA0014-768x1024.jpg 768w, https:\/\/hubertpietka.bialystok.pl\/wp-content\/uploads\/2024\/03\/IMG-20240314-WA0014-225x300.jpg 225w, https:\/\/hubertpietka.bialystok.pl\/wp-content\/uploads\/2024\/03\/IMG-20240314-WA0014-1152x1536.jpg 1152w, https:\/\/hubertpietka.bialystok.pl\/wp-content\/uploads\/2024\/03\/IMG-20240314-WA0014.jpg 1200w\" sizes=\"auto, (max-width: 768px) 100vw, 768px\" \/><\/a><\/figure>\n<\/figure>\n\n\n\n<p><em>Na zdj. \u015aw. Micha\u0142 Archanio\u0142<br>Jest z nami w tej walce<br>I \u015bw. J\u00f3zef opiekun<br>I \u015bw. Tereska<br>Cisza tylko wtedy kiedy trzeba<br>M\u00f3dlcie si\u0119 za nami<br>Wspomagajcie<br>By\u015bmy mogli si\u0119 osta\u0107<br>Wobec przemocy bezpo\u015bredniej i po\u015bredniej<br>Niby przypadkowej z\u0142a<\/em><\/p>\n\n\n\n<p><\/p>\n","protected":false},"excerpt":{"rendered":"<p>Z\u0142o jest jak z\u0142y piesGotowy rzuci\u0107 si\u0119Czekaj\u0105ce tylko na momentJest jak snajperBy w odpowiednim momencieOdda\u0107 strza\u0142 \u015bmiertelnyZ\u0142o jest podst\u0119pne wyczekuj\u0105ce Strachy na lachy &#8211; Snajper&hellip; <\/p>\n","protected":false},"author":1,"featured_media":0,"parent":0,"menu_order":0,"comment_status":"closed","ping_status":"closed","template":"","meta":{"footnotes":""},"class_list":["post-8004","page","type-page","status-publish","hentry"],"_links":{"self":[{"href":"https:\/\/hubertpietka.bialystok.pl\/index.php?rest_route=\/wp\/v2\/pages\/8004","targetHints":{"allow":["GET"]}}],"collection":[{"href":"https:\/\/hubertpietka.bialystok.pl\/index.php?rest_route=\/wp\/v2\/pages"}],"about":[{"href":"https:\/\/hubertpietka.bialystok.pl\/index.php?rest_route=\/wp\/v2\/types\/page"}],"author":[{"embeddable":true,"href":"https:\/\/hubertpietka.bialystok.pl\/index.php?rest_route=\/wp\/v2\/users\/1"}],"replies":[{"embeddable":true,"href":"https:\/\/hubertpietka.bialystok.pl\/index.php?rest_route=%2Fwp%2Fv2%2Fcomments&post=8004"}],"version-history":[{"count":1,"href":"https:\/\/hubertpietka.bialystok.pl\/index.php?rest_route=\/wp\/v2\/pages\/8004\/revisions"}],"predecessor-version":[{"id":8006,"href":"https:\/\/hubertpietka.bialystok.pl\/index.php?rest_route=\/wp\/v2\/pages\/8004\/revisions\/8006"}],"wp:attachment":[{"href":"https:\/\/hubertpietka.bialystok.pl\/index.php?rest_route=%2Fwp%2Fv2%2Fmedia&parent=8004"}],"curies":[{"name":"wp","href":"https:\/\/api.w.org\/{rel}","templated":true}]}}