{"id":8014,"date":"2024-03-19T13:02:48","date_gmt":"2024-03-19T13:02:48","guid":{"rendered":"https:\/\/hubertpietka.bialystok.pl\/?page_id=8014"},"modified":"2024-03-19T13:02:48","modified_gmt":"2024-03-19T13:02:48","slug":"redemptoris-custos-jak-sw-jan-pawel-ii-to-powiedzial","status":"publish","type":"page","link":"https:\/\/hubertpietka.bialystok.pl\/?page_id=8014","title":{"rendered":"Redemptoris Custos \/ jak \u015bw. Jan Pawe\u0142 II to powiedzia\u0142"},"content":{"rendered":"\n<p>Herod wyda\u0142 mo\u017cna rzec rozporz\u0105dzenie<br>\u017be maj\u0105 by\u0107 zabici ch\u0142opcy<br>Ba\u0142 si\u0119 o w\u0142adz\u0119<br>Wobec Kr\u00f3la Chrystusa<br>Jednak J\u00f3zef dzi\u0119ki pouczeniu Bo\u017cemu we \u015bnie<br>Wzi\u0105\u0142 Dzieci\u0105tko w opiek\u0119<br>I uciek\u0142 z Jego matk\u0105 do Egiptu<br>Nie post\u0105pi\u0142 mo\u017cna powiedzie\u0107<br>W zgodzie z prawem pa\u0144stwowym<br>Trzeba bardziej s\u0142ucha\u0107 Boga<\/p>\n\n\n\n<p>A je\u015bli w Egipcie<br>Matka Moj\u017cesza zabi\u0142a by go<br>Zgodnie z rozporz\u0105dzeniem faraona<br>To gdzie by wtedy by\u0142<br>Nar\u00f3d izraelski<\/p>\n\n\n\n<p>I je\u015bli Trzej Kr\u00f3lowie<br>Post\u0105pili by w zgodzie<br>Z prawem Heroda<br>To zlekcewa\u017cyli by pouczenie Bo\u017ce<br>I zabiliby Dzieci\u0105tko<br>Mo\u017ce za to byliby nagrodzeni hojnie<br>Przez siepacza Heroda<\/p>\n\n\n\n<p>Prawo powinno by\u0107 sentencjonalnie pozytywne<br>Czyli zgodne z moralno\u015bci\u0105 w\u0142a\u015bciw\u0105<br>Kt\u00f3ra nie jest sprzeczna<br>Z sumieniem nigdy<br>Inaczej prawo takie zgorszeniu s\u0142u\u017cy<br>I degeneracji wynaturzeniu ludzi<\/p>\n\n\n\n<figure class=\"wp-block-gallery has-nested-images columns-default is-cropped wp-block-gallery-1 is-layout-flex wp-block-gallery-is-layout-flex\">\n<figure class=\"wp-block-image size-large\"><a href=\"https:\/\/hubertpietka.bialystok.pl\/wp-content\/uploads\/2024\/03\/IMG-20240301-WA0025.jpg\"><img loading=\"lazy\" decoding=\"async\" width=\"768\" height=\"1024\" data-id=\"8015\" src=\"https:\/\/hubertpietka.bialystok.pl\/wp-content\/uploads\/2024\/03\/IMG-20240301-WA0025-768x1024.jpg\" alt=\"\" class=\"wp-image-8015\" srcset=\"https:\/\/hubertpietka.bialystok.pl\/wp-content\/uploads\/2024\/03\/IMG-20240301-WA0025-768x1024.jpg 768w, https:\/\/hubertpietka.bialystok.pl\/wp-content\/uploads\/2024\/03\/IMG-20240301-WA0025-225x300.jpg 225w, https:\/\/hubertpietka.bialystok.pl\/wp-content\/uploads\/2024\/03\/IMG-20240301-WA0025-1152x1536.jpg 1152w, https:\/\/hubertpietka.bialystok.pl\/wp-content\/uploads\/2024\/03\/IMG-20240301-WA0025.jpg 1200w\" sizes=\"auto, (max-width: 768px) 100vw, 768px\" \/><\/a><\/figure>\n<\/figure>\n\n\n\n<p><em>Na zdj. \u015aw. J\u00f3zef opiekun Chrystusa<br>A jakby on wynaturzy\u0142 si\u0119<br>I post\u0105pi\u0142 zgodnie z Herodem<br>To co by by\u0142o<br>B\u00f3g sobie a ludzie sobie<br>Nigdy nie mo\u017cna si\u0119 zgadza\u0107<br>Na \u015bmier\u0107 niesprawiedliw\u0105<\/em><\/p>\n","protected":false},"excerpt":{"rendered":"<p>Herod wyda\u0142 mo\u017cna rzec rozporz\u0105dzenie\u017be maj\u0105 by\u0107 zabici ch\u0142opcyBa\u0142 si\u0119 o w\u0142adz\u0119Wobec Kr\u00f3la ChrystusaJednak J\u00f3zef dzi\u0119ki pouczeniu Bo\u017cemu we \u015bnieWzi\u0105\u0142 Dzieci\u0105tko w opiek\u0119I uciek\u0142 z&hellip; <\/p>\n","protected":false},"author":1,"featured_media":0,"parent":0,"menu_order":0,"comment_status":"closed","ping_status":"closed","template":"","meta":{"footnotes":""},"class_list":["post-8014","page","type-page","status-publish","hentry"],"_links":{"self":[{"href":"https:\/\/hubertpietka.bialystok.pl\/index.php?rest_route=\/wp\/v2\/pages\/8014","targetHints":{"allow":["GET"]}}],"collection":[{"href":"https:\/\/hubertpietka.bialystok.pl\/index.php?rest_route=\/wp\/v2\/pages"}],"about":[{"href":"https:\/\/hubertpietka.bialystok.pl\/index.php?rest_route=\/wp\/v2\/types\/page"}],"author":[{"embeddable":true,"href":"https:\/\/hubertpietka.bialystok.pl\/index.php?rest_route=\/wp\/v2\/users\/1"}],"replies":[{"embeddable":true,"href":"https:\/\/hubertpietka.bialystok.pl\/index.php?rest_route=%2Fwp%2Fv2%2Fcomments&post=8014"}],"version-history":[{"count":1,"href":"https:\/\/hubertpietka.bialystok.pl\/index.php?rest_route=\/wp\/v2\/pages\/8014\/revisions"}],"predecessor-version":[{"id":8016,"href":"https:\/\/hubertpietka.bialystok.pl\/index.php?rest_route=\/wp\/v2\/pages\/8014\/revisions\/8016"}],"wp:attachment":[{"href":"https:\/\/hubertpietka.bialystok.pl\/index.php?rest_route=%2Fwp%2Fv2%2Fmedia&parent=8014"}],"curies":[{"name":"wp","href":"https:\/\/api.w.org\/{rel}","templated":true}]}}