{"id":8031,"date":"2024-03-25T10:43:04","date_gmt":"2024-03-25T10:43:04","guid":{"rendered":"https:\/\/hubertpietka.bialystok.pl\/?page_id=8031"},"modified":"2024-03-25T10:43:04","modified_gmt":"2024-03-25T10:43:04","slug":"tylko-siebie-mamy-i-to-nasze-male-za-duzo-dla-nich","status":"publish","type":"page","link":"https:\/\/hubertpietka.bialystok.pl\/?page_id=8031","title":{"rendered":"Tylko siebie mamy \/ i to nasze ma\u0142e \/\/ za du\u017co dla nich"},"content":{"rendered":"\n<p>Tak naprawd\u0119 na co dzie\u0144<br>W ca\u0142ej pe\u0142ni<br>Mamy tylko siebie wzajemnie<br>We wszelkich zwyk\u0142ych zmaganiach<br>No i mamy Pana<\/p>\n\n\n\n<p>I misie chc\u0105 nas mie\u0107<br>A raczej wzi\u0105\u0107<br>I inni tacy<br>Kt\u00f3rym z nami nie po drodze chyba<br>Szuka\u0107 daleko nie trzeba<\/p>\n\n\n\n<p>\/<\/p>\n\n\n\n<p>To oni do tego doprowadzili<br>\u017be byle *<strong>g\u00f3wno &#8211; g\u00f3wniarskie<\/strong>* cho\u0107by<br>Kt\u00f3re nie ma rozumu \u0107wierci<br>Czy inny p\u00f3\u0142g\u0142\u00f3wek<br>Mog\u0105 postawi\u0107 \u017cycie tego \u015bwiata<br>Na szali<br>Bo je\u015bli cokolwieczunio jej cho\u0107by<br>To si\u0119 przekonacie<br>Mo\u017cecie nie wierzy\u0107<br>Fakty przem\u00f3wi\u0105 za siebie same<\/p>\n\n\n\n<p>Poza tym lubi\u0105 dyba\u0107<br>Tacy czy inni<br>Niby przypadkowo<br>Na zwierz\u0119ta nasze i cho\u0107by<br>Czy inne dobra te\u017c nasze<\/p>\n\n\n\n<p>Mamy tylko siebie<br>I to ma\u0142e co mamy<br>A dla nich oczywi\u015bcie<br>I to za du\u017co<br>I tych bliskich<br>Kt\u00f3rzy jeszcze nie zdradzili prawdy<br>\u0141udz\u0105 mrzonkami<br>Kiedy nie chc\u0105 zaakceptowa\u0107<br>Nawet tego ma\u0142ego co mamy<\/p>\n\n\n\n<p>Bo tak naprawd\u0119 chodzi<br>By nas zniszczy\u0107<br>Nas nasze i naszych<br>I wszystko wok\u00f3\u0142<br>Do tego zmierza szatan<br>I ci kt\u00f3rzy s\u0105 z niego<br>Przez post\u0119pki mu w\u0142a\u015bciwe<br>I s\u0142owa fa\u0142szywe<\/p>\n\n\n\n<figure class=\"wp-block-gallery has-nested-images columns-default is-cropped wp-block-gallery-1 is-layout-flex wp-block-gallery-is-layout-flex\">\n<figure class=\"wp-block-image size-large\"><a href=\"https:\/\/hubertpietka.bialystok.pl\/wp-content\/uploads\/2024\/03\/IMG-20240314-WA0014-1.jpg\"><img loading=\"lazy\" decoding=\"async\" width=\"768\" height=\"1024\" data-id=\"8032\" src=\"https:\/\/hubertpietka.bialystok.pl\/wp-content\/uploads\/2024\/03\/IMG-20240314-WA0014-1-768x1024.jpg\" alt=\"\" class=\"wp-image-8032\" srcset=\"https:\/\/hubertpietka.bialystok.pl\/wp-content\/uploads\/2024\/03\/IMG-20240314-WA0014-1-768x1024.jpg 768w, https:\/\/hubertpietka.bialystok.pl\/wp-content\/uploads\/2024\/03\/IMG-20240314-WA0014-1-225x300.jpg 225w, https:\/\/hubertpietka.bialystok.pl\/wp-content\/uploads\/2024\/03\/IMG-20240314-WA0014-1-1152x1536.jpg 1152w, https:\/\/hubertpietka.bialystok.pl\/wp-content\/uploads\/2024\/03\/IMG-20240314-WA0014-1.jpg 1200w\" sizes=\"auto, (max-width: 768px) 100vw, 768px\" \/><\/a><\/figure>\n<\/figure>\n\n\n\n<p><em>Na zdj. \u015awi\u0119ty Michale Archaniele<br>Wspomagaj nas w tej walce<br>Na \u015bmier\u0107 i \u017cycie<br>Nie tylko nasze<br>Ale i tego \u015bwiata<\/em><\/p>\n\n\n\n<p><strong><em><a href=\"https:\/\/youtu.be\/_z4LKZ4oAEw?si=LttIgQuSzWrKXFU9\">Strachy na Lachy &#8211; BTW (Mamy tylko siebie)<\/a><\/em><\/strong><\/p>\n\n\n\n<p class=\"has-text-align-center\"><strong><em><a href=\"https:\/\/youtu.be\/UTkpg8fXYzM?si=rmiRwDkVbYgA4yNS\">Partita &#8211; Mamy tylko siebie<\/a><\/em><\/strong><\/p>\n\n\n\n<p class=\"has-text-align-right\"><strong><em><a href=\"https:\/\/youtu.be\/Ov5UFmCvREY?si=iEADtqDuT2UHA4y9\">De \u0141indows &#8211; Mamy tylko siebie<\/a><\/em><\/strong><\/p>\n","protected":false},"excerpt":{"rendered":"<p>Tak naprawd\u0119 na co dzie\u0144W ca\u0142ej pe\u0142niMamy tylko siebie wzajemnieWe wszelkich zwyk\u0142ych zmaganiachNo i mamy Pana I misie chc\u0105 nas mie\u0107A raczej wzi\u0105\u0107I inni tacyKt\u00f3rym&hellip; <\/p>\n","protected":false},"author":1,"featured_media":0,"parent":0,"menu_order":0,"comment_status":"closed","ping_status":"closed","template":"","meta":{"footnotes":""},"class_list":["post-8031","page","type-page","status-publish","hentry"],"_links":{"self":[{"href":"https:\/\/hubertpietka.bialystok.pl\/index.php?rest_route=\/wp\/v2\/pages\/8031","targetHints":{"allow":["GET"]}}],"collection":[{"href":"https:\/\/hubertpietka.bialystok.pl\/index.php?rest_route=\/wp\/v2\/pages"}],"about":[{"href":"https:\/\/hubertpietka.bialystok.pl\/index.php?rest_route=\/wp\/v2\/types\/page"}],"author":[{"embeddable":true,"href":"https:\/\/hubertpietka.bialystok.pl\/index.php?rest_route=\/wp\/v2\/users\/1"}],"replies":[{"embeddable":true,"href":"https:\/\/hubertpietka.bialystok.pl\/index.php?rest_route=%2Fwp%2Fv2%2Fcomments&post=8031"}],"version-history":[{"count":1,"href":"https:\/\/hubertpietka.bialystok.pl\/index.php?rest_route=\/wp\/v2\/pages\/8031\/revisions"}],"predecessor-version":[{"id":8033,"href":"https:\/\/hubertpietka.bialystok.pl\/index.php?rest_route=\/wp\/v2\/pages\/8031\/revisions\/8033"}],"wp:attachment":[{"href":"https:\/\/hubertpietka.bialystok.pl\/index.php?rest_route=%2Fwp%2Fv2%2Fmedia&parent=8031"}],"curies":[{"name":"wp","href":"https:\/\/api.w.org\/{rel}","templated":true}]}}