{"id":8035,"date":"2024-03-26T07:30:09","date_gmt":"2024-03-26T07:30:09","guid":{"rendered":"https:\/\/hubertpietka.bialystok.pl\/?page_id=8035"},"modified":"2024-03-26T07:30:09","modified_gmt":"2024-03-26T07:30:09","slug":"szatan-i-jego-dzieci-a-on-terrorysta-i-szantazysta-najwiekszy","status":"publish","type":"page","link":"https:\/\/hubertpietka.bialystok.pl\/?page_id=8035","title":{"rendered":"Szatan i jego dzieci \/ a on terrorysta i szanta\u017cysta najwi\u0119kszy"},"content":{"rendered":"\n<p>Nie mo\u017cna poddawa\u0107 si\u0119 szatanowi<br>Nawet je\u015bli ta ma\u0142a<br>Poddana jego szanta\u017cowi<br>O \u017cycie innych<br>Sama chce w przepa\u015b\u0107 p\u00f3j\u015b\u0107<\/p>\n\n\n\n<p>Lecz je\u015bli spotka j\u0105 przepa\u015b\u0107<br>W jakikolwiek spos\u00f3b<br>To ja za ni\u0105 skocz\u0119<br>Powiedzia\u0142em i tego nie zmieni\u0119<br>I wy te\u017c p\u00f3jdziecie potem<br>W t\u0105 sam\u0105 przepa\u015b\u0107<br>Bo B\u00f3g tak powiedzia\u0142<\/p>\n\n\n\n<p>Dzi\u015b s\u0105 wspominani<br>\u015aw. *<strong>Mont-ana i Maks-yma<\/strong>*<br>Moim *<strong>szczytem jest Ana<\/strong>*<br>I to na *<strong>maksa Ina<\/strong>*<br>Albo go zdob\u0119d\u0119<br>Albo przepa\u015b\u0107 niezmierzona dla wszystkich<\/p>\n\n\n\n<p>Terrory\u015bci lubi\u0105 szanta\u017cowa\u0107<br>\u015amierci\u0105 innych<br>Niby za jaki\u015b chory okup<br>S\u0105 tak naprawd\u0119<br>S\u0142ugami szatana<br>Do \u015bmierci d\u0105\u017c\u0105 innych zdecydowanie<br>To jest ich celem<br>Bo to jest cel jego<\/p>\n\n\n\n<p>I do zniewolenia<br>Je\u015bli kto\u015b si\u0119 tej przemocy szatana opiera<br>Tak i ze mn\u0105<\/p>\n\n\n\n<figure class=\"wp-block-gallery has-nested-images columns-default is-cropped wp-block-gallery-1 is-layout-flex wp-block-gallery-is-layout-flex\">\n<figure class=\"wp-block-image size-large\"><a href=\"https:\/\/hubertpietka.bialystok.pl\/wp-content\/uploads\/2024\/03\/IMG-20240325-WA0055.jpg\"><img loading=\"lazy\" decoding=\"async\" width=\"768\" height=\"1024\" data-id=\"8036\" src=\"https:\/\/hubertpietka.bialystok.pl\/wp-content\/uploads\/2024\/03\/IMG-20240325-WA0055-768x1024.jpg\" alt=\"\" class=\"wp-image-8036\" srcset=\"https:\/\/hubertpietka.bialystok.pl\/wp-content\/uploads\/2024\/03\/IMG-20240325-WA0055-768x1024.jpg 768w, https:\/\/hubertpietka.bialystok.pl\/wp-content\/uploads\/2024\/03\/IMG-20240325-WA0055-225x300.jpg 225w, https:\/\/hubertpietka.bialystok.pl\/wp-content\/uploads\/2024\/03\/IMG-20240325-WA0055-1152x1536.jpg 1152w, https:\/\/hubertpietka.bialystok.pl\/wp-content\/uploads\/2024\/03\/IMG-20240325-WA0055.jpg 1200w\" sizes=\"auto, (max-width: 768px) 100vw, 768px\" \/><\/a><\/figure>\n<\/figure>\n\n\n\n<p><em>Na zdj. \u015aw. Faustyna i b\u0142. Micha\u0142 w *<strong>\u0141apach<\/strong>*<br>Maj\u0105 by\u0107 zawsze razem<br>A czy\u017c i nie zagro\u017cone<br>Te nasze *<strong>cztery \u0142apy<\/strong>* nieustannie<br>I wszystko co mamy bliscy<br>Szanta\u017c i terroryzm przecie\u017c zawsze<br>Id\u0105 w parze<br>To najlepsze narz\u0119dzia szatana<br>Kt\u00f3rym niestety niekt\u00f3rzy si\u0119 poddaj\u0105<\/em><\/p>\n\n\n\n<p><em>I ani mi Ani jakkolwiek<br>Powiedzia\u0142em i koniec<br>Z nami naszymi i naszym<br>I niech gwiazdy z\u0142a spadaj\u0105<\/em><\/p>\n\n\n\n<p class=\"has-text-align-center\"><strong><em><a href=\"https:\/\/youtu.be\/zQ7GN-jj71E?si=wZ2gwA2w3qtpnzDr\">Maciej Balcar &#8211; Wojna<\/a><\/em><\/strong><\/p>\n","protected":false},"excerpt":{"rendered":"<p>Nie mo\u017cna poddawa\u0107 si\u0119 szatanowiNawet je\u015bli ta ma\u0142aPoddana jego szanta\u017cowiO \u017cycie innychSama chce w przepa\u015b\u0107 p\u00f3j\u015b\u0107 Lecz je\u015bli spotka j\u0105 przepa\u015b\u0107W jakikolwiek spos\u00f3bTo ja za&hellip; <\/p>\n","protected":false},"author":1,"featured_media":0,"parent":0,"menu_order":0,"comment_status":"closed","ping_status":"closed","template":"","meta":{"footnotes":""},"class_list":["post-8035","page","type-page","status-publish","hentry"],"_links":{"self":[{"href":"https:\/\/hubertpietka.bialystok.pl\/index.php?rest_route=\/wp\/v2\/pages\/8035","targetHints":{"allow":["GET"]}}],"collection":[{"href":"https:\/\/hubertpietka.bialystok.pl\/index.php?rest_route=\/wp\/v2\/pages"}],"about":[{"href":"https:\/\/hubertpietka.bialystok.pl\/index.php?rest_route=\/wp\/v2\/types\/page"}],"author":[{"embeddable":true,"href":"https:\/\/hubertpietka.bialystok.pl\/index.php?rest_route=\/wp\/v2\/users\/1"}],"replies":[{"embeddable":true,"href":"https:\/\/hubertpietka.bialystok.pl\/index.php?rest_route=%2Fwp%2Fv2%2Fcomments&post=8035"}],"version-history":[{"count":1,"href":"https:\/\/hubertpietka.bialystok.pl\/index.php?rest_route=\/wp\/v2\/pages\/8035\/revisions"}],"predecessor-version":[{"id":8037,"href":"https:\/\/hubertpietka.bialystok.pl\/index.php?rest_route=\/wp\/v2\/pages\/8035\/revisions\/8037"}],"wp:attachment":[{"href":"https:\/\/hubertpietka.bialystok.pl\/index.php?rest_route=%2Fwp%2Fv2%2Fmedia&parent=8035"}],"curies":[{"name":"wp","href":"https:\/\/api.w.org\/{rel}","templated":true}]}}