{"id":8076,"date":"2024-04-08T06:45:22","date_gmt":"2024-04-08T06:45:22","guid":{"rendered":"https:\/\/hubertpietka.bialystok.pl\/?page_id=8076"},"modified":"2024-04-08T06:45:22","modified_gmt":"2024-04-08T06:45:22","slug":"doktor-sawi-cka-powierza-jo-lanta-ad-memoriam","status":"publish","type":"page","link":"https:\/\/hubertpietka.bialystok.pl\/?page_id=8076","title":{"rendered":"Doktor *Sawi-cka &#8211; Powierza Jo-lanta* \/ ad memoriam"},"content":{"rendered":"\n<p>Dzisiaj dosz\u0142a mnie<br>Wiadomo\u015b\u0107 smutna<br>Odesz\u0142a lekarka<br>Kt\u00f3ra by\u0142a mi<br>Jak matka<\/p>\n\n\n\n<p>B\u00f3g wybra\u0142 dla niej<br>Zmartwychwstanie<\/p>\n\n\n\n<p>Mo\u017cna si\u0119 by\u0142o<br>Jej <em><strong>powierzy\u0107<\/strong><\/em><\/p>\n\n\n\n<p>Robi\u0142a chyba<br>Co mog\u0142a wszytko<br>Dla <em>save<\/em> ratowania<br>Zdrowia \u017cycia<\/p>\n\n\n\n<p><em><strong>Jo &#8211; anty<\/strong><\/em><br>z\u0142u \u015bmierci<\/p>\n\n\n\n<p>Przyjmij Szlachetna Pani Doktor<br>To moje responsorium<\/p>\n\n\n\n<p>By uczci\u0107 Tw\u0105<br>Skromn\u0105 posta\u0107<br>Mimo kariery naukowej<br><em><strong>Powa\u017cania<\/strong><\/em> w spo\u0142eczno\u015bci ludzkiej<br>Chyba nie tylko tej lokalnej<\/p>\n\n\n\n<p>Rodzinie bliskim<br>Szczere kondolencje<br>Przyjmijcie wyrazy<br>Wsp\u00f3\u0142czucia i smutku szczerego<\/p>\n\n\n\n<p>\u017begnaj Pani Doktor<br>Do zobaczenia w niebie<\/p>\n\n\n\n<figure class=\"wp-block-gallery has-nested-images columns-default is-cropped wp-block-gallery-1 is-layout-flex wp-block-gallery-is-layout-flex\">\n<figure class=\"wp-block-image size-large\"><a href=\"https:\/\/hubertpietka.bialystok.pl\/wp-content\/uploads\/2024\/04\/IMG-20240402-WA0036.jpg\"><img loading=\"lazy\" decoding=\"async\" width=\"768\" height=\"1024\" data-id=\"8077\" src=\"https:\/\/hubertpietka.bialystok.pl\/wp-content\/uploads\/2024\/04\/IMG-20240402-WA0036-768x1024.jpg\" alt=\"\" class=\"wp-image-8077\" srcset=\"https:\/\/hubertpietka.bialystok.pl\/wp-content\/uploads\/2024\/04\/IMG-20240402-WA0036-768x1024.jpg 768w, https:\/\/hubertpietka.bialystok.pl\/wp-content\/uploads\/2024\/04\/IMG-20240402-WA0036-225x300.jpg 225w, https:\/\/hubertpietka.bialystok.pl\/wp-content\/uploads\/2024\/04\/IMG-20240402-WA0036-1152x1536.jpg 1152w, https:\/\/hubertpietka.bialystok.pl\/wp-content\/uploads\/2024\/04\/IMG-20240402-WA0036.jpg 1200w\" sizes=\"auto, (max-width: 768px) 100vw, 768px\" \/><\/a><\/figure>\n<\/figure>\n","protected":false},"excerpt":{"rendered":"<p>Dzisiaj dosz\u0142a mnieWiadomo\u015b\u0107 smutnaOdesz\u0142a lekarkaKt\u00f3ra by\u0142a miJak matka B\u00f3g wybra\u0142 dla niejZmartwychwstanie Mo\u017cna si\u0119 by\u0142oJej powierzy\u0107 Robi\u0142a chybaCo mog\u0142a wszytkoDla save ratowaniaZdrowia \u017cycia Jo &#8211;&hellip; <\/p>\n","protected":false},"author":1,"featured_media":0,"parent":0,"menu_order":0,"comment_status":"closed","ping_status":"closed","template":"","meta":{"footnotes":""},"class_list":["post-8076","page","type-page","status-publish","hentry"],"_links":{"self":[{"href":"https:\/\/hubertpietka.bialystok.pl\/index.php?rest_route=\/wp\/v2\/pages\/8076","targetHints":{"allow":["GET"]}}],"collection":[{"href":"https:\/\/hubertpietka.bialystok.pl\/index.php?rest_route=\/wp\/v2\/pages"}],"about":[{"href":"https:\/\/hubertpietka.bialystok.pl\/index.php?rest_route=\/wp\/v2\/types\/page"}],"author":[{"embeddable":true,"href":"https:\/\/hubertpietka.bialystok.pl\/index.php?rest_route=\/wp\/v2\/users\/1"}],"replies":[{"embeddable":true,"href":"https:\/\/hubertpietka.bialystok.pl\/index.php?rest_route=%2Fwp%2Fv2%2Fcomments&post=8076"}],"version-history":[{"count":1,"href":"https:\/\/hubertpietka.bialystok.pl\/index.php?rest_route=\/wp\/v2\/pages\/8076\/revisions"}],"predecessor-version":[{"id":8078,"href":"https:\/\/hubertpietka.bialystok.pl\/index.php?rest_route=\/wp\/v2\/pages\/8076\/revisions\/8078"}],"wp:attachment":[{"href":"https:\/\/hubertpietka.bialystok.pl\/index.php?rest_route=%2Fwp%2Fv2%2Fmedia&parent=8076"}],"curies":[{"name":"wp","href":"https:\/\/api.w.org\/{rel}","templated":true}]}}