{"id":808,"date":"2017-10-16T13:15:37","date_gmt":"2017-10-16T13:15:37","guid":{"rendered":"http:\/\/hubertpietka.bialystok.pl\/?page_id=808"},"modified":"2017-10-16T21:38:52","modified_gmt":"2017-10-16T21:38:52","slug":"ciekawe","status":"publish","type":"page","link":"https:\/\/hubertpietka.bialystok.pl\/?page_id=808","title":{"rendered":"Ciekawe"},"content":{"rendered":"<p><strong>Ciekawe<\/strong><\/p>\n<p>&nbsp;<\/p>\n<p>ciekawe<\/p>\n<p>co s\u0142ycha\u0107 u mojej \u017cony<\/p>\n<p>najpi\u0119kniejszej najukocha\u0144szej<\/p>\n<p>ona ze mn\u0105 trwa wiernie<\/p>\n<p>w tej walce<\/p>\n<p>na pewno wygra<\/p>\n<p>i odziedziczy wieniec<\/p>\n<p>\u017cycia na ko\u0144cu<\/p>\n<p>&nbsp;<\/p>\n<p>ciekawe<\/p>\n<p>co s\u0142ycha\u0107 u naszych mam<\/p>\n<p>u rodziny u ojca i rodze\u0144stwa<\/p>\n<p>trudny stan<\/p>\n<p>wsp\u00f3lnoty i rodzicielstwa<\/p>\n<p>jak si\u0119 czuj\u0105 oni<\/p>\n<p>czy wszyscy zdrowi<\/p>\n<p>ju\u017c s\u0105 gotowi<\/p>\n<p>do wsp\u00f3lnej drogi<\/p>\n<p>&nbsp;<\/p>\n<p>ciekawe<\/p>\n<p>co s\u0142ycha\u0107 u moich<\/p>\n<p>wsp\u00f3\u0142pracownik\u00f3w<\/p>\n<p>ci\u0105gle w ruchu<\/p>\n<p>jak si\u0119 czuj\u0105<\/p>\n<p>czy wytrwaj\u0105<\/p>\n<p>przy mocniejszym podmuchu<\/p>\n<p>tak przetrzymaj\u0105<\/p>\n<p>ju\u017c z nami zostan\u0105<\/p>\n<p>&nbsp;<\/p>\n<p>ciekawe<\/p>\n<p>co s\u0142ycha\u0107 u moich koleg\u00f3w<\/p>\n<p>pi\u0142karzy<\/p>\n<p>jest im z pi\u0142k\u0105 do twarzy<\/p>\n<p>niech si\u0119 spokojnie czuj\u0105<\/p>\n<p>anulowany zosta\u0142 samob\u00f3j<\/p>\n<p>bo we wsp\u00f3lnocie si\u0142a<\/p>\n<p>razem si\u0119 wygrywa<\/p>\n<p>&nbsp;<\/p>\n<p>ciekawe co s\u0142ycha\u0107<\/p>\n<p>u moich koleg\u00f3w muzyk\u00f3w<\/p>\n<p>co teraz graj\u0105<\/p>\n<p>i wed\u0142ug jakiej gamy<\/p>\n<p>to nie wa\u017cne<\/p>\n<p>bo z nami zawsze s\u0105<\/p>\n<p>mi\u0142o\u015b\u0107 wsp\u00f3\u0142tworz\u0105c<\/p>\n<p>&nbsp;<\/p>\n<p>ciekawe co s\u0142ycha\u0107<\/p>\n<p>u moich przyjaci\u00f3\u0142<\/p>\n<p>znajomych ka\u017cdej mojej<\/p>\n<p>\u017cycia zony<\/p>\n<p>co opowiadaj\u0105<\/p>\n<p>czym si\u0119 karmi\u0105<\/p>\n<p>oni wytrwaj\u0105<\/p>\n<p>z nami wygraj\u0105 walk\u0119<\/p>\n<p>&nbsp;<\/p>\n<p>ciekawe co s\u0142ycha\u0107<\/p>\n<p>u wierz\u0105cych w\u0105tpi\u0105cych<\/p>\n<p>i potrzebuj\u0105cych<\/p>\n<p>ju\u017c si\u0119 dogaduj\u0105<\/p>\n<p>co do mi\u0142o\u015bci<\/p>\n<p>wsp\u00f3\u0142czuj\u0105cej<\/p>\n<p>na pewno na koniec<\/p>\n<p>razem wsp\u00f3\u0142utworz\u0105<\/p>\n<p>now\u0105 \u017cycia \u015bcie\u017ck\u0119<\/p>\n<p>Bo\u017c\u0105<\/p>\n<p>&nbsp;<\/p>\n<p>a jak koledzy literaci<\/p>\n<p>czy wsp\u00f3lnie napiszemy<\/p>\n<p>literatur\u0119 now\u0105<\/p>\n<p>otwart\u0105 cz\u0142owiekowi<\/p>\n<p>a \u015bwiat na za ni\u0105 zap\u0142aci<\/p>\n<p>prawd\u0105 i sprawiedliwo\u015bci\u0105<\/p>\n<p>w\u015br\u00f3d braci<\/p>\n<p>&nbsp;<\/p>\n<p>czy jeste\u015bcie ciekawi<\/p>\n<p>co u mnie s\u0142ycha\u0107<\/p>\n<p>jeszcze<\/p>\n<p>nie mog\u0119 nape\u0142ni\u0107 kielicha<\/p>\n<p>i toast za was wypi\u0107<\/p>\n<p>ale pozdrawiam was wszystkich<\/p>\n<p>to jest nasz czas<\/p>\n<p>to czas nowych nas<\/p>\n<p>&nbsp;<\/p>\n<p>i dzi\u0119kuj\u0119 wszystkim<\/p>\n<p>kt\u00f3rzy z nami<\/p>\n<p>w dru\u017cynie s\u0142o\u0144ca<\/p>\n<p>gracie o \u015bwiat<\/p>\n<p>bez granic<\/p>\n<p>warto\u015bci nieustannie<\/p>\n<p>otwartych na drog\u0119<\/p>\n<p>wsp\u00f3lnych dobrych d\u0105\u017ce\u0144<\/p>\n<p>&nbsp;<\/p>\n<p>ciekawe co<\/p>\n<p>w imperium z\u0142a s\u0142ycha\u0107<\/p>\n<p>tego nie pozdrowi\u0119<\/p>\n<p>jak si\u0119 czuje<\/p>\n<p>gdy nico\u015b\u0107 rozdmuchuje<\/p>\n<p>rachunek wystawi\u0105 mu<\/p>\n<p>stosownie do jego gry<\/p>\n<p>tego nie pozdrawiam<\/p>\n<p>niech gwiazda jego upada<\/p>\n","protected":false},"excerpt":{"rendered":"<p>Ciekawe &nbsp; ciekawe co s\u0142ycha\u0107 u mojej \u017cony najpi\u0119kniejszej najukocha\u0144szej ona ze mn\u0105 trwa wiernie w tej walce na pewno wygra i odziedziczy wieniec \u017cycia&hellip; <\/p>\n","protected":false},"author":1,"featured_media":0,"parent":0,"menu_order":0,"comment_status":"closed","ping_status":"closed","template":"","meta":{"footnotes":""},"class_list":["post-808","page","type-page","status-publish","hentry"],"_links":{"self":[{"href":"https:\/\/hubertpietka.bialystok.pl\/index.php?rest_route=\/wp\/v2\/pages\/808","targetHints":{"allow":["GET"]}}],"collection":[{"href":"https:\/\/hubertpietka.bialystok.pl\/index.php?rest_route=\/wp\/v2\/pages"}],"about":[{"href":"https:\/\/hubertpietka.bialystok.pl\/index.php?rest_route=\/wp\/v2\/types\/page"}],"author":[{"embeddable":true,"href":"https:\/\/hubertpietka.bialystok.pl\/index.php?rest_route=\/wp\/v2\/users\/1"}],"replies":[{"embeddable":true,"href":"https:\/\/hubertpietka.bialystok.pl\/index.php?rest_route=%2Fwp%2Fv2%2Fcomments&post=808"}],"version-history":[{"count":5,"href":"https:\/\/hubertpietka.bialystok.pl\/index.php?rest_route=\/wp\/v2\/pages\/808\/revisions"}],"predecessor-version":[{"id":814,"href":"https:\/\/hubertpietka.bialystok.pl\/index.php?rest_route=\/wp\/v2\/pages\/808\/revisions\/814"}],"wp:attachment":[{"href":"https:\/\/hubertpietka.bialystok.pl\/index.php?rest_route=%2Fwp%2Fv2%2Fmedia&parent=808"}],"curies":[{"name":"wp","href":"https:\/\/api.w.org\/{rel}","templated":true}]}}