{"id":8081,"date":"2024-04-09T07:10:43","date_gmt":"2024-04-09T07:10:43","guid":{"rendered":"https:\/\/hubertpietka.bialystok.pl\/?page_id=8081"},"modified":"2024-04-09T07:10:43","modified_gmt":"2024-04-09T07:10:43","slug":"modlitwa-dziecka-bozego-o-przed-zlem-ochrone","status":"publish","type":"page","link":"https:\/\/hubertpietka.bialystok.pl\/?page_id=8081","title":{"rendered":"Modlitwa dziecka Bo\u017cego \/ o przed z\u0142em ochron\u0119"},"content":{"rendered":"\n<p>Strze\u017c Panie<br>Naszych wyj\u015b\u0107 i te\u017c powrot\u00f3w<br>Spraw Panie by wyj\u015bcia<br>By\u0142y spokojne i bezpieczne<br>I powroty szcz\u0119\u015bliwe<br>Gdziekolwiek w sprawach jakichkolwiek<\/p>\n\n\n\n<p>I w domu i gdziekolwiek<br>Chro\u0144 nas Panie<br>Przed ludzi z\u0142ych napa\u015bciami<br>I z\u0142a jakimikolwiek atrybutami<\/p>\n\n\n\n<p>Strze\u017c naszego mienia<br>Zachowaj to co nam powierzy\u0142e\u015b<br>I tych kt\u00f3rych nam da\u0142e\u015b<\/p>\n\n\n\n<p>Niech moc z\u0142ego<br>Zostanie z\u0142amana<br>Nad nami<br>Amen<\/p>\n\n\n\n<figure class=\"wp-block-gallery has-nested-images columns-default is-cropped wp-block-gallery-1 is-layout-flex wp-block-gallery-is-layout-flex\">\n<figure class=\"wp-block-image size-large\"><a href=\"https:\/\/hubertpietka.bialystok.pl\/wp-content\/uploads\/2024\/04\/IMG-20240405-WA0042.jpg\"><img loading=\"lazy\" decoding=\"async\" width=\"768\" height=\"1024\" data-id=\"8082\" src=\"https:\/\/hubertpietka.bialystok.pl\/wp-content\/uploads\/2024\/04\/IMG-20240405-WA0042-768x1024.jpg\" alt=\"\" class=\"wp-image-8082\" srcset=\"https:\/\/hubertpietka.bialystok.pl\/wp-content\/uploads\/2024\/04\/IMG-20240405-WA0042-768x1024.jpg 768w, https:\/\/hubertpietka.bialystok.pl\/wp-content\/uploads\/2024\/04\/IMG-20240405-WA0042-225x300.jpg 225w, https:\/\/hubertpietka.bialystok.pl\/wp-content\/uploads\/2024\/04\/IMG-20240405-WA0042-1152x1536.jpg 1152w, https:\/\/hubertpietka.bialystok.pl\/wp-content\/uploads\/2024\/04\/IMG-20240405-WA0042.jpg 1200w\" sizes=\"auto, (max-width: 768px) 100vw, 768px\" \/><\/a><\/figure>\n<\/figure>\n\n\n\n<p>Na zdj. Maryja nad drzwiami<br>W ko\u015bciele w *<strong>Zambrowie<\/strong>*<br>Do \u017cony do bliskich<br>*<strong>B\u0105d\u017a zdrowa<\/strong>* *<strong>B\u0105d\u017acie zdrowi<\/strong>*<\/p>\n\n\n\n<p>A szczeg\u00f3\u0142owo teraz<br>I partykularnie<br>B\u0142ogos\u0142aw jej w pracy<br>Spraw by mia\u0142a j\u0105<br>Bezpieczn\u0105 i spokojn\u0105<br>Ka\u017cdego dnia<br>I by szcz\u0119\u015bliwie zawsze wraca\u0142a<\/p>\n\n\n\n<p>Niech b\u0119dzie z\u0142amana<br>Nad nami<br>Moc z\u0142a<br>Nad nami naszymi i naszym<br>Amen niech tak si\u0119 stanie<\/p>\n","protected":false},"excerpt":{"rendered":"<p>Strze\u017c PanieNaszych wyj\u015b\u0107 i te\u017c powrot\u00f3wSpraw Panie by wyj\u015bciaBy\u0142y spokojne i bezpieczneI powroty szcz\u0119\u015bliweGdziekolwiek w sprawach jakichkolwiek I w domu i gdziekolwiekChro\u0144 nas PaniePrzed ludzi&hellip; <\/p>\n","protected":false},"author":1,"featured_media":0,"parent":0,"menu_order":0,"comment_status":"closed","ping_status":"closed","template":"","meta":{"footnotes":""},"class_list":["post-8081","page","type-page","status-publish","hentry"],"_links":{"self":[{"href":"https:\/\/hubertpietka.bialystok.pl\/index.php?rest_route=\/wp\/v2\/pages\/8081","targetHints":{"allow":["GET"]}}],"collection":[{"href":"https:\/\/hubertpietka.bialystok.pl\/index.php?rest_route=\/wp\/v2\/pages"}],"about":[{"href":"https:\/\/hubertpietka.bialystok.pl\/index.php?rest_route=\/wp\/v2\/types\/page"}],"author":[{"embeddable":true,"href":"https:\/\/hubertpietka.bialystok.pl\/index.php?rest_route=\/wp\/v2\/users\/1"}],"replies":[{"embeddable":true,"href":"https:\/\/hubertpietka.bialystok.pl\/index.php?rest_route=%2Fwp%2Fv2%2Fcomments&post=8081"}],"version-history":[{"count":1,"href":"https:\/\/hubertpietka.bialystok.pl\/index.php?rest_route=\/wp\/v2\/pages\/8081\/revisions"}],"predecessor-version":[{"id":8083,"href":"https:\/\/hubertpietka.bialystok.pl\/index.php?rest_route=\/wp\/v2\/pages\/8081\/revisions\/8083"}],"wp:attachment":[{"href":"https:\/\/hubertpietka.bialystok.pl\/index.php?rest_route=%2Fwp%2Fv2%2Fmedia&parent=8081"}],"curies":[{"name":"wp","href":"https:\/\/api.w.org\/{rel}","templated":true}]}}