{"id":8092,"date":"2024-04-14T10:20:53","date_gmt":"2024-04-14T10:20:53","guid":{"rendered":"https:\/\/hubertpietka.bialystok.pl\/?page_id=8092"},"modified":"2024-04-14T10:20:53","modified_gmt":"2024-04-14T10:20:53","slug":"3-za-szatana-i-takie-tez-jego-szantaze","status":"publish","type":"page","link":"https:\/\/hubertpietka.bialystok.pl\/?page_id=8092","title":{"rendered":"3 za szatana \/ i takie te\u017c jego szanta\u017ce"},"content":{"rendered":"\n<p><strong>3 x tak<\/strong> szatana<br>On zawsze za<br>\u015amierci\u0105 zniewoleniem i zniszczeniem<\/p>\n\n\n\n<p>Zajrzyjmy do naszego ogr\u00f3dka<br>A <strong>szanta\u017c<\/strong> jego ulubiona metoda<br>Jak nie pozwolisz zabi\u0107 \u017cony<br>To ci\u0119 zniewol\u0119<br>I zniszcze te\u017c wszystko twoje<\/p>\n\n\n\n<p>B\u0119dzie wojn\u0105 szanta\u017cowa\u0142<br>\u015amierci\u0105 te\u017c tych bezbronnych<br>Zniszczeniem totalnym<br>Je\u015bli tylko si\u0119 nie wyjdzie naprzeciw<br>Po\u017c\u0105daniom szatana<\/p>\n\n\n\n<p>On zawsze b\u0119dzie<br>Za \u015bmierci\u0105 zniewoleniem zniszczeniem<br>I do tego b\u0119dzie d\u0105\u017cy\u0142<br>Nie \u0142udzcie si\u0119<br>Nawet je\u015bli spe\u0142nicie te jego<br>Po\u017c\u0105da\u0144 szanta\u017ce<br>Na tym si\u0119 nie sko\u0144czy<br>P\u00f3jdzie dalej<br>Bo on jest szatanem<br>I celem jego totalnie<br>\u015amier\u0107 zniewolenie zniszczenie<br>I tak te\u017c post\u0119puj\u0105<br>R\u00f3\u017cni s\u0142udzy jego<br>Wed\u0142ug tego<\/p>\n\n\n\n<figure class=\"wp-block-image size-large\"><a href=\"https:\/\/hubertpietka.bialystok.pl\/wp-content\/uploads\/2024\/04\/20240414_105716-scaled.jpg\"><img loading=\"lazy\" decoding=\"async\" width=\"768\" height=\"1024\" src=\"https:\/\/hubertpietka.bialystok.pl\/wp-content\/uploads\/2024\/04\/20240414_105716-768x1024.jpg\" alt=\"\" class=\"wp-image-8093\" srcset=\"https:\/\/hubertpietka.bialystok.pl\/wp-content\/uploads\/2024\/04\/20240414_105716-768x1024.jpg 768w, https:\/\/hubertpietka.bialystok.pl\/wp-content\/uploads\/2024\/04\/20240414_105716-225x300.jpg 225w, https:\/\/hubertpietka.bialystok.pl\/wp-content\/uploads\/2024\/04\/20240414_105716-1152x1536.jpg 1152w, https:\/\/hubertpietka.bialystok.pl\/wp-content\/uploads\/2024\/04\/20240414_105716-1536x2048.jpg 1536w, https:\/\/hubertpietka.bialystok.pl\/wp-content\/uploads\/2024\/04\/20240414_105716-scaled.jpg 1920w\" sizes=\"auto, (max-width: 768px) 100vw, 768px\" \/><\/a><\/figure>\n\n\n\n<p><em>Na zdj. Bia\u0142e niewinno\u015bci kwiaty<br>Kt\u00f3re on chce podepta\u0107<br>R\u00f3\u017cnymi z\u0142a po\u017c\u0105daniami<br>I cho\u0107by te\u017c pod\u0142ymi szanta\u017cami<br>I biedni s\u0142udzy jego jacykolwiek<br>Z\u0142a d\u0105\u017cenia spe\u0142niaj\u0105cy<br>Te ku \u015bmierci zniewoleniu zniszczeniu<br>To s\u0105 niezmienne szatana atrybuty<br>Nie mo\u017cna i te\u017c wsp\u00f3\u0142pracowa\u0107 z nim<br>Poddawa\u0107 si\u0119 jego szanta\u017com bezkarnie<br>W Bogu wszystko to znajdzie<br>Te\u017c odpowiedzi swoje<\/em><\/p>\n\n\n\n<p>\/<\/p>\n\n\n\n<p><strong><em><a href=\"https:\/\/youtu.be\/vTqFBuisxU0?si=RrEjqChP1ZlhaexB\">KSU &#8211; Kto ci\u0119 obroni Polsko <\/a><\/em><\/strong><\/p>\n\n\n\n<p><strong><em><a href=\"https:\/\/youtu.be\/nmqIuK-_R0k?si=hj-RGhbrI5lOWBWa\">KSU &#8211; Kiedy nar\u00f3d umiera<\/a><\/em><\/strong><\/p>\n\n\n\n<p class=\"has-text-align-right\"><strong><em><a href=\"https:\/\/youtu.be\/8U07t-VnJ9s?si=Y4lo_uZQHFSNW-XM\">Jan Pawe\u0142 II &#8211; O Ojczy\u017anie <\/a><\/em><\/strong><\/p>\n","protected":false},"excerpt":{"rendered":"<p>3 x tak szatanaOn zawsze za\u015amierci\u0105 zniewoleniem i zniszczeniem Zajrzyjmy do naszego ogr\u00f3dkaA szanta\u017c jego ulubiona metodaJak nie pozwolisz zabi\u0107 \u017conyTo ci\u0119 zniewol\u0119I zniszcze te\u017c&hellip; <\/p>\n","protected":false},"author":1,"featured_media":0,"parent":0,"menu_order":0,"comment_status":"closed","ping_status":"closed","template":"","meta":{"footnotes":""},"class_list":["post-8092","page","type-page","status-publish","hentry"],"_links":{"self":[{"href":"https:\/\/hubertpietka.bialystok.pl\/index.php?rest_route=\/wp\/v2\/pages\/8092","targetHints":{"allow":["GET"]}}],"collection":[{"href":"https:\/\/hubertpietka.bialystok.pl\/index.php?rest_route=\/wp\/v2\/pages"}],"about":[{"href":"https:\/\/hubertpietka.bialystok.pl\/index.php?rest_route=\/wp\/v2\/types\/page"}],"author":[{"embeddable":true,"href":"https:\/\/hubertpietka.bialystok.pl\/index.php?rest_route=\/wp\/v2\/users\/1"}],"replies":[{"embeddable":true,"href":"https:\/\/hubertpietka.bialystok.pl\/index.php?rest_route=%2Fwp%2Fv2%2Fcomments&post=8092"}],"version-history":[{"count":1,"href":"https:\/\/hubertpietka.bialystok.pl\/index.php?rest_route=\/wp\/v2\/pages\/8092\/revisions"}],"predecessor-version":[{"id":8094,"href":"https:\/\/hubertpietka.bialystok.pl\/index.php?rest_route=\/wp\/v2\/pages\/8092\/revisions\/8094"}],"wp:attachment":[{"href":"https:\/\/hubertpietka.bialystok.pl\/index.php?rest_route=%2Fwp%2Fv2%2Fmedia&parent=8092"}],"curies":[{"name":"wp","href":"https:\/\/api.w.org\/{rel}","templated":true}]}}