{"id":8098,"date":"2024-04-15T17:34:07","date_gmt":"2024-04-15T17:34:07","guid":{"rendered":"https:\/\/hubertpietka.bialystok.pl\/?page_id=8098"},"modified":"2024-04-15T17:34:07","modified_gmt":"2024-04-15T17:34:07","slug":"obludnicy-walcza-z-bozymi-dziecmi","status":"publish","type":"page","link":"https:\/\/hubertpietka.bialystok.pl\/?page_id=8098","title":{"rendered":"Ob\u0142udnicy walcz\u0105 \/ z Bo\u017cymi dzie\u0107mi"},"content":{"rendered":"\n<p>Ach te stworzenia ob\u0142udne<br>Kt\u00f3r\u0105 dybi\u0105 na nas naszych i nasze<br>Podobnie cho\u0107 troch\u0119 inaczej<\/p>\n\n\n\n<p>Je\u015bli nie dybi\u0105<br>To ob\u0142udne nie s\u0105<br>Ach przypadkiem wszystko<br>A mo\u017ce jednak niby przypadkiem<br>A mo\u017ce jednak niby nic<br>Z premedytacj\u0105<\/p>\n\n\n\n<p>Stworzenia ob\u0142udne szatanowi s\u0142u\u017c\u0105<br>Bo przecie\u017c nie Bogu<br>Nie walczyli by jak walcz\u0105<br>Z \u015bwiadkami Jego<\/p>\n\n\n\n<p>W jakitamkolwiek spos\u00f3b<br>I pod jakimtamkolwiek pozorem<br>Nie d\u0105\u017cyli by do cel\u00f3w<br>Z\u0142owrogich z\u0142ego<\/p>\n\n\n\n<p>Bo skoro nic<br>A jednak<br>Ku z\u0142u dla spektrum naszego<br>Udaj\u0105c co innego<br>Czy\u017c to nie ob\u0142ud\u0105<br>Si\u0119 jednak nazywa<\/p>\n\n\n\n<p>\u015amier\u0107 zniewolenie zniszczenie<br>Dla nas<br>D\u0105\u017cenia takie niezmienne<br>Przez takich czy innych<\/p>\n\n\n\n<figure class=\"wp-block-gallery has-nested-images columns-default is-cropped wp-block-gallery-1 is-layout-flex wp-block-gallery-is-layout-flex\">\n<figure class=\"wp-block-image size-large\"><a href=\"https:\/\/hubertpietka.bialystok.pl\/wp-content\/uploads\/2024\/04\/Resized_20240409_172721.jpeg\"><img loading=\"lazy\" decoding=\"async\" width=\"756\" height=\"1008\" data-id=\"8099\" src=\"https:\/\/hubertpietka.bialystok.pl\/wp-content\/uploads\/2024\/04\/Resized_20240409_172721.jpeg\" alt=\"\" class=\"wp-image-8099\" srcset=\"https:\/\/hubertpietka.bialystok.pl\/wp-content\/uploads\/2024\/04\/Resized_20240409_172721.jpeg 756w, https:\/\/hubertpietka.bialystok.pl\/wp-content\/uploads\/2024\/04\/Resized_20240409_172721-225x300.jpeg 225w\" sizes=\"auto, (max-width: 756px) 100vw, 756px\" \/><\/a><\/figure>\n<\/figure>\n\n\n\n<p><em>Na zdj. Jezus cierpi\u0105cy<br>Teraz rozumiem<br>\u017be Jezusa najwi\u0119cej kosztowa\u0142a ob\u0142uda<br>To za ni\u0105 On na krzy\u017cu<br>Cierpia\u0142 najbardziej<br>By ci kt\u00f3rzy si\u0119 temu<br>Poddaj\u0105 niestety<br>Mogli przejrze\u0107<br>Cho\u0107 tacy najcz\u0119\u015bciej<br>Maj\u0105 zabetonowane umys\u0142y i serca<\/em><\/p>\n\n\n\n<p><em>I dla nich<br>Ani miejsce nie ma znaczenie<br>Ani spos\u00f3b czy ludzie<br>Byleby tylko spe\u0142ni\u0107<br>Perfidnie swe cele ob\u0142udne<\/em><\/p>\n\n\n\n<p><em>Ach nie dybi\u0105<br>W \u017caden i spos\u00f3b<br>To ob\u0142udne nie s\u0105<br>Ale po owocach si\u0119 poznaje<br>Po tym jakie osi\u0105gaj\u0105 cele<br>I do kt\u00f3rych d\u0105\u017c\u0105 bezwzgl\u0119dnie<\/em><\/p>\n","protected":false},"excerpt":{"rendered":"<p>Ach te stworzenia ob\u0142udneKt\u00f3r\u0105 dybi\u0105 na nas naszych i naszePodobnie cho\u0107 troch\u0119 inaczej Je\u015bli nie dybi\u0105To ob\u0142udne nie s\u0105Ach przypadkiem wszystkoA mo\u017ce jednak niby przypadkiemA&hellip; <\/p>\n","protected":false},"author":1,"featured_media":0,"parent":0,"menu_order":0,"comment_status":"closed","ping_status":"closed","template":"","meta":{"footnotes":""},"class_list":["post-8098","page","type-page","status-publish","hentry"],"_links":{"self":[{"href":"https:\/\/hubertpietka.bialystok.pl\/index.php?rest_route=\/wp\/v2\/pages\/8098","targetHints":{"allow":["GET"]}}],"collection":[{"href":"https:\/\/hubertpietka.bialystok.pl\/index.php?rest_route=\/wp\/v2\/pages"}],"about":[{"href":"https:\/\/hubertpietka.bialystok.pl\/index.php?rest_route=\/wp\/v2\/types\/page"}],"author":[{"embeddable":true,"href":"https:\/\/hubertpietka.bialystok.pl\/index.php?rest_route=\/wp\/v2\/users\/1"}],"replies":[{"embeddable":true,"href":"https:\/\/hubertpietka.bialystok.pl\/index.php?rest_route=%2Fwp%2Fv2%2Fcomments&post=8098"}],"version-history":[{"count":1,"href":"https:\/\/hubertpietka.bialystok.pl\/index.php?rest_route=\/wp\/v2\/pages\/8098\/revisions"}],"predecessor-version":[{"id":8100,"href":"https:\/\/hubertpietka.bialystok.pl\/index.php?rest_route=\/wp\/v2\/pages\/8098\/revisions\/8100"}],"wp:attachment":[{"href":"https:\/\/hubertpietka.bialystok.pl\/index.php?rest_route=%2Fwp%2Fv2%2Fmedia&parent=8098"}],"curies":[{"name":"wp","href":"https:\/\/api.w.org\/{rel}","templated":true}]}}