{"id":8109,"date":"2024-04-19T19:35:12","date_gmt":"2024-04-19T19:35:12","guid":{"rendered":"https:\/\/hubertpietka.bialystok.pl\/?page_id=8109"},"modified":"2024-04-19T19:35:12","modified_gmt":"2024-04-19T19:35:12","slug":"do-mordercow-krzywdzicieli-zaplacicie-za-zbrodnie-wszystkie","status":"publish","type":"page","link":"https:\/\/hubertpietka.bialystok.pl\/?page_id=8109","title":{"rendered":"Do morderc\u00f3w krzywdzicieli \/ zap\u0142acicie \/\/ za zbrodnie wszystkie"},"content":{"rendered":"\n<p><em>Kt\u00f3ry skrzywdzi\u0142e\u015b<\/em><br>Kt\u00f3ry z\u0142o uczyni\u0142e\u015b<br>Jakiekolwiek temu jakiemu\u015b ma\u0142emu<br>Kt\u00f3ry wreszcie zabi\u0142e\u015b<br>Spotykasz si\u0119 ze \u015bcian\u0105<br>W podwojach Bo\u017cych<br>B\u0119dziesz prosi\u0142<br>Ale nikt ci\u0119 nie wys\u0142ucha<\/p>\n\n\n\n<p>Kt\u00f3ry zosta\u0142e\u015b skrzywdzony<br>Zabity zraniony<br>Wiem \u017ce to smutna pociecha mo\u017ce<br>Ale sta\u0142e\u015b si\u0119 godny cierpie\u0107<br>Dla Kr\u00f3lestwa Bo\u017cego<\/p>\n\n\n\n<p>Za dobro p\u0142ac\u0105 z\u0142em<br>Misiaki broni\u0105 tych silnych<br>By mogli spokojnie krzywdzi\u0107 niewinnych<br>Kt\u00f3ry patrzy\u0142e\u015b bezmy\u015blnie<br>Na te niesprawiedliwo\u015bci wszystkie<br>I na nie si\u0119 godzi\u0142e\u015b<br>Czy nie daj Bo\u017ce<br>Je chwali\u0142e\u015b te\u017c odpowiesz<br>Za wszystko przed Bogiem<br>Teraz to ci\u0119 nie wzrusza<br>Ale kiedy\u015b to ci\u0119 pokruszy<\/p>\n\n\n\n<p>Dope\u0142nia si\u0119 czara goryczy<br>Niewinnej krwii m\u0119czennik\u00f3w<br>Zap\u0142ac\u0105 za ka\u017cd\u0105 krople<br>I ci kt\u00f3rzy na to<br>Patrz\u0105 beznami\u0119tnie<br>Godz\u0105c si\u0119 ze zbrodniami<br>I ci kt\u00f3rzy os\u0142aniaj\u0105<br>Te z\u0142owrogie dzia\u0142ania<\/p>\n\n\n\n<figure class=\"wp-block-gallery has-nested-images columns-default is-cropped wp-block-gallery-1 is-layout-flex wp-block-gallery-is-layout-flex\">\n<figure class=\"wp-block-image size-large\"><a href=\"https:\/\/hubertpietka.bialystok.pl\/wp-content\/uploads\/2024\/04\/20240419_175924-scaled.jpg\"><img loading=\"lazy\" decoding=\"async\" width=\"1024\" height=\"768\" data-id=\"8110\" src=\"https:\/\/hubertpietka.bialystok.pl\/wp-content\/uploads\/2024\/04\/20240419_175924-1024x768.jpg\" alt=\"\" class=\"wp-image-8110\" srcset=\"https:\/\/hubertpietka.bialystok.pl\/wp-content\/uploads\/2024\/04\/20240419_175924-1024x768.jpg 1024w, https:\/\/hubertpietka.bialystok.pl\/wp-content\/uploads\/2024\/04\/20240419_175924-300x225.jpg 300w, https:\/\/hubertpietka.bialystok.pl\/wp-content\/uploads\/2024\/04\/20240419_175924-768x576.jpg 768w, https:\/\/hubertpietka.bialystok.pl\/wp-content\/uploads\/2024\/04\/20240419_175924-1536x1152.jpg 1536w, https:\/\/hubertpietka.bialystok.pl\/wp-content\/uploads\/2024\/04\/20240419_175924-2048x1536.jpg 2048w\" sizes=\"auto, (max-width: 1024px) 100vw, 1024px\" \/><\/a><\/figure>\n<\/figure>\n\n\n\n<p><em>Na zdj. Kwiatki fioletowe<br>Lubi\u0105 to oni<br>Ach na \u015bmier\u0107<br>No przecie\u017c<br>Dla nich to co tam<br>Byleby tylko spe\u0142nia\u0107<br>Swe zamys\u0142y z\u0142owrogie nienawistne<br>Zap\u0142ac\u0105 jak przed Bogiem stan\u0105<br>Za to przyjmie ich szatan<br>I nagrodzi piek\u0142em wiekuistym<br>Bo wed\u0142ug niego tak naprawd\u0119<br>To wszystko<\/em><\/p>\n\n\n\n<p class=\"has-text-align-center\"><strong><em><a href=\"https:\/\/youtu.be\/yrF_2SbyaP8?si=TXRYbkVMTIIKaE_g\">Poezja \u015bpiewana &#8211; Kt\u00f3ry, skrzywdzi\u0142e\u015b (Cz. Mi\u0142osz), A. Dennison <\/a><\/em><\/strong><\/p>\n","protected":false},"excerpt":{"rendered":"<p>Kt\u00f3ry skrzywdzi\u0142e\u015bKt\u00f3ry z\u0142o uczyni\u0142e\u015bJakiekolwiek temu jakiemu\u015b ma\u0142emuKt\u00f3ry wreszcie zabi\u0142e\u015bSpotykasz si\u0119 ze \u015bcian\u0105W podwojach Bo\u017cychB\u0119dziesz prosi\u0142Ale nikt ci\u0119 nie wys\u0142ucha Kt\u00f3ry zosta\u0142e\u015b skrzywdzonyZabity zranionyWiem \u017ce to&hellip; <\/p>\n","protected":false},"author":1,"featured_media":0,"parent":0,"menu_order":0,"comment_status":"closed","ping_status":"closed","template":"","meta":{"footnotes":""},"class_list":["post-8109","page","type-page","status-publish","hentry"],"_links":{"self":[{"href":"https:\/\/hubertpietka.bialystok.pl\/index.php?rest_route=\/wp\/v2\/pages\/8109","targetHints":{"allow":["GET"]}}],"collection":[{"href":"https:\/\/hubertpietka.bialystok.pl\/index.php?rest_route=\/wp\/v2\/pages"}],"about":[{"href":"https:\/\/hubertpietka.bialystok.pl\/index.php?rest_route=\/wp\/v2\/types\/page"}],"author":[{"embeddable":true,"href":"https:\/\/hubertpietka.bialystok.pl\/index.php?rest_route=\/wp\/v2\/users\/1"}],"replies":[{"embeddable":true,"href":"https:\/\/hubertpietka.bialystok.pl\/index.php?rest_route=%2Fwp%2Fv2%2Fcomments&post=8109"}],"version-history":[{"count":1,"href":"https:\/\/hubertpietka.bialystok.pl\/index.php?rest_route=\/wp\/v2\/pages\/8109\/revisions"}],"predecessor-version":[{"id":8111,"href":"https:\/\/hubertpietka.bialystok.pl\/index.php?rest_route=\/wp\/v2\/pages\/8109\/revisions\/8111"}],"wp:attachment":[{"href":"https:\/\/hubertpietka.bialystok.pl\/index.php?rest_route=%2Fwp%2Fv2%2Fmedia&parent=8109"}],"curies":[{"name":"wp","href":"https:\/\/api.w.org\/{rel}","templated":true}]}}