{"id":8119,"date":"2024-04-24T08:08:51","date_gmt":"2024-04-24T08:08:51","guid":{"rendered":"https:\/\/hubertpietka.bialystok.pl\/?page_id=8119"},"modified":"2024-04-24T08:08:51","modified_gmt":"2024-04-24T08:08:51","slug":"w-imie-nmp-niesiemy-zawsze-bozy-sztandar","status":"publish","type":"page","link":"https:\/\/hubertpietka.bialystok.pl\/?page_id=8119","title":{"rendered":"W imi\u0119 NMP \/ niesiemy zawsze Bo\u017cy sztandar"},"content":{"rendered":"\n<p>W imi\u0119 Maryi idziemy<br>W imi\u0119 Maryi<br>Walczymy z tym z\u0142em<br>W imi\u0119 Maryi<br>Czy tu czy tam<br>Gdziekolwiek nasze stopy postawi Pan<\/p>\n\n\n\n<p>W imi\u0119 Maryi<br>Przeciwko ka\u017cdemu terroryzmowi na niewinnych<br>W imi\u0119 Maryi<br>Z sob\u0105 na full<br>I we wszystkim<br>Co dotyczy nas naszego bliskich<\/p>\n\n\n\n<p>W imieniu Maryi<br>Bogu chwa\u0142a teraz i zawsze<br>W imieniu Maryi<br>Z bra\u0107mi i siostrami<br>We wszelkich Bo\u017cych sprawach<br>W imieniu Maryi to wszystko<br>I pod jej sztandarem<\/p>\n\n\n\n<figure class=\"wp-block-gallery has-nested-images columns-default is-cropped wp-block-gallery-1 is-layout-flex wp-block-gallery-is-layout-flex\">\n<figure class=\"wp-block-image size-large\"><a href=\"https:\/\/hubertpietka.bialystok.pl\/wp-content\/uploads\/2024\/04\/IMG-20240420-WA0011.jpg\"><img loading=\"lazy\" decoding=\"async\" width=\"768\" height=\"1024\" data-id=\"8120\" src=\"https:\/\/hubertpietka.bialystok.pl\/wp-content\/uploads\/2024\/04\/IMG-20240420-WA0011-768x1024.jpg\" alt=\"\" class=\"wp-image-8120\" srcset=\"https:\/\/hubertpietka.bialystok.pl\/wp-content\/uploads\/2024\/04\/IMG-20240420-WA0011-768x1024.jpg 768w, https:\/\/hubertpietka.bialystok.pl\/wp-content\/uploads\/2024\/04\/IMG-20240420-WA0011-225x300.jpg 225w, https:\/\/hubertpietka.bialystok.pl\/wp-content\/uploads\/2024\/04\/IMG-20240420-WA0011-1152x1536.jpg 1152w, https:\/\/hubertpietka.bialystok.pl\/wp-content\/uploads\/2024\/04\/IMG-20240420-WA0011.jpg 1200w\" sizes=\"auto, (max-width: 768px) 100vw, 768px\" \/><\/a><\/figure>\n<\/figure>\n\n\n\n<p>Na zdj. Byleby by\u0107 tylko zawsze<br><em>Prawdziwym Izraelit\u0105 w kt\u00f3rym<br>Nie ma podst\u0119p\u00f3w z\u0142a<\/em><br>W Maryi czysto\u015b\u0107 potwierdza\u0107 zawsze<br>Intencji i serca<br>Wbrew wszelkiej tej pod\u0142o\u015bci z\u0142owr\u00f3\u017cbnej<br>Wbrew ob\u0142udzie niezmiernej i perfidii<br>Potwierdza\u0107 jasno\u015b\u0107 niewinn\u0105<br>Kt\u00f3rej najczystszym wyrazem<br>NMP zawsze<\/p>\n\n\n\n<p class=\"has-text-align-right\"><strong><em><a href=\"https:\/\/youtu.be\/cUfEjDTLWkU?si=mLhR0pBgHPAavcWg\">Agnieszka Drewnicka ft. ks. Dominik Chmielewski &#8211; Maryja <\/a><\/em><\/strong><\/p>\n","protected":false},"excerpt":{"rendered":"<p>W imi\u0119 Maryi idziemyW imi\u0119 MaryiWalczymy z tym z\u0142emW imi\u0119 MaryiCzy tu czy tamGdziekolwiek nasze stopy postawi Pan W imi\u0119 MaryiPrzeciwko ka\u017cdemu terroryzmowi na niewinnychW&hellip; <\/p>\n","protected":false},"author":1,"featured_media":0,"parent":0,"menu_order":0,"comment_status":"closed","ping_status":"closed","template":"","meta":{"footnotes":""},"class_list":["post-8119","page","type-page","status-publish","hentry"],"_links":{"self":[{"href":"https:\/\/hubertpietka.bialystok.pl\/index.php?rest_route=\/wp\/v2\/pages\/8119","targetHints":{"allow":["GET"]}}],"collection":[{"href":"https:\/\/hubertpietka.bialystok.pl\/index.php?rest_route=\/wp\/v2\/pages"}],"about":[{"href":"https:\/\/hubertpietka.bialystok.pl\/index.php?rest_route=\/wp\/v2\/types\/page"}],"author":[{"embeddable":true,"href":"https:\/\/hubertpietka.bialystok.pl\/index.php?rest_route=\/wp\/v2\/users\/1"}],"replies":[{"embeddable":true,"href":"https:\/\/hubertpietka.bialystok.pl\/index.php?rest_route=%2Fwp%2Fv2%2Fcomments&post=8119"}],"version-history":[{"count":1,"href":"https:\/\/hubertpietka.bialystok.pl\/index.php?rest_route=\/wp\/v2\/pages\/8119\/revisions"}],"predecessor-version":[{"id":8121,"href":"https:\/\/hubertpietka.bialystok.pl\/index.php?rest_route=\/wp\/v2\/pages\/8119\/revisions\/8121"}],"wp:attachment":[{"href":"https:\/\/hubertpietka.bialystok.pl\/index.php?rest_route=%2Fwp%2Fv2%2Fmedia&parent=8119"}],"curies":[{"name":"wp","href":"https:\/\/api.w.org\/{rel}","templated":true}]}}