{"id":8133,"date":"2024-05-01T19:34:12","date_gmt":"2024-05-01T19:34:12","guid":{"rendered":"https:\/\/hubertpietka.bialystok.pl\/?page_id=8133"},"modified":"2024-05-01T19:34:12","modified_gmt":"2024-05-01T19:34:12","slug":"jozio-amator-pracownik-na-kazdej-niwie-bozej","status":"publish","type":"page","link":"https:\/\/hubertpietka.bialystok.pl\/?page_id=8133","title":{"rendered":"J\u00f3zio amator pracownik \/ na ka\u017cdej niwie Bo\u017cej"},"content":{"rendered":"\n<p>1.<br>A prawda jest taka<br>\u017be w tej ich ca\u0142ej<br>Po\u017cal si\u0119 Bo\u017ce<br>Wy\u015bcig\u00f3w parodii<br>Wszystko ma im s\u0142u\u017cy\u0107<br>A spr\u00f3bowa\u0142o by nie<br>Wszystko ma im sprzyja\u0107<br>Ca\u0142y ruch i infrastruktura drogowa<br>Byleby tylko mogli oni spe\u0142nia\u0107<br>Swe z\u0142a zap\u0119dy r\u00f3\u017cne<br>Niby z usprawuedliwieniem<br>Bo przecie\u017c przegra\u0142<br>Ale sumienia czystego<br>To oni raczej&nbsp; zwa\u017cywszy<br>Cho\u0107by na powy\u017csze nie maj\u0105<br>A cele tych ich dzia\u0142a\u0144<br>Wszelkie z\u0142o nios\u0105 te\u017c zdecydowanie<\/p>\n\n\n\n<p>Pomijam ju\u017c to nawet<br>\u017be sprawiedliwo\u015b\u0107 sportowa<br>Na r\u00f3wnych zasadach powinna si\u0119<br>Chyba jednak opiera\u0107<br>A nie na tych ich naci\u0105ganiach wszelkich<br>Byleby tylko mogli spe\u0142nia\u0107 z\u0142a r\u00f3\u017cne zap\u0119dy<br>A misie to oczywi\u015bcie<br>Tylko na mnie<br>Kiedy trzeba<br>Parodia wstr\u0119tna<br>Tak\u017ce ze wzgl\u0119du na to<br>Co chc\u0105 osi\u0105ga\u0107 przez ni\u0105<\/p>\n\n\n\n<p>2.<br>I r\u00f3\u017cne w\u015bciek\u0142e psy<br>Na nas nasze naszych<br>I w przeno\u015bni i dos\u0142ownie<br>I w tym priorytecie misiowym<br>Jedynie s\u0142usznym przecie\u017c<br>W\u015bciek\u0142e psy gotowe rzuci\u0107 si\u0119<br>By poszarpa\u0107 ciebie twoich twoje<br>Zreszt\u0105 gdziekolwiek i jakkolwiek<br>Psy w\u015bciek\u0142e trojakie r\u00f3\u017cnorakie<br>Realne prawdziwe<br>Te przez nich uprawomocnione w\u0142adz\u0105<br>I zmanipulowane sieczk\u0105 k\u0142amliw\u0105<br>Gotowe spe\u0142nia\u0107 po\u017c\u0105dania diab\u0142a<br>S\u0142u\u017c\u0105cy w istocie jemu bezpo\u015brednio<\/p>\n\n\n\n<p>A poza tym<br>Injektorzy niekt\u00f3rzy<br>Bies czadzi nie tylko k\u0142amstwami<br>I nie tylko tutaj<br>Tak\u017ce \u015bmier\u0107 od razu<br>A i gwa\u0142t zniewolenie porwanie<br>Zniszczenie dope\u0142nia to pi\u0119kne spectrum<br>I zapewne to nie wszystko<br>Du\u017co tego maj\u0105 zapewne<br>W zasobie z\u0142a przebogatym<br>Dla nas naszego naszych<br>Zawsze co\u015b si\u0119<br>Z tej bazy z\u0142a znajdzie<\/p>\n\n\n\n<p>Tacy zapracowani s\u0105 przecie\u017c<br>A dzi\u015b \u015bw. J\u00f3zefa Robotnika<br>Cho\u0107 oni zapracowani odwrotnie jednak<br>Tak oni niestety zapracowani<br>Na niwie diabelskiej<br>Bo z\u0142o jest owocem dzia\u0142a\u0144<br>W\u0142a\u015bnie wed\u0142ug niego<\/p>\n\n\n\n<figure class=\"wp-block-gallery has-nested-images columns-default is-cropped wp-block-gallery-1 is-layout-flex wp-block-gallery-is-layout-flex\">\n<figure class=\"wp-block-image size-large\"><a href=\"https:\/\/hubertpietka.bialystok.pl\/wp-content\/uploads\/2024\/05\/IMG-20240418-WA0011.jpg\"><img loading=\"lazy\" decoding=\"async\" width=\"768\" height=\"1024\" data-id=\"8134\" src=\"https:\/\/hubertpietka.bialystok.pl\/wp-content\/uploads\/2024\/05\/IMG-20240418-WA0011-768x1024.jpg\" alt=\"\" class=\"wp-image-8134\" srcset=\"https:\/\/hubertpietka.bialystok.pl\/wp-content\/uploads\/2024\/05\/IMG-20240418-WA0011-768x1024.jpg 768w, https:\/\/hubertpietka.bialystok.pl\/wp-content\/uploads\/2024\/05\/IMG-20240418-WA0011-225x300.jpg 225w, https:\/\/hubertpietka.bialystok.pl\/wp-content\/uploads\/2024\/05\/IMG-20240418-WA0011-1152x1536.jpg 1152w, https:\/\/hubertpietka.bialystok.pl\/wp-content\/uploads\/2024\/05\/IMG-20240418-WA0011.jpg 1200w\" sizes=\"auto, (max-width: 768px) 100vw, 768px\" \/><\/a><\/figure>\n<\/figure>\n\n\n\n<p>3.<br>I najlepiej<br><em>Huzia na J\u00f3zia<\/em><br>Jak nie ubecja ta perfidnie<br>To inne bohaterstwo<br>Te\u017c si\u0119 znajdzie pewnie<br>Na bandyt\u0119 ma zadatki ka\u017cdy<br>Kto tylko b\u0119dzie ich s\u0142ucha\u0142<br>I z s\u0105siedztwa i ktokolwiek<br>Kogo zmanipulowali sw\u0105 ob\u0142ud\u0105<\/p>\n\n\n\n<p><em>Huzia na J\u00f3zia<\/em><br>Dzi\u015b wspominany te\u017c \u015bw *<strong>A-ma-tor<\/strong>*<br>*<strong>A mam tory<\/strong>* swoje<br>Co oni nie wiedz\u0105<br>Niech nie udaj\u0105 podle<br>\u017be wszystko przypadkowo<\/p>\n\n\n\n<p class=\"has-text-align-right\"><strong><em><a href=\"https:\/\/youtu.be\/CzaGFP2UMEw?si=oXEhk7VKiIOynlVx\">Szcz\u0119\u015bliwy kto sobie patrona<\/a><\/em><\/strong><\/p>\n","protected":false},"excerpt":{"rendered":"<p>1.A prawda jest taka\u017be w tej ich ca\u0142ejPo\u017cal si\u0119 Bo\u017ceWy\u015bcig\u00f3w parodiiWszystko ma im s\u0142u\u017cy\u0107A spr\u00f3bowa\u0142o by nieWszystko ma im sprzyja\u0107Ca\u0142y ruch i infrastruktura drogowaByleby tylko&hellip; <\/p>\n","protected":false},"author":1,"featured_media":0,"parent":0,"menu_order":0,"comment_status":"closed","ping_status":"closed","template":"","meta":{"footnotes":""},"class_list":["post-8133","page","type-page","status-publish","hentry"],"_links":{"self":[{"href":"https:\/\/hubertpietka.bialystok.pl\/index.php?rest_route=\/wp\/v2\/pages\/8133","targetHints":{"allow":["GET"]}}],"collection":[{"href":"https:\/\/hubertpietka.bialystok.pl\/index.php?rest_route=\/wp\/v2\/pages"}],"about":[{"href":"https:\/\/hubertpietka.bialystok.pl\/index.php?rest_route=\/wp\/v2\/types\/page"}],"author":[{"embeddable":true,"href":"https:\/\/hubertpietka.bialystok.pl\/index.php?rest_route=\/wp\/v2\/users\/1"}],"replies":[{"embeddable":true,"href":"https:\/\/hubertpietka.bialystok.pl\/index.php?rest_route=%2Fwp%2Fv2%2Fcomments&post=8133"}],"version-history":[{"count":1,"href":"https:\/\/hubertpietka.bialystok.pl\/index.php?rest_route=\/wp\/v2\/pages\/8133\/revisions"}],"predecessor-version":[{"id":8135,"href":"https:\/\/hubertpietka.bialystok.pl\/index.php?rest_route=\/wp\/v2\/pages\/8133\/revisions\/8135"}],"wp:attachment":[{"href":"https:\/\/hubertpietka.bialystok.pl\/index.php?rest_route=%2Fwp%2Fv2%2Fmedia&parent=8133"}],"curies":[{"name":"wp","href":"https:\/\/api.w.org\/{rel}","templated":true}]}}