{"id":8138,"date":"2024-05-05T08:02:05","date_gmt":"2024-05-05T08:02:05","guid":{"rendered":"https:\/\/hubertpietka.bialystok.pl\/?page_id=8138"},"modified":"2024-05-05T21:11:38","modified_gmt":"2024-05-05T21:11:38","slug":"zla-hegemonia-a-przed-nim-heroiczna-tak-naprawde-obrona","status":"publish","type":"page","link":"https:\/\/hubertpietka.bialystok.pl\/?page_id=8138","title":{"rendered":"Z\u0142a hegemonia \/ a przed nim &#8211; heroiczna tak naprawd\u0119 obrona"},"content":{"rendered":"\n<p><em>Byleby tylko obroni\u0107<br>Wszelkie dobra stanice<br>Nas naszego i naszych<br>I tego wszystkiego wok\u00f3\u0142<br>Co te\u017c jest wa\u017cne<\/em><\/p>\n\n\n\n<p>Oni nieustannie chc\u0105 z\u0142o czyni\u0107<br>Wobec nas naszego i naszych<\/p>\n\n\n\n<p>My by\u015bmy chcieli \u017cy\u0107 normalnie<br>Spokojnie i zwyczajnie<br>Ale oni nam na to nie pozwalaj\u0105<br>Chcieliby\u015bmy \u017cy\u0107 swobodnie<\/p>\n\n\n\n<p>A musimy walczy\u0107 ci\u0105gle<br>I je\u015bli pojawiaj\u0105 si\u0119 i patologie jakie\u015b<br>W \u017cyciu naszych naszym<br>To oni to powoduj\u0105<br>Bez nich by tego nie by\u0142o na pewno<\/p>\n\n\n\n<p>Bo oni nieustannie<br>Chc\u0105 wytwarza\u0107 z\u0142o wobec nas<br>Naszego i naszych<br>A my si\u0119 tylko bronimy<br>Przed tyrani\u0105 z\u0142a<br>I tym wszystkim co chc\u0105<br>Serwowa\u0107 nam naszemu naszym<\/p>\n\n\n\n<p>\u015amier\u0107 zniewolenie zniszczenie siej\u0105 ci\u0105gle<br>Jak wobec tego<br>Ma si\u0119 by\u0107 zwyczajnie spokojnym<\/p>\n\n\n\n<figure class=\"wp-block-gallery has-nested-images columns-default is-cropped wp-block-gallery-1 is-layout-flex wp-block-gallery-is-layout-flex\">\n<figure class=\"wp-block-image size-large\"><a href=\"https:\/\/hubertpietka.bialystok.pl\/wp-content\/uploads\/2024\/05\/20240505_093741-scaled.jpg\"><img loading=\"lazy\" decoding=\"async\" width=\"1024\" height=\"768\" data-id=\"8139\" src=\"https:\/\/hubertpietka.bialystok.pl\/wp-content\/uploads\/2024\/05\/20240505_093741-1024x768.jpg\" alt=\"\" class=\"wp-image-8139\" srcset=\"https:\/\/hubertpietka.bialystok.pl\/wp-content\/uploads\/2024\/05\/20240505_093741-1024x768.jpg 1024w, https:\/\/hubertpietka.bialystok.pl\/wp-content\/uploads\/2024\/05\/20240505_093741-300x225.jpg 300w, https:\/\/hubertpietka.bialystok.pl\/wp-content\/uploads\/2024\/05\/20240505_093741-768x576.jpg 768w, https:\/\/hubertpietka.bialystok.pl\/wp-content\/uploads\/2024\/05\/20240505_093741-1536x1152.jpg 1536w, https:\/\/hubertpietka.bialystok.pl\/wp-content\/uploads\/2024\/05\/20240505_093741-2048x1536.jpg 2048w\" sizes=\"auto, (max-width: 1024px) 100vw, 1024px\" \/><\/a><\/figure>\n<\/figure>\n\n\n\n<p><strong>Na zdj. Drzwi do lasu<br>Ka\u017c\u0105 nam wstawia\u0107 nieustannie<br>Sp\u00f3jrzcie w prawdzie<br>A potem je wywa\u017ca\u0107<br>Tak dzia\u0142aj\u0105 \u017ce wszystko<br>Co robimy my nasi<br>Ma by\u0107 uniewa\u017cniane<br>Ka\u017cde dobro<br>Wed\u0142ug hegemonii z\u0142a<br>Kt\u00f3re chc\u0105 oni zaprowadza\u0107<br>I chyba jednak nie tylko<br>W tym co nas dotyczy<\/strong><\/p>\n\n\n\n<p><strong>Dbamy o swoje podw\u00f3rko<br>Ale wszystko co dotyczy<br>Naszych si\u00f3str i braci<br>W aspektach r\u00f3\u017cnych<br>Jest te\u017c dla nas wa\u017cne<br>A oni ka\u017c\u0105 wstawia\u0107<br>Drzwi do lasu<br>A potem je wywa\u017ca\u0107<br>Za absurdem absurd<br>Na kt\u00f3re my tylko<br>Pr\u00f3bujemy jako\u015b odpowiada\u0107<br>By nie poch\u0142on\u0119\u0142o<br>Nas naszego i naszych<br>To z\u0142o tyra\u0144skie<\/strong><\/p>\n\n\n\n<p>\/<\/p>\n\n\n\n<p class=\"has-text-align-right\"><strong><em><a href=\"https:\/\/youtu.be\/Y7GuIcI3vIU?si=CAVNDeKnFbpANaLZ\">Lady Punk &#8211; Wspinaczka \/ MTV Unplungget<\/a><\/em><\/strong><\/p>\n","protected":false},"excerpt":{"rendered":"<p>Byleby tylko obroni\u0107Wszelkie dobra staniceNas naszego i naszychI tego wszystkiego wok\u00f3\u0142Co te\u017c jest wa\u017cne Oni nieustannie chc\u0105 z\u0142o czyni\u0107Wobec nas naszego i naszych My by\u015bmy&hellip; <\/p>\n","protected":false},"author":1,"featured_media":0,"parent":0,"menu_order":0,"comment_status":"closed","ping_status":"closed","template":"","meta":{"footnotes":""},"class_list":["post-8138","page","type-page","status-publish","hentry"],"_links":{"self":[{"href":"https:\/\/hubertpietka.bialystok.pl\/index.php?rest_route=\/wp\/v2\/pages\/8138","targetHints":{"allow":["GET"]}}],"collection":[{"href":"https:\/\/hubertpietka.bialystok.pl\/index.php?rest_route=\/wp\/v2\/pages"}],"about":[{"href":"https:\/\/hubertpietka.bialystok.pl\/index.php?rest_route=\/wp\/v2\/types\/page"}],"author":[{"embeddable":true,"href":"https:\/\/hubertpietka.bialystok.pl\/index.php?rest_route=\/wp\/v2\/users\/1"}],"replies":[{"embeddable":true,"href":"https:\/\/hubertpietka.bialystok.pl\/index.php?rest_route=%2Fwp%2Fv2%2Fcomments&post=8138"}],"version-history":[{"count":3,"href":"https:\/\/hubertpietka.bialystok.pl\/index.php?rest_route=\/wp\/v2\/pages\/8138\/revisions"}],"predecessor-version":[{"id":8146,"href":"https:\/\/hubertpietka.bialystok.pl\/index.php?rest_route=\/wp\/v2\/pages\/8138\/revisions\/8146"}],"wp:attachment":[{"href":"https:\/\/hubertpietka.bialystok.pl\/index.php?rest_route=%2Fwp%2Fv2%2Fmedia&parent=8138"}],"curies":[{"name":"wp","href":"https:\/\/api.w.org\/{rel}","templated":true}]}}