{"id":815,"date":"2017-10-17T11:33:24","date_gmt":"2017-10-17T11:33:24","guid":{"rendered":"http:\/\/hubertpietka.bialystok.pl\/?page_id=815"},"modified":"2017-10-17T11:33:24","modified_gmt":"2017-10-17T11:33:24","slug":"boze-cuda","status":"publish","type":"page","link":"https:\/\/hubertpietka.bialystok.pl\/?page_id=815","title":{"rendered":"Bo\u017ce cuda"},"content":{"rendered":"<p><strong>Bo\u017ce cuda<\/strong><\/p>\n<p>&nbsp;<\/p>\n<ol>\n<li><strong>Cudem<\/strong> Twoim, Panie jest<\/li>\n<\/ol>\n<p>ka\u017cda rzecz ma\u0142a,<\/p>\n<p>kt\u00f3r\u0105 poznajemy<\/p>\n<p>w ca\u0142ej pe\u0142ni,<\/p>\n<p>do\u015bwiadczamy jej<\/p>\n<p>w oczywisto\u015bci<\/p>\n<p>i prostocie<\/p>\n<p>&#8211; w tej jasno\u015bci<\/p>\n<p>rzeczy samej w sobie.<\/p>\n<p>Za takie chwile,<\/p>\n<p><em>dzi\u0119kuj\u0119 Ci, Panie!<\/em><\/p>\n<p>&nbsp;<\/p>\n<ol start=\"2\">\n<li><strong>Cudem<\/strong> Twoim jest<\/li>\n<\/ol>\n<p>ka\u017cdy odruch serca jasny,<\/p>\n<p>ka\u017cde uczucie proste<\/p>\n<p>w zalewie z\u0142o\u017cono\u015bci spraw.<\/p>\n<p>Poznajemy<\/p>\n<p>rozumem i sercem<\/p>\n<p>&#8211; i za te chwile<\/p>\n<p>czystego poznania,<\/p>\n<p><em>dzi\u0119kujemy Ci, Panie!<\/em><\/p>\n<p>&nbsp;<\/p>\n<ol start=\"3\">\n<li><strong>Cudem<\/strong> r\u00f3wnie\u017c jest<\/li>\n<\/ol>\n<p>mi\u0142o\u015b\u0107 drugiego cz\u0142owieka<\/p>\n<p>w pe\u0142nej wolno\u015bci woli<\/p>\n<p>i swobodzie<\/p>\n<p>odniesie\u0144 dobra.<\/p>\n<p>Za ka\u017cd\u0105 tak\u0105 chwil\u0119,<\/p>\n<p>gdy otwieramy si\u0119<\/p>\n<p>na drugiego<\/p>\n<p>ca\u0142ym <em>spectrum<\/em><\/p>\n<p>naszego istnienia<\/p>\n<p><em>&#8211; dzi\u0119kuj\u0119 Ci, Panie!<\/em><\/p>\n<p>&nbsp;<\/p>\n<ol start=\"4\">\n<li><strong>Bracie!<\/strong><\/li>\n<\/ol>\n<p>Mo\u017cesz mnie kocha\u0107<\/p>\n<p>lub odrzuci\u0107.<\/p>\n<p>Zabi\u0107 lub ocali\u0107.<\/p>\n<p>W <em>dramacie spotkania<\/em><\/p>\n<p>nast\u0119puje spe\u0142nienie<\/p>\n<p>naszych przeznacze\u0144.<\/p>\n<p>Bez woli Bo\u017cej nic nie mo\u017ce by\u0107,<\/p>\n<p>nic si\u0119 nie stanie.<\/p>\n<p>&nbsp;<\/p>\n<p>&#8211; Za wszystko,<\/p>\n<p><em>dzi\u0119kuj\u0119 Ci, Panie!<\/em><\/p>\n<p>&nbsp;<\/p>\n","protected":false},"excerpt":{"rendered":"<p>Bo\u017ce cuda &nbsp; Cudem Twoim, Panie jest ka\u017cda rzecz ma\u0142a, kt\u00f3r\u0105 poznajemy w ca\u0142ej pe\u0142ni, do\u015bwiadczamy jej w oczywisto\u015bci i prostocie &#8211; w tej jasno\u015bci&hellip; <\/p>\n","protected":false},"author":1,"featured_media":0,"parent":0,"menu_order":0,"comment_status":"closed","ping_status":"closed","template":"","meta":{"footnotes":""},"class_list":["post-815","page","type-page","status-publish","hentry"],"_links":{"self":[{"href":"https:\/\/hubertpietka.bialystok.pl\/index.php?rest_route=\/wp\/v2\/pages\/815","targetHints":{"allow":["GET"]}}],"collection":[{"href":"https:\/\/hubertpietka.bialystok.pl\/index.php?rest_route=\/wp\/v2\/pages"}],"about":[{"href":"https:\/\/hubertpietka.bialystok.pl\/index.php?rest_route=\/wp\/v2\/types\/page"}],"author":[{"embeddable":true,"href":"https:\/\/hubertpietka.bialystok.pl\/index.php?rest_route=\/wp\/v2\/users\/1"}],"replies":[{"embeddable":true,"href":"https:\/\/hubertpietka.bialystok.pl\/index.php?rest_route=%2Fwp%2Fv2%2Fcomments&post=815"}],"version-history":[{"count":1,"href":"https:\/\/hubertpietka.bialystok.pl\/index.php?rest_route=\/wp\/v2\/pages\/815\/revisions"}],"predecessor-version":[{"id":816,"href":"https:\/\/hubertpietka.bialystok.pl\/index.php?rest_route=\/wp\/v2\/pages\/815\/revisions\/816"}],"wp:attachment":[{"href":"https:\/\/hubertpietka.bialystok.pl\/index.php?rest_route=%2Fwp%2Fv2%2Fmedia&parent=815"}],"curies":[{"name":"wp","href":"https:\/\/api.w.org\/{rel}","templated":true}]}}