{"id":8153,"date":"2024-05-10T08:13:33","date_gmt":"2024-05-10T08:13:33","guid":{"rendered":"https:\/\/hubertpietka.bialystok.pl\/?page_id=8153"},"modified":"2024-05-10T08:13:33","modified_gmt":"2024-05-10T08:13:33","slug":"ana-tom-ia-zla-byleby-tylko-spelniac-rozne-nieszczescia","status":"publish","type":"page","link":"https:\/\/hubertpietka.bialystok.pl\/?page_id=8153","title":{"rendered":"*Ana-tom-ia* z\u0142a \/ byleby tylko spe\u0142nia\u0107 r\u00f3\u017cne nieszcz\u0119\u015bcia"},"content":{"rendered":"\n<p>Z\u0142o jest przebieg\u0142e i pod\u0142e<br>Wszystko zrobi<br>Byleby tylko osi\u0105gn\u0105\u0107 potworne cele<\/p>\n\n\n\n<p>Z\u0142o czai si\u0119 tu\u017c tu\u017c<br>Za rogiem<br>Chce wej\u015b\u0107 do twojego domu<br>Chce zagarn\u0105\u0107 tw\u0105 prac\u0119<br>Wszelkie aktywno\u015bci dobre<br>Co twoje zniszczy\u0107<\/p>\n\n\n\n<p>\u015amier\u0107 gwa\u0142t zniewolenie porwanie<br>Niby nieszcz\u0119\u015bliwy wypadek<br>Niby jaki\u015b tam przypadek<\/p>\n\n\n\n<p>Tak w \u017con\u0119 i z jej telefonem<br>Z tymi zwierz\u0119tami<br>Z nami naszymi naszym<br>Pod jakimtamkolwiek pozorem<br>Tworz\u0105c r\u00f3\u017cne klimaty iluzoryczne<br>Z\u0142o jest przebieg\u0142e i pod\u0142e<\/p>\n\n\n\n<figure class=\"wp-block-gallery has-nested-images columns-default is-cropped wp-block-gallery-1 is-layout-flex wp-block-gallery-is-layout-flex\">\n<figure class=\"wp-block-image size-large\"><a href=\"https:\/\/hubertpietka.bialystok.pl\/wp-content\/uploads\/2024\/05\/IMG-20240502-WA0040.jpg\"><img loading=\"lazy\" decoding=\"async\" width=\"768\" height=\"1024\" data-id=\"8154\" src=\"https:\/\/hubertpietka.bialystok.pl\/wp-content\/uploads\/2024\/05\/IMG-20240502-WA0040-768x1024.jpg\" alt=\"\" class=\"wp-image-8154\" srcset=\"https:\/\/hubertpietka.bialystok.pl\/wp-content\/uploads\/2024\/05\/IMG-20240502-WA0040-768x1024.jpg 768w, https:\/\/hubertpietka.bialystok.pl\/wp-content\/uploads\/2024\/05\/IMG-20240502-WA0040-225x300.jpg 225w, https:\/\/hubertpietka.bialystok.pl\/wp-content\/uploads\/2024\/05\/IMG-20240502-WA0040-1152x1536.jpg 1152w, https:\/\/hubertpietka.bialystok.pl\/wp-content\/uploads\/2024\/05\/IMG-20240502-WA0040.jpg 1200w\" sizes=\"auto, (max-width: 768px) 100vw, 768px\" \/><\/a><\/figure>\n<\/figure>\n\n\n\n<p>Na zdj. Maryja Panienka Majowa<br>I *<strong>Supra\u015bl<\/strong>* *<strong>suprise<\/strong>*<br>Takie to niespodzianki<br>Ma z\u0142o w swojej domenie<\/p>\n\n\n\n<p class=\"has-text-align-right\"><strong><em><a href=\"https:\/\/youtu.be\/h-eJQ275550?feature=shared\">Grzegorz Markowski &#8211; Z\u0142o <\/a><\/em><\/strong><\/p>\n\n\n\n<p class=\"has-text-align-center\">\/<\/p>\n\n\n\n<p><strong><em><a href=\"https:\/\/youtu.be\/MALkSNPUrTQ?feature=shared\">Piotr Rubik &#8211; Psalm Kochania<\/a><\/em><\/strong><\/p>\n","protected":false},"excerpt":{"rendered":"<p>Z\u0142o jest przebieg\u0142e i pod\u0142eWszystko zrobiByleby tylko osi\u0105gn\u0105\u0107 potworne cele Z\u0142o czai si\u0119 tu\u017c tu\u017cZa rogiemChce wej\u015b\u0107 do twojego domuChce zagarn\u0105\u0107 tw\u0105 prac\u0119Wszelkie aktywno\u015bci dobreCo&hellip; <\/p>\n","protected":false},"author":1,"featured_media":0,"parent":0,"menu_order":0,"comment_status":"closed","ping_status":"closed","template":"","meta":{"footnotes":""},"class_list":["post-8153","page","type-page","status-publish","hentry"],"_links":{"self":[{"href":"https:\/\/hubertpietka.bialystok.pl\/index.php?rest_route=\/wp\/v2\/pages\/8153","targetHints":{"allow":["GET"]}}],"collection":[{"href":"https:\/\/hubertpietka.bialystok.pl\/index.php?rest_route=\/wp\/v2\/pages"}],"about":[{"href":"https:\/\/hubertpietka.bialystok.pl\/index.php?rest_route=\/wp\/v2\/types\/page"}],"author":[{"embeddable":true,"href":"https:\/\/hubertpietka.bialystok.pl\/index.php?rest_route=\/wp\/v2\/users\/1"}],"replies":[{"embeddable":true,"href":"https:\/\/hubertpietka.bialystok.pl\/index.php?rest_route=%2Fwp%2Fv2%2Fcomments&post=8153"}],"version-history":[{"count":1,"href":"https:\/\/hubertpietka.bialystok.pl\/index.php?rest_route=\/wp\/v2\/pages\/8153\/revisions"}],"predecessor-version":[{"id":8155,"href":"https:\/\/hubertpietka.bialystok.pl\/index.php?rest_route=\/wp\/v2\/pages\/8153\/revisions\/8155"}],"wp:attachment":[{"href":"https:\/\/hubertpietka.bialystok.pl\/index.php?rest_route=%2Fwp%2Fv2%2Fmedia&parent=8153"}],"curies":[{"name":"wp","href":"https:\/\/api.w.org\/{rel}","templated":true}]}}