{"id":8158,"date":"2024-05-11T07:38:32","date_gmt":"2024-05-11T07:38:32","guid":{"rendered":"https:\/\/hubertpietka.bialystok.pl\/?page_id=8158"},"modified":"2024-05-11T07:38:32","modified_gmt":"2024-05-11T07:38:32","slug":"bawic-sie-spokojnie-a-swiat-tych-malych-niech-sobie-plonie","status":"publish","type":"page","link":"https:\/\/hubertpietka.bialystok.pl\/?page_id=8158","title":{"rendered":"Bawi\u0107 si\u0119 spokojnie \/ a \u015bwiat tych ma\u0142ych niech sobie p\u0142onie"},"content":{"rendered":"\n<p><em>A ja tylko o ranach i bliznach<\/em><br>A ty przecie\u017c chcesz si\u0119<br>Dobrze bawi\u0107 tylko<br>Mimo wszystko<\/p>\n\n\n\n<p>Co z tego<br>\u017be niesprawiedliwo\u015b\u0107 ra\u017c\u0105ca<br>Wobec tej ma\u0142ej nas naszego i naszych<br>Byleby tylko ciebie<br>To nie dotyka\u0142o<br>Byleby\u015b tylko m\u00f3g\u0142 \u017cy\u0107 spokojnie<\/p>\n\n\n\n<p>Co z tego \u017ce trwa hucpa polityczna na wy\u017cynach<br>Taka czy inna<br>Uderzaj\u0105ca w najmniejszych bezbronnych<br>Byleby\u015b tylko ty m\u00f3g\u0142<br>Czerpa\u0107 z \u017cycia pe\u0142nymi gar\u015bciami<br>\u017by\u0107 wygodnie<br>Przecie\u017c to nie dotyczy ciebie<\/p>\n\n\n\n<p>I on tylko o z\u0142u<br>A przecie\u017c nie ma z\u0142a<br>Nie ma z\u0142ego<br>A dobro wi\u0119ksze ma by\u0107 z tego<br>Mo\u017cna kogo\u015b przecie\u017c po\u015bwi\u0119ci\u0107<br>Byleby tylko nie ciebie<\/p>\n\n\n\n<figure class=\"wp-block-image size-large\"><a href=\"https:\/\/hubertpietka.bialystok.pl\/wp-content\/uploads\/2024\/05\/IMG-20240430-WA0027.jpg\"><img loading=\"lazy\" decoding=\"async\" width=\"768\" height=\"1024\" src=\"https:\/\/hubertpietka.bialystok.pl\/wp-content\/uploads\/2024\/05\/IMG-20240430-WA0027-768x1024.jpg\" alt=\"\" class=\"wp-image-8159\" srcset=\"https:\/\/hubertpietka.bialystok.pl\/wp-content\/uploads\/2024\/05\/IMG-20240430-WA0027-768x1024.jpg 768w, https:\/\/hubertpietka.bialystok.pl\/wp-content\/uploads\/2024\/05\/IMG-20240430-WA0027-225x300.jpg 225w, https:\/\/hubertpietka.bialystok.pl\/wp-content\/uploads\/2024\/05\/IMG-20240430-WA0027-1152x1536.jpg 1152w, https:\/\/hubertpietka.bialystok.pl\/wp-content\/uploads\/2024\/05\/IMG-20240430-WA0027.jpg 1200w\" sizes=\"auto, (max-width: 768px) 100vw, 768px\" \/><\/a><\/figure>\n\n\n\n<p>\u015aw. Antoni i NMP w ko\u015bciele w *<strong>Reszlu<\/strong>*<br>Nie wa\u017cna *<strong>reszta<\/strong>*<br>I ta ma\u0142a niewa\u017cna<br>Dobro ma by\u0107 przecie\u017c<br>Z ka\u017cdego z\u0142a<br>Byleby\u015b tylko<br>Mia\u0142 pe\u0142n\u0105 lod\u00f3wk\u0119<br>A wojna niech b\u0119dzie wsz\u0119dzie<br>Ukraina do\u015b\u0107 daleko jednak przecie\u017c<br>Byleby tylko to<br>Nie dotyka\u0142o bezpo\u015brednio jako\u015b ciebie<\/p>\n\n\n\n<p class=\"has-text-align-center\">\/<\/p>\n\n\n\n<p class=\"has-text-align-right\"><strong><em><a href=\"https:\/\/youtu.be\/TYfc-_b9-iE?feature=shared\">Farben Lehre &#8211; Egoi\u015bci <\/a><\/em><\/strong><\/p>\n","protected":false},"excerpt":{"rendered":"<p>A ja tylko o ranach i bliznachA ty przecie\u017c chcesz si\u0119Dobrze bawi\u0107 tylkoMimo wszystko Co z tego\u017be niesprawiedliwo\u015b\u0107 ra\u017c\u0105caWobec tej ma\u0142ej nas naszego i naszychByleby&hellip; <\/p>\n","protected":false},"author":1,"featured_media":0,"parent":0,"menu_order":0,"comment_status":"closed","ping_status":"closed","template":"","meta":{"footnotes":""},"class_list":["post-8158","page","type-page","status-publish","hentry"],"_links":{"self":[{"href":"https:\/\/hubertpietka.bialystok.pl\/index.php?rest_route=\/wp\/v2\/pages\/8158","targetHints":{"allow":["GET"]}}],"collection":[{"href":"https:\/\/hubertpietka.bialystok.pl\/index.php?rest_route=\/wp\/v2\/pages"}],"about":[{"href":"https:\/\/hubertpietka.bialystok.pl\/index.php?rest_route=\/wp\/v2\/types\/page"}],"author":[{"embeddable":true,"href":"https:\/\/hubertpietka.bialystok.pl\/index.php?rest_route=\/wp\/v2\/users\/1"}],"replies":[{"embeddable":true,"href":"https:\/\/hubertpietka.bialystok.pl\/index.php?rest_route=%2Fwp%2Fv2%2Fcomments&post=8158"}],"version-history":[{"count":1,"href":"https:\/\/hubertpietka.bialystok.pl\/index.php?rest_route=\/wp\/v2\/pages\/8158\/revisions"}],"predecessor-version":[{"id":8160,"href":"https:\/\/hubertpietka.bialystok.pl\/index.php?rest_route=\/wp\/v2\/pages\/8158\/revisions\/8160"}],"wp:attachment":[{"href":"https:\/\/hubertpietka.bialystok.pl\/index.php?rest_route=%2Fwp%2Fv2%2Fmedia&parent=8158"}],"curies":[{"name":"wp","href":"https:\/\/api.w.org\/{rel}","templated":true}]}}