{"id":8187,"date":"2024-05-21T20:05:41","date_gmt":"2024-05-21T20:05:41","guid":{"rendered":"https:\/\/hubertpietka.bialystok.pl\/?page_id=8187"},"modified":"2024-05-21T20:07:14","modified_gmt":"2024-05-21T20:07:14","slug":"z-narodem-walka-wladzy-totalnej","status":"publish","type":"page","link":"https:\/\/hubertpietka.bialystok.pl\/?page_id=8187","title":{"rendered":"Z narodem walka \/ w\u0142adzy totalnej"},"content":{"rendered":"\n<p>Szanowny Ojcze Michale<br>Jak to jest<br>Za niewinno\u015b\u0107 siedzie\u0107 w areszcie<br>Za dzia\u0142alno\u015b\u0107 ewangelizacyjn\u0105 ponosi\u0107 kar\u0119<br>Jak to jest ojcze Michale<\/p>\n\n\n\n<p>Ju\u017c od ponad miesi\u0105ca<br>Bez postawienia \u017cadnych formalnych zarzut\u00f3w<br>W areszcie jest o. Micha\u0142 Olszewski<br>Chory na celiaki\u0119<br>Oczywi\u015bcie tam nie zwa\u017caj\u0105 i na to<\/p>\n\n\n\n<p>W jakim my \u017cyjemy pa\u0144stwie<br>Skoro wydaje si\u0119<br>\u017be to ma wymiar polityczny<br>Te\u017c z Ko\u015bcio\u0142em walki<\/p>\n\n\n\n<p>Podobnie z rolnikami w Sejmie<br>Na g\u0142od\u00f3wce ju\u017c od chyba kilkunastu dni<br>Ich g\u0142os jest g\u0142osem narodu<br>A jednak s\u0105 lekcewa\u017ceni<\/p>\n\n\n\n<p>W jakim my \u017cyjemy pa\u0144stwie<br>Skoro w imi\u0119 ekoideologii<br>Nie wa\u017cny si\u0119 staje cz\u0142owiek<\/p>\n\n\n\n<p>Szanowni Rolnicy<br>Wasz g\u0142os ten nar\u00f3d us\u0142ysza\u0142<br>Czy us\u0142yszy go w\u0142adza<br>Czy postawi na sztosie<br>Tak zwanych koniecznych ofiar<br>Oczywi\u015bcie nie z siebie<br>Najlepiej to czyni\u0107<br>Z tymi r\u00f3\u017cnymi ma\u0142ymi<\/p>\n\n\n\n<figure class=\"wp-block-gallery has-nested-images columns-default is-cropped wp-block-gallery-1 is-layout-flex wp-block-gallery-is-layout-flex\">\n<figure class=\"wp-block-image size-large\"><a href=\"https:\/\/hubertpietka.bialystok.pl\/wp-content\/uploads\/2024\/05\/IMG-20240519-WA0005.jpg\"><img loading=\"lazy\" decoding=\"async\" width=\"768\" height=\"1024\" data-id=\"8188\" src=\"https:\/\/hubertpietka.bialystok.pl\/wp-content\/uploads\/2024\/05\/IMG-20240519-WA0005-768x1024.jpg\" alt=\"\" class=\"wp-image-8188\" srcset=\"https:\/\/hubertpietka.bialystok.pl\/wp-content\/uploads\/2024\/05\/IMG-20240519-WA0005-768x1024.jpg 768w, https:\/\/hubertpietka.bialystok.pl\/wp-content\/uploads\/2024\/05\/IMG-20240519-WA0005-225x300.jpg 225w, https:\/\/hubertpietka.bialystok.pl\/wp-content\/uploads\/2024\/05\/IMG-20240519-WA0005-1152x1536.jpg 1152w, https:\/\/hubertpietka.bialystok.pl\/wp-content\/uploads\/2024\/05\/IMG-20240519-WA0005.jpg 1200w\" sizes=\"auto, (max-width: 768px) 100vw, 768px\" \/><\/a><\/figure>\n<\/figure>\n\n\n\n<p><em>Na zdj. Naj\u015bwi\u0119tsze Jezusa Serce<br>Czczone ju\u017c nied\u0142ugo w czerwcu<br>Czy do tego czasu<br>Dotrwaj\u0105 bohaterowie nasi<br>Podobnie ja bliscy \u017cona<br>Te\u017c na sztosie w\u0142adzy<br>Totalitarnej chyba jak wida\u0107<br>Mamy by\u0107 po\u015bwi\u0119ceni<\/em><\/p>\n\n\n\n<p class=\"has-text-align-center\">\/<\/p>\n\n\n\n<p class=\"has-text-align-right\">( <strong><em><a href=\"https:\/\/hubertpietka.bialystok.pl\/?page_id=8187\">Kazik &#8211; Sztos ) <\/a><\/em><\/strong><\/p>\n\n\n\n<figure class=\"wp-block-gallery has-nested-images columns-default is-cropped wp-block-gallery-2 is-layout-flex wp-block-gallery-is-layout-flex\"><\/figure>\n","protected":false},"excerpt":{"rendered":"<p>Szanowny Ojcze MichaleJak to jestZa niewinno\u015b\u0107 siedzie\u0107 w areszcieZa dzia\u0142alno\u015b\u0107 ewangelizacyjn\u0105 ponosi\u0107 kar\u0119Jak to jest ojcze Michale Ju\u017c od ponad miesi\u0105caBez postawienia \u017cadnych formalnych zarzut\u00f3wW&hellip; <\/p>\n","protected":false},"author":1,"featured_media":0,"parent":0,"menu_order":0,"comment_status":"closed","ping_status":"closed","template":"","meta":{"footnotes":""},"class_list":["post-8187","page","type-page","status-publish","hentry"],"_links":{"self":[{"href":"https:\/\/hubertpietka.bialystok.pl\/index.php?rest_route=\/wp\/v2\/pages\/8187","targetHints":{"allow":["GET"]}}],"collection":[{"href":"https:\/\/hubertpietka.bialystok.pl\/index.php?rest_route=\/wp\/v2\/pages"}],"about":[{"href":"https:\/\/hubertpietka.bialystok.pl\/index.php?rest_route=\/wp\/v2\/types\/page"}],"author":[{"embeddable":true,"href":"https:\/\/hubertpietka.bialystok.pl\/index.php?rest_route=\/wp\/v2\/users\/1"}],"replies":[{"embeddable":true,"href":"https:\/\/hubertpietka.bialystok.pl\/index.php?rest_route=%2Fwp%2Fv2%2Fcomments&post=8187"}],"version-history":[{"count":2,"href":"https:\/\/hubertpietka.bialystok.pl\/index.php?rest_route=\/wp\/v2\/pages\/8187\/revisions"}],"predecessor-version":[{"id":8191,"href":"https:\/\/hubertpietka.bialystok.pl\/index.php?rest_route=\/wp\/v2\/pages\/8187\/revisions\/8191"}],"wp:attachment":[{"href":"https:\/\/hubertpietka.bialystok.pl\/index.php?rest_route=%2Fwp%2Fv2%2Fmedia&parent=8187"}],"curies":[{"name":"wp","href":"https:\/\/api.w.org\/{rel}","templated":true}]}}