{"id":8203,"date":"2024-05-24T09:18:44","date_gmt":"2024-05-24T09:18:44","guid":{"rendered":"https:\/\/hubertpietka.bialystok.pl\/?page_id=8203"},"modified":"2024-05-24T09:18:44","modified_gmt":"2024-05-24T09:18:44","slug":"charakterystyka-obludnikow","status":"publish","type":"page","link":"https:\/\/hubertpietka.bialystok.pl\/?page_id=8203","title":{"rendered":"Charakterystyka \/ ob\u0142udnik\u00f3w"},"content":{"rendered":"\n<p>Ech oni i im podobni <\/p>\n\n\n\n<p>Wed\u0142ug ich zamiar\u00f3w<br>Zmia\u017cd\u017ceni my by\u0107 mamy<br>Przez pod\u0142o\u015b\u0107 ob\u0142udy<br>Ja i \u017cona zar\u00f3wno<br>Bo oni gro\u017c\u0105c \u015bmierci terrorem<br>Nie pozwalaj\u0105 cho\u0107by<br>By wsp\u00f3\u0142ma\u0142\u017conek wspomaga\u0142 wsp\u00f3\u0142ma\u0142\u017conka<br>W fundamentalnym dobru<\/p>\n\n\n\n<p>To maj\u0105 do siebie ob\u0142udnicy<br>\u017be oni zawsze niby nic<br>\u017be wszystko przypadkowo wychodzi<br>Czyli to z\u0142o kt\u00f3re<br>W sercu zamierzyli<br>Cho\u0107 ma to wygl\u0105da\u0107 inaczej<br>\u017be oni niby nic<br>I to wychodzi tylko tak<br>Ale B\u00f3g zna serca<br>B\u00f3g zna knowania i intencje<br>Ludzi oszuka\u0107 tacy czy inni<br>Pewnie mog\u0105 ale nie Boga<br>I B\u00f3g w swoim czasie s\u0142usznie odpowie<br>Bo ta ob\u0142uda wsz\u0119dzie<br>Zatacza coraz wi\u0119ksze kr\u0119gi<br>I nawet grozi butnie niebu<\/p>\n\n\n\n<p>Ob\u0142uda wynika z pychy<br>\u017be oni lepiej wiedz\u0105 wszystko<br>Co i jak by\u0107 powinno<br>I dlatego chc\u0105<br>Zabija\u0107 zniewala\u0107 niszczy\u0107<\/p>\n\n\n\n<figure class=\"wp-block-image size-large\"><a href=\"https:\/\/hubertpietka.bialystok.pl\/wp-content\/uploads\/2024\/05\/IMG-20240516-WA0002.jpg\"><img loading=\"lazy\" decoding=\"async\" width=\"768\" height=\"1024\" src=\"https:\/\/hubertpietka.bialystok.pl\/wp-content\/uploads\/2024\/05\/IMG-20240516-WA0002-768x1024.jpg\" alt=\"\" class=\"wp-image-8204\" srcset=\"https:\/\/hubertpietka.bialystok.pl\/wp-content\/uploads\/2024\/05\/IMG-20240516-WA0002-768x1024.jpg 768w, https:\/\/hubertpietka.bialystok.pl\/wp-content\/uploads\/2024\/05\/IMG-20240516-WA0002-225x300.jpg 225w, https:\/\/hubertpietka.bialystok.pl\/wp-content\/uploads\/2024\/05\/IMG-20240516-WA0002-1152x1536.jpg 1152w, https:\/\/hubertpietka.bialystok.pl\/wp-content\/uploads\/2024\/05\/IMG-20240516-WA0002.jpg 1200w\" sizes=\"auto, (max-width: 768px) 100vw, 768px\" \/><\/a><\/figure>\n\n\n\n<p><em>Na zdj. Maryja Wspomo\u017cycielka Wiernych<br>Wspomagaj nas Panienko Przeczysta<br>Wobec tych wszelkich ich zagra\u0144<br>Brudnych i pod\u0142ych<br>Cho\u0107 pod pozorem<br>Czego innego zawsze zgo\u0142a<\/em><\/p>\n\n\n\n<p><em>Du\u017co oni maj\u0105 metod<br>Takiego czy innego nacisku<br>Takiego czy innego z\u0142a uczynienia<br>Nam naszemu i naszym<\/em><\/p>\n\n\n\n<p><em>Ale najbardziej lubi\u0105 *<strong>czadzi\u0107<\/strong>*<br>I \u015bmier\u0107 wtedy pod pozorem jakiej\u015b niby choroby<br>A okna powinny by\u0107 zamkni\u0119te i wsz\u0119dzie<br>Gdzie \u017cona przebywa akurat<br>I to latem nawet bardziej a jak\u017ce<br>M\u00f3dl si\u0119 za nami i ty b\u0142. Matko R\u00f3\u017co *<strong>Czacka<\/strong>*<\/em><\/p>\n\n\n\n<p><em>I drugie ulubione narz\u0119dzie \u015bmierciono\u015bne<br>To *<strong>wszy\u0107<\/strong>* wbi\u0107 si\u0119<br>W nas nasze<br>Najlepiej podst\u0119pnie<br>Cios zada\u0107 w plecy zawsze<br>I ty m\u00f3dl si\u0119 za nami kard. *<strong>Wyszy-\u0144ski<\/strong>*<br>By nie spe\u0142nili swych r\u00f3\u017cnych<br>Z\u0142ych zamys\u0142\u00f3w<br>Aby opisa\u0107 pe\u0142ne ich dzia\u0142anie<br>Ca\u0142e to spektrum<br>Trzeba by by\u0142o pisa\u0107<br>Du\u017co du\u017co wi\u0119cej<\/em><\/p>\n","protected":false},"excerpt":{"rendered":"<p>Ech oni i im podobni Wed\u0142ug ich zamiar\u00f3wZmia\u017cd\u017ceni my by\u0107 mamyPrzez pod\u0142o\u015b\u0107 ob\u0142udyJa i \u017cona zar\u00f3wnoBo oni gro\u017c\u0105c \u015bmierci terroremNie pozwalaj\u0105 cho\u0107byBy wsp\u00f3\u0142ma\u0142\u017conek wspomaga\u0142 wsp\u00f3\u0142ma\u0142\u017conkaW&hellip; <\/p>\n","protected":false},"author":1,"featured_media":0,"parent":0,"menu_order":0,"comment_status":"closed","ping_status":"closed","template":"","meta":{"footnotes":""},"class_list":["post-8203","page","type-page","status-publish","hentry"],"_links":{"self":[{"href":"https:\/\/hubertpietka.bialystok.pl\/index.php?rest_route=\/wp\/v2\/pages\/8203","targetHints":{"allow":["GET"]}}],"collection":[{"href":"https:\/\/hubertpietka.bialystok.pl\/index.php?rest_route=\/wp\/v2\/pages"}],"about":[{"href":"https:\/\/hubertpietka.bialystok.pl\/index.php?rest_route=\/wp\/v2\/types\/page"}],"author":[{"embeddable":true,"href":"https:\/\/hubertpietka.bialystok.pl\/index.php?rest_route=\/wp\/v2\/users\/1"}],"replies":[{"embeddable":true,"href":"https:\/\/hubertpietka.bialystok.pl\/index.php?rest_route=%2Fwp%2Fv2%2Fcomments&post=8203"}],"version-history":[{"count":1,"href":"https:\/\/hubertpietka.bialystok.pl\/index.php?rest_route=\/wp\/v2\/pages\/8203\/revisions"}],"predecessor-version":[{"id":8205,"href":"https:\/\/hubertpietka.bialystok.pl\/index.php?rest_route=\/wp\/v2\/pages\/8203\/revisions\/8205"}],"wp:attachment":[{"href":"https:\/\/hubertpietka.bialystok.pl\/index.php?rest_route=%2Fwp%2Fv2%2Fmedia&parent=8203"}],"curies":[{"name":"wp","href":"https:\/\/api.w.org\/{rel}","templated":true}]}}