{"id":8209,"date":"2024-05-26T10:50:03","date_gmt":"2024-05-26T10:50:03","guid":{"rendered":"https:\/\/hubertpietka.bialystok.pl\/?page_id=8209"},"modified":"2024-05-26T10:50:03","modified_gmt":"2024-05-26T10:50:03","slug":"dzien-matki-jagiellonski-i-w-trojcy-swietej","status":"publish","type":"page","link":"https:\/\/hubertpietka.bialystok.pl\/?page_id=8209","title":{"rendered":"Dzie\u0144 Matki \/ jagiello\u0144ski i w Tr\u00f3jcy \u015awi\u0119tej"},"content":{"rendered":"\n<p>Tak si\u0119 z\u0142o\u017cy\u0142o<br>\u017be Jagiellonia<br>Zdobywaj\u0105c wczoraj Mistrzostwo ca\u0142ej Polski<br>Tak\u017ce dla Dzieci Bia\u0142egostoku<br>Uczci\u0142a te\u017c ich matki<br>Pi\u0119knie to si\u0119 w dzie\u0144 dzisiejszy wpisuje odpowiednio<br>Bo kto czci dzieci<br>Czci te\u017c i ich matki<\/p>\n\n\n\n<p>Tak si\u0119 sk\u0142ada<br>\u017be to te\u017c si\u0119 odnosi<br>Do Matki Bo\u017cej<br>Kto czci Syna<br>Ten i jego Matk\u0119 uczci<br>Parafrazuj\u0105c s\u0142owa Jezusa z Ewangelii<br>O czczeniu Ojca<\/p>\n\n\n\n<p>A Matka te\u017c jako<br>Wyborne Naczynie \u0141aski <br>Dzia\u0142ania tego\u017c Ducha \u015awi\u0119tego<br>Pi\u0119knie podkre\u015bla dzisiejsze \u015bwi\u0119to<br>Cudownej Tr\u00f3jcy \u015awi\u0119tej<br>Jest Ich jasnym wyrazem<br>I czystym akcentem<\/p>\n\n\n\n<p>I przy okazji<br>Wrzucaj\u0105c kamie\u0144<br>Nie tylko chyba do naszego krajowego ogr\u00f3dka<br>Nie uczcz\u0105 swych matek raczej<br>Dzieci abortowane<br>I ci kt\u00f3rzy pomagaj\u0105<br>W procederach tego typu<br>Matek czci\u0107 raczej nie b\u0119d\u0105<\/p>\n\n\n\n<p>I s\u0142owo o mojej matce<br><em>Dzi\u0119kuj\u0119 \u017ce jeste\u015b<\/em><br>I to niech wystarczy<\/p>\n\n\n\n<figure class=\"wp-block-gallery has-nested-images columns-default is-cropped wp-block-gallery-1 is-layout-flex wp-block-gallery-is-layout-flex\">\n<figure class=\"wp-block-image size-large\"><a href=\"https:\/\/hubertpietka.bialystok.pl\/wp-content\/uploads\/2024\/05\/IMG-20240524-WA0009.jpg\"><img loading=\"lazy\" decoding=\"async\" width=\"768\" height=\"1024\" data-id=\"8210\" src=\"https:\/\/hubertpietka.bialystok.pl\/wp-content\/uploads\/2024\/05\/IMG-20240524-WA0009-768x1024.jpg\" alt=\"\" class=\"wp-image-8210\" srcset=\"https:\/\/hubertpietka.bialystok.pl\/wp-content\/uploads\/2024\/05\/IMG-20240524-WA0009-768x1024.jpg 768w, https:\/\/hubertpietka.bialystok.pl\/wp-content\/uploads\/2024\/05\/IMG-20240524-WA0009-225x300.jpg 225w, https:\/\/hubertpietka.bialystok.pl\/wp-content\/uploads\/2024\/05\/IMG-20240524-WA0009-1152x1536.jpg 1152w, https:\/\/hubertpietka.bialystok.pl\/wp-content\/uploads\/2024\/05\/IMG-20240524-WA0009.jpg 1200w\" sizes=\"auto, (max-width: 768px) 100vw, 768px\" \/><\/a><\/figure>\n<\/figure>\n\n\n\n<p><em>Na zdj. Maryja w *<strong>Dziadkowicach<\/strong>*<br>Skoro nie szanuj\u0105 nas<br>To pewnie i nie uczcz\u0105<br>Naszych matek<br>Te *<strong>dziadki<\/strong>*<\/em><\/p>\n","protected":false},"excerpt":{"rendered":"<p>Tak si\u0119 z\u0142o\u017cy\u0142o\u017be JagielloniaZdobywaj\u0105c wczoraj Mistrzostwo ca\u0142ej PolskiTak\u017ce dla Dzieci Bia\u0142egostokuUczci\u0142a te\u017c ich matkiPi\u0119knie to si\u0119 w dzie\u0144 dzisiejszy wpisuje odpowiednioBo kto czci dzieciCzci te\u017c&hellip; <\/p>\n","protected":false},"author":1,"featured_media":0,"parent":0,"menu_order":0,"comment_status":"closed","ping_status":"closed","template":"","meta":{"footnotes":""},"class_list":["post-8209","page","type-page","status-publish","hentry"],"_links":{"self":[{"href":"https:\/\/hubertpietka.bialystok.pl\/index.php?rest_route=\/wp\/v2\/pages\/8209","targetHints":{"allow":["GET"]}}],"collection":[{"href":"https:\/\/hubertpietka.bialystok.pl\/index.php?rest_route=\/wp\/v2\/pages"}],"about":[{"href":"https:\/\/hubertpietka.bialystok.pl\/index.php?rest_route=\/wp\/v2\/types\/page"}],"author":[{"embeddable":true,"href":"https:\/\/hubertpietka.bialystok.pl\/index.php?rest_route=\/wp\/v2\/users\/1"}],"replies":[{"embeddable":true,"href":"https:\/\/hubertpietka.bialystok.pl\/index.php?rest_route=%2Fwp%2Fv2%2Fcomments&post=8209"}],"version-history":[{"count":1,"href":"https:\/\/hubertpietka.bialystok.pl\/index.php?rest_route=\/wp\/v2\/pages\/8209\/revisions"}],"predecessor-version":[{"id":8211,"href":"https:\/\/hubertpietka.bialystok.pl\/index.php?rest_route=\/wp\/v2\/pages\/8209\/revisions\/8211"}],"wp:attachment":[{"href":"https:\/\/hubertpietka.bialystok.pl\/index.php?rest_route=%2Fwp%2Fv2%2Fmedia&parent=8209"}],"curies":[{"name":"wp","href":"https:\/\/api.w.org\/{rel}","templated":true}]}}