{"id":8233,"date":"2024-05-30T12:59:16","date_gmt":"2024-05-30T12:59:16","guid":{"rendered":"https:\/\/hubertpietka.bialystok.pl\/?page_id=8233"},"modified":"2024-05-30T12:59:16","modified_gmt":"2024-05-30T12:59:16","slug":"oni-czynic-moga-obludnie-wszystko-ale-ty-nazywaj-ich-wspanialymi","status":"publish","type":"page","link":"https:\/\/hubertpietka.bialystok.pl\/?page_id=8233","title":{"rendered":"Oni czyni\u0107 mog\u0105 ob\u0142udnie wszystko \/ ale ty nazywaj ich wspania\u0142ymi"},"content":{"rendered":"\n<p>Oni ob\u0142udnie mog\u0105 przyj\u015b\u0107<br>Tacy czy inni<br>Oni ob\u0142udnie mog\u0105 chcie\u0107<br>R\u00f3\u017cne z\u0142o czyni\u0107<br>Nam naszemu i naszym<br>A spo\u015br\u00f3d tego<br>Mojej \u017conie pierwszej<br>I to na wiele r\u00f3\u017cnych sposob\u00f3w<br>Ale ty nie nazywaj ich ob\u0142udnikami<br>Oni ob\u0142udnie mog\u0105<br>Ale przecie\u017c zawsze s\u0105 wspaniali<br>Ka\u017cde z\u0142o oni mog\u0105 ob\u0142udnie<br>Ale ty to dobrem nazywaj<br>Jak oni nazywaj\u0105<br>I zawsze s\u0105 cudowni wspaniali<\/p>\n\n\n\n<p>Tymczasem kto z\u0142o czyni<br>Ob\u0142udnie bo skrycie<br>Jest ob\u0142udnikiem<br>Podobnie z\u0142o dobrem nazywaj\u0105cy<br>I im przyklaskuj\u0105cy<\/p>\n\n\n\n<p>To jakie z\u0142o uczyni\u0107 maj\u0105<br>Mojej \u017conie najpierw ob\u0142udnicy<br>Mog\u0105 to przecie\u017c na sposob\u00f3w wiele<br>Byleby skrycie<br>Nam naszemu i naszym podobnie<br>I przyj\u015b\u0107 r\u00f3\u017cni ob\u0142udnicy<br>Na wiele sposob\u00f3w mog\u0105<br>Napa\u015b\u0107 zatrzyma\u0107 i tak dalej<br>Skrytob\u00f3jcy niszczyciele ob\u0142udnie zniewalaj\u0105cy<br>Ale oni przecie\u017c wszystko mog\u0105<br>Ka\u017cde z\u0142o<br>A ty to nazywaj dobro<\/p>\n\n\n\n<figure class=\"wp-block-image size-large\"><a href=\"https:\/\/hubertpietka.bialystok.pl\/wp-content\/uploads\/2024\/05\/IMG-20240528-WA0047.jpg\"><img loading=\"lazy\" decoding=\"async\" width=\"768\" height=\"1024\" src=\"https:\/\/hubertpietka.bialystok.pl\/wp-content\/uploads\/2024\/05\/IMG-20240528-WA0047-768x1024.jpg\" alt=\"\" class=\"wp-image-8234\" srcset=\"https:\/\/hubertpietka.bialystok.pl\/wp-content\/uploads\/2024\/05\/IMG-20240528-WA0047-768x1024.jpg 768w, https:\/\/hubertpietka.bialystok.pl\/wp-content\/uploads\/2024\/05\/IMG-20240528-WA0047-225x300.jpg 225w, https:\/\/hubertpietka.bialystok.pl\/wp-content\/uploads\/2024\/05\/IMG-20240528-WA0047-1152x1536.jpg 1152w, https:\/\/hubertpietka.bialystok.pl\/wp-content\/uploads\/2024\/05\/IMG-20240528-WA0047.jpg 1200w\" sizes=\"auto, (max-width: 768px) 100vw, 768px\" \/><\/a><\/figure>\n\n\n\n<p><em>Na zdj. Kapliczka Mi\u0142osierdzia i Matka Bo\u017ca<br>W ko\u015bciele w Ma\u0142kini<br>Jest mi\u0142osierdzie ale jest sprawiedliwo\u015b\u0107<br>Jest niebo ale i piek\u0142o<br>To wszystko w Bogu<br>I On odpowie<br>Na ka\u017cd\u0105 ob\u0142ud\u0119<br>Szczeg\u00f3lnie t\u0105 kt\u00f3r\u0105 chc\u0105<br>Uczyni\u0107 tej mej \u017conie<br>I mi i z nami naszymi i naszym<br>B\u00f3g odpowie na ob\u0142ud\u0119 ka\u017cd\u0105<br>Bo ob\u0142uda jest czym\u015b<br>Co najbardziej wstrz\u0105sa<br>Kogo\u015b kto ma wyczucie moralne<br>W\u0142a\u015bciwie ukszta\u0142towane<br>Mo\u017cna nazywa\u0107 z\u0142o dobrem<br>I tak dalej<br>I wszystko inne ob\u0142udnie interpretowa\u0107<br>Ale czy\u017c Boga oszuka\u0107 mo\u017cna<br>B\u00f3g w swoim czasie odpowie<br>Na ka\u017cd\u0105 ob\u0142ud\u0119<\/em><\/p>\n","protected":false},"excerpt":{"rendered":"<p>Oni ob\u0142udnie mog\u0105 przyj\u015b\u0107Tacy czy inniOni ob\u0142udnie mog\u0105 chcie\u0107R\u00f3\u017cne z\u0142o czyni\u0107Nam naszemu i naszymA spo\u015br\u00f3d tegoMojej \u017conie pierwszejI to na wiele r\u00f3\u017cnych sposob\u00f3wAle ty nie&hellip; <\/p>\n","protected":false},"author":1,"featured_media":0,"parent":0,"menu_order":0,"comment_status":"closed","ping_status":"closed","template":"","meta":{"footnotes":""},"class_list":["post-8233","page","type-page","status-publish","hentry"],"_links":{"self":[{"href":"https:\/\/hubertpietka.bialystok.pl\/index.php?rest_route=\/wp\/v2\/pages\/8233","targetHints":{"allow":["GET"]}}],"collection":[{"href":"https:\/\/hubertpietka.bialystok.pl\/index.php?rest_route=\/wp\/v2\/pages"}],"about":[{"href":"https:\/\/hubertpietka.bialystok.pl\/index.php?rest_route=\/wp\/v2\/types\/page"}],"author":[{"embeddable":true,"href":"https:\/\/hubertpietka.bialystok.pl\/index.php?rest_route=\/wp\/v2\/users\/1"}],"replies":[{"embeddable":true,"href":"https:\/\/hubertpietka.bialystok.pl\/index.php?rest_route=%2Fwp%2Fv2%2Fcomments&post=8233"}],"version-history":[{"count":1,"href":"https:\/\/hubertpietka.bialystok.pl\/index.php?rest_route=\/wp\/v2\/pages\/8233\/revisions"}],"predecessor-version":[{"id":8235,"href":"https:\/\/hubertpietka.bialystok.pl\/index.php?rest_route=\/wp\/v2\/pages\/8233\/revisions\/8235"}],"wp:attachment":[{"href":"https:\/\/hubertpietka.bialystok.pl\/index.php?rest_route=%2Fwp%2Fv2%2Fmedia&parent=8233"}],"curies":[{"name":"wp","href":"https:\/\/api.w.org\/{rel}","templated":true}]}}