{"id":824,"date":"2017-11-13T13:13:15","date_gmt":"2017-11-13T13:13:15","guid":{"rendered":"http:\/\/hubertpietka.bialystok.pl\/?page_id=824"},"modified":"2017-11-13T13:18:07","modified_gmt":"2017-11-13T13:18:07","slug":"raport-z-rozprawy-sadowej-dramat-w-trzech-aktach","status":"publish","type":"page","link":"https:\/\/hubertpietka.bialystok.pl\/?page_id=824","title":{"rendered":"Raport z rozprawy s\u0105dowej \/Dramat w trzech aktach\/"},"content":{"rendered":"<p style=\"text-align: center;\"><strong>Raport z rozprawy s\u0105dowej<\/strong><\/p>\n<p style=\"text-align: center;\"><strong><em>\/Dramat w trzech aktach\/<\/em><\/strong><\/p>\n<p>&nbsp;<\/p>\n<p style=\"text-align: center;\"><strong>Intro<\/strong><\/p>\n<p style=\"text-align: center;\">tra la la la<\/p>\n<p style=\"text-align: center;\">tra la la la<\/p>\n<p style=\"text-align: center;\">bum cyk cyk<\/p>\n<p>&nbsp;<\/p>\n<p><u>Uczestnicy:<\/u><\/p>\n<p>Oskar\u017cony<\/p>\n<p>Oskar\u017cyciel<\/p>\n<p>S\u0105d<\/p>\n<p>Obro\u0144ca<\/p>\n<p>&nbsp;<\/p>\n<p><strong>Akt 1<\/strong><\/p>\n<p><em>(Oskar\u017cony wchodzi<\/em><\/p>\n<p><em>brzmi\u0105 fanfary<\/em><\/p>\n<p><em>ubrany w szkock\u0105 sp\u00f3dnic\u0119 w krat\u0119<\/em><\/p>\n<p><em>i z irokezem na g\u0142owie)<\/em><\/p>\n<p>&nbsp;<\/p>\n<p><u>Oskar\u017cyciel:<\/u><\/p>\n<p>&#8211; Winny bo Oskar\u017cony.<\/p>\n<p>Skaza\u0107 niezw\u0142ocznie.<\/p>\n<p>Inaczej poemat<\/p>\n<p>b\u0119dzie niesko\u0144czony.<\/p>\n<p>&nbsp;<\/p>\n<p><em>(Oskar\u017cony stroi g\u0142upie miny.<\/em><\/p>\n<p><em>\u0141ypie okiem zdradziecko.)<\/em><\/p>\n<p>&nbsp;<\/p>\n<p><strong>Akt 2<\/strong><\/p>\n<p><u>Oskar\u017cyciel:<\/u><\/p>\n<p>&#8211; Winny.<\/p>\n<p>Jego \u017cywota to<\/p>\n<p>jedna z wielkich win.<\/p>\n<p>Winny urodzenia.<\/p>\n<p>Winny pochodzenia.<\/p>\n<p>&nbsp;<\/p>\n<p><em>(Oskar\u017cony<\/em><\/p>\n<p><em>obna\u017ca lew\u0105 nog\u0119<\/em><\/p>\n<p><em>i k\u0142adzie j\u0105 na st\u00f3\u0142<\/em><\/p>\n<p><em>przed sob\u0105<\/em><\/p>\n<p><em>&#8211; jak stonog\u0119.)<\/em><\/p>\n<p>&nbsp;<\/p>\n<p><strong>Akt 3<\/strong><\/p>\n<p><u>Oskar\u017cyciel:<\/u><\/p>\n<p>&#8211; Zachowania jego<\/p>\n<p>nie licuj\u0105 z powag\u0105<\/p>\n<p>wysokiej izby.<\/p>\n<p>&nbsp;<\/p>\n<p><em>(Oskar\u017cony<\/em><\/p>\n<p><em>ma w jednym, wielkim<\/em><\/p>\n<p><em>w\u0142a\u015bciwym sobie<\/em><\/p>\n<p><em>powa\u017caniu to,<\/em><\/p>\n<p><em>s\u0142owa oskar\u017cyciela.)<\/em><\/p>\n<p>&nbsp;<\/p>\n<p><strong>Epilog<\/strong><\/p>\n<p><em>\u00a0(Przychodzi wreszcie Obro\u0144ca<\/em><\/p>\n<p><em>przybija<\/em><\/p>\n<p><em>pi\u0105tk\u0119 \u2013 pi\u0119tk\u0119<\/em><\/p>\n<p><em>\u00a0z oskar\u017conym)<\/em><\/p>\n<p>&nbsp;<\/p>\n<p><u>S\u0105d:<\/u><\/p>\n<p>&#8211; Uchylam win\u0119,<\/p>\n<p>bo r\u0119ka r\u0119k\u0119 myje.<\/p>\n<p>&nbsp;<\/p>\n<p><em>(Na koniec<\/em><\/p>\n<p><em>Obro\u0144ca z Oskar\u017conym<\/em><\/p>\n<p><em>wychodz\u0105<\/em><\/p>\n<p><em>na zielon\u0105 trawk\u0119<\/em><\/p>\n<p><em>przed budynek s\u0105du<\/em><\/p>\n<p><em>i fikaj\u0105 razem<\/em><\/p>\n<p><em>kozio\u0142ki.)<\/em><\/p>\n<p>&nbsp;<\/p>\n<p style=\"text-align: center;\"><strong>End<\/strong><\/p>\n<p>&nbsp;<\/p>\n<p style=\"text-align: right;\"><strong><em><span style=\"text-decoration: line-through;\">Bia\u0142ystok, 13.11.2017 r.<\/span><\/em><\/strong><\/p>\n<p style=\"text-align: right;\"><strong><em><span style=\"text-decoration: line-through;\">Sala rozpraw<\/span><\/em><\/strong><\/p>\n<p style=\"text-align: right;\"><strong><em><span style=\"text-decoration: line-through;\">w Najwy\u017cszym Trybunale Praw Cz\u0142owieka<\/span><\/em><\/strong><\/p>\n<p style=\"text-align: right;\"><strong><em><span style=\"text-decoration: line-through;\">&#8211; ul. \u017bytnia 13\/12<\/span><\/em><\/strong><\/p>\n<p style=\"text-align: left;\"><strong><a href=\"https:\/\/www.youtube.com\/watch?v=rtM9IERRYVQ\">Maleo Reggae Rockers &#8211; Alibi<\/a><\/strong><\/p>\n<p style=\"text-align: left;\"><strong><a href=\"https:\/\/www.youtube.com\/watch?v=LNJ8gvvA9S8\">Maleo Reggae Rockers &#8211; Zegarmistrz \u015bwiat\u0142a<\/a><\/strong><\/p>\n","protected":false},"excerpt":{"rendered":"<p>Raport z rozprawy s\u0105dowej \/Dramat w trzech aktach\/ &nbsp; Intro tra la la la tra la la la bum cyk cyk &nbsp; Uczestnicy: Oskar\u017cony Oskar\u017cyciel&hellip; <\/p>\n","protected":false},"author":1,"featured_media":0,"parent":0,"menu_order":0,"comment_status":"closed","ping_status":"closed","template":"","meta":{"footnotes":""},"class_list":["post-824","page","type-page","status-publish","hentry"],"_links":{"self":[{"href":"https:\/\/hubertpietka.bialystok.pl\/index.php?rest_route=\/wp\/v2\/pages\/824","targetHints":{"allow":["GET"]}}],"collection":[{"href":"https:\/\/hubertpietka.bialystok.pl\/index.php?rest_route=\/wp\/v2\/pages"}],"about":[{"href":"https:\/\/hubertpietka.bialystok.pl\/index.php?rest_route=\/wp\/v2\/types\/page"}],"author":[{"embeddable":true,"href":"https:\/\/hubertpietka.bialystok.pl\/index.php?rest_route=\/wp\/v2\/users\/1"}],"replies":[{"embeddable":true,"href":"https:\/\/hubertpietka.bialystok.pl\/index.php?rest_route=%2Fwp%2Fv2%2Fcomments&post=824"}],"version-history":[{"count":4,"href":"https:\/\/hubertpietka.bialystok.pl\/index.php?rest_route=\/wp\/v2\/pages\/824\/revisions"}],"predecessor-version":[{"id":828,"href":"https:\/\/hubertpietka.bialystok.pl\/index.php?rest_route=\/wp\/v2\/pages\/824\/revisions\/828"}],"wp:attachment":[{"href":"https:\/\/hubertpietka.bialystok.pl\/index.php?rest_route=%2Fwp%2Fv2%2Fmedia&parent=824"}],"curies":[{"name":"wp","href":"https:\/\/api.w.org\/{rel}","templated":true}]}}