{"id":8267,"date":"2024-06-12T20:03:18","date_gmt":"2024-06-12T20:03:18","guid":{"rendered":"https:\/\/hubertpietka.bialystok.pl\/?page_id=8267"},"modified":"2024-06-12T20:03:18","modified_gmt":"2024-06-12T20:03:18","slug":"sprzysiezenie-zloczyncow","status":"publish","type":"page","link":"https:\/\/hubertpietka.bialystok.pl\/?page_id=8267","title":{"rendered":"Sprzysi\u0119\u017cenie \/ z\u0142oczy\u0144c\u00f3w"},"content":{"rendered":"\n<p>Z\u0142oczy\u0144cy si\u0119 sprzysi\u0119\u017cyli<br>Aby z\u0142o nam uczyni\u0107<br>Dopa\u015b\u0107 mnie i \u017con\u0119<br>Naszych i nasze<br>I wyko\u0144czy\u0107<br>Sprzysi\u0119\u017cyli si\u0119 ku z\u0142u<br>Dla nas r\u00f3\u017cni z\u0142oczy\u0144cy<\/p>\n\n\n\n<p>Kto z\u0142o czyni jest z\u0142oczy\u0144c\u0105<br>Jest te\u017c s\u0142ug\u0105 z\u0142a analogicznie<br>Czyli s\u0142ug\u0105 szatana<br>Bo kto z\u0142o czyni<br>Te\u017c jemu s\u0142u\u017cy partykularnie<\/p>\n\n\n\n<p>Kimkolwiek jest<br>Jak\u0105kolwiek pe\u0142ni funkcj\u0119<br>Spo\u0142eczn\u0105 publiczn\u0105 i tym podobne<br>Czy jest misiem czy kryminalist\u0105<br>Z s\u0142u\u017cb innych<br>A mo\u017ce zaufania jakiego\u015b niby<br>Sprzysi\u0119\u017cyli si\u0119 r\u00f3\u017cni z\u0142oczy\u0144cy<br>Aby nam z\u0142o uczyni\u0107<br>Zreszt\u0105 kimkolwiek jest<br>Ka\u017cdy mo\u017ce by\u0107 s\u0142ug\u0105 z\u0142a i przecie\u017c<br>I si\u0119 zas\u0142u\u017cy\u0107 dla r\u00f3\u017cnych<br>A najbardziej dla szatana<\/p>\n\n\n\n<p>Czuj\u0105 swoj\u0105 si\u0142\u0119 z\u0142oczy\u0144cy<br>Przecie\u017c jest ich wielu<br>I z ramienia w\u0142adzy<br>Takiej czy innej<br>Wiedz\u0105 \u017ce mog\u0105 na siebie odpowiednio liczy\u0107<br>R\u00f3\u017cni z\u0142oczy\u0144cy<br>W tych z\u0142a procederach<br>Byleby tylko zlikwidowa\u0107<br>Mnie nasze naszych nas<br>Wsp\u00f3\u0142graj\u0105 pi\u0119knie we wszystkim z\u0142oczy\u0144cy<br>Komu si\u0119 tak zas\u0142uguj\u0105<br>To ja nie wiem zbytnio<br>Na pewno u szatana<br>Maj\u0105 zas\u0142ugi niew\u0105tpliwe<br>Za kt\u00f3re te\u017c mu kiedy\u015b zap\u0142ac\u0105<br>Ale co tam<br>\u017byjmy p\u00f3ki co dobra nasza<br>Tak se mawiaj\u0105<br>A co tam jaki\u015b szatan<\/p>\n\n\n\n<figure class=\"wp-block-gallery has-nested-images columns-default is-cropped wp-block-gallery-1 is-layout-flex wp-block-gallery-is-layout-flex\">\n<figure class=\"wp-block-image size-large\"><a href=\"https:\/\/hubertpietka.bialystok.pl\/wp-content\/uploads\/2024\/06\/IMG-20240612-WA0036.jpg\"><img loading=\"lazy\" decoding=\"async\" width=\"768\" height=\"1024\" data-id=\"8268\" src=\"https:\/\/hubertpietka.bialystok.pl\/wp-content\/uploads\/2024\/06\/IMG-20240612-WA0036-768x1024.jpg\" alt=\"\" class=\"wp-image-8268\" srcset=\"https:\/\/hubertpietka.bialystok.pl\/wp-content\/uploads\/2024\/06\/IMG-20240612-WA0036-768x1024.jpg 768w, https:\/\/hubertpietka.bialystok.pl\/wp-content\/uploads\/2024\/06\/IMG-20240612-WA0036-225x300.jpg 225w, https:\/\/hubertpietka.bialystok.pl\/wp-content\/uploads\/2024\/06\/IMG-20240612-WA0036-1152x1536.jpg 1152w, https:\/\/hubertpietka.bialystok.pl\/wp-content\/uploads\/2024\/06\/IMG-20240612-WA0036.jpg 1200w\" sizes=\"auto, (max-width: 768px) 100vw, 768px\" \/><\/a><\/figure>\n<\/figure>\n\n\n\n<p>Na zdj. Jezus Mi\u0142osierny w *<strong>Ko\u0142akach<\/strong>* Ko\u015bcielnych<br>Takie to w\u0142a\u015bnie r\u00f3\u017cne *<strong>wil-ko\u0142aki<\/strong>*<br>Kt\u00f3re chc\u0105 nas po\u017cre\u0107<br>Czy oni zwyci\u0119\u017c\u0105<br>Czy z\u0142o tu zwyci\u0119\u017cy<br>Ca\u0142y \u015bwiat zap\u0142aci za to<br>Za te z\u0142a procedery<br><em>Bo nie by\u0142o to zakryte<br>Przed \u015bwiatem<\/em><br>A bezczelno\u015b\u0107 z\u0142a<br>Ur\u0105ga ju\u017c chyba wszelkim przyzwoito\u015bciom<br>Nawet najmniejszym<br>I jego perfidia totalna zniszczenia<br>Nas naszych naszego<\/p>\n","protected":false},"excerpt":{"rendered":"<p>Z\u0142oczy\u0144cy si\u0119 sprzysi\u0119\u017cyliAby z\u0142o nam uczyni\u0107Dopa\u015b\u0107 mnie i \u017con\u0119Naszych i naszeI wyko\u0144czy\u0107Sprzysi\u0119\u017cyli si\u0119 ku z\u0142uDla nas r\u00f3\u017cni z\u0142oczy\u0144cy Kto z\u0142o czyni jest z\u0142oczy\u0144c\u0105Jest te\u017c s\u0142ug\u0105&hellip; <\/p>\n","protected":false},"author":1,"featured_media":0,"parent":0,"menu_order":0,"comment_status":"closed","ping_status":"closed","template":"","meta":{"footnotes":""},"class_list":["post-8267","page","type-page","status-publish","hentry"],"_links":{"self":[{"href":"https:\/\/hubertpietka.bialystok.pl\/index.php?rest_route=\/wp\/v2\/pages\/8267","targetHints":{"allow":["GET"]}}],"collection":[{"href":"https:\/\/hubertpietka.bialystok.pl\/index.php?rest_route=\/wp\/v2\/pages"}],"about":[{"href":"https:\/\/hubertpietka.bialystok.pl\/index.php?rest_route=\/wp\/v2\/types\/page"}],"author":[{"embeddable":true,"href":"https:\/\/hubertpietka.bialystok.pl\/index.php?rest_route=\/wp\/v2\/users\/1"}],"replies":[{"embeddable":true,"href":"https:\/\/hubertpietka.bialystok.pl\/index.php?rest_route=%2Fwp%2Fv2%2Fcomments&post=8267"}],"version-history":[{"count":1,"href":"https:\/\/hubertpietka.bialystok.pl\/index.php?rest_route=\/wp\/v2\/pages\/8267\/revisions"}],"predecessor-version":[{"id":8269,"href":"https:\/\/hubertpietka.bialystok.pl\/index.php?rest_route=\/wp\/v2\/pages\/8267\/revisions\/8269"}],"wp:attachment":[{"href":"https:\/\/hubertpietka.bialystok.pl\/index.php?rest_route=%2Fwp%2Fv2%2Fmedia&parent=8267"}],"curies":[{"name":"wp","href":"https:\/\/api.w.org\/{rel}","templated":true}]}}