{"id":8302,"date":"2024-07-01T08:20:05","date_gmt":"2024-07-01T08:20:05","guid":{"rendered":"https:\/\/hubertpietka.bialystok.pl\/?page_id=8302"},"modified":"2024-07-01T08:20:05","modified_gmt":"2024-07-01T08:20:05","slug":"atomizacja-diabla","status":"publish","type":"page","link":"https:\/\/hubertpietka.bialystok.pl\/?page_id=8302","title":{"rendered":"Atomizacja \/ diab\u0142a"},"content":{"rendered":"\n<p>Chocia\u017c wydaje si\u0119 czasem<br>\u017be na nic zu\u017cywam<br>Swe wszystkie si\u0142y<br>Bo szatan dominuje w \u015bwiecie<br>Z ca\u0142ym aparatem przemocy<br>Wed\u0142ug kuszenia Jezusa<br>\u017be do mnie nale\u017cy tu to wszystko<br>I mog\u0119 z tym robi\u0107 co chc\u0119<br>Chocia\u017c tak si\u0119 wydaje<br>Bo on ci\u0105gle chce dzieli\u0107<br>Rozdziela\u0107 ma\u0142\u017ce\u0144stwa<br>Oddala\u0107 Ko\u015bci\u00f3\u0142 od ludu Bo\u017cego<br>Chocia\u017c on jest jego cz\u0119\u015bci\u0105<br>Chocia\u017c tak si\u0119 wydaje<br>\u017be nie przezwyci\u0119\u017cy si\u0119<br>Przemocy szatana i s\u0142ug jego<br>\u017be zabi\u0107 to igraszka jaka\u015b dla niego<br>I s\u0142ug r\u00f3\u017cnych jego<br>I \u017con\u0119 mnie bliskich<br>Albo chocia\u017c zniewoli\u0107<br>Przez akcje prowokacje r\u00f3\u017cne<br>Takich czy innych<br>Chocia\u017c tak si\u0119 wydaje<\/p>\n\n\n\n<p>A jednak jak m\u00f3wi S\u0142owo<br>B\u00f3g jest we wn\u0119trzu<br>Tego Ko\u015bcio\u0142a Swojego<br>B\u00f3g jest pomi\u0119dzy ma\u0142\u017conkami<br>I bliskimi nastawionymi<br>Na ka\u017cde dobro prawdziwe<br>Szatan chce zdominowa\u0107 wszystko<br>Sw\u0105 socjotechnik\u0105 podzia\u0142u<br>Byleby tylko cz\u0142owiek by\u0142 sam<br>Bo wtedy \u0142atwiej<br>On staje si\u0119 jego \u0142upem<br>I tak cz\u0142owiecze\u0144stwa zatomizowane<br>I odpowiednio zidologizowane<br>Przeciw Bogu i prawdziwym warto\u015bciom<br>A jednak to B\u00f3g wygra<\/p>\n\n\n\n<figure class=\"wp-block-image size-large\"><a href=\"https:\/\/hubertpietka.bialystok.pl\/wp-content\/uploads\/2024\/07\/IMG-20240627-WA0015.jpg\"><img loading=\"lazy\" decoding=\"async\" width=\"768\" height=\"1024\" src=\"https:\/\/hubertpietka.bialystok.pl\/wp-content\/uploads\/2024\/07\/IMG-20240627-WA0015-768x1024.jpg\" alt=\"\" class=\"wp-image-8303\" srcset=\"https:\/\/hubertpietka.bialystok.pl\/wp-content\/uploads\/2024\/07\/IMG-20240627-WA0015-768x1024.jpg 768w, https:\/\/hubertpietka.bialystok.pl\/wp-content\/uploads\/2024\/07\/IMG-20240627-WA0015-225x300.jpg 225w, https:\/\/hubertpietka.bialystok.pl\/wp-content\/uploads\/2024\/07\/IMG-20240627-WA0015-1152x1536.jpg 1152w, https:\/\/hubertpietka.bialystok.pl\/wp-content\/uploads\/2024\/07\/IMG-20240627-WA0015.jpg 1200w\" sizes=\"auto, (max-width: 768px) 100vw, 768px\" \/><\/a><\/figure>\n\n\n\n<p><em>Na zdj. *<strong>Uczestnicz\u0119 we wsp\u00f3lnocie Ko\u015bcio\u0142a<\/strong>*<br>Jestem we wsp\u00f3lnocie ma\u0142\u017ce\u0144stwa i r\u00f3\u017cnych bliskich<br>Szatan to wszystko chce niszczy\u0107<br>Ko\u015bci\u00f3\u0142 salezjan\u00f3w *<strong>suw-alski<\/strong>*<br>Jan zosta\u0142 znowu sprzedany<br>I te\u017c jego bliscy<br>Ma ich zmia\u017cd\u017cy\u0107 *<strong>po-suw<\/strong>* diabelski<\/em><\/p>\n\n\n\n<p><strong><em><a href=\"https:\/\/youtu.be\/QaUoprhicGk?si=l8h5WgGQhxTDpBt6\">Anna Jantar i Bogus\u0142aw Mec &#8211; Pozwoli\u0142 nam los<\/a><\/em><\/strong><\/p>\n","protected":false},"excerpt":{"rendered":"<p>Chocia\u017c wydaje si\u0119 czasem\u017be na nic zu\u017cywamSwe wszystkie si\u0142yBo szatan dominuje w \u015bwiecieZ ca\u0142ym aparatem przemocyWed\u0142ug kuszenia Jezusa\u017be do mnie nale\u017cy tu to wszystkoI mog\u0119&hellip; <\/p>\n","protected":false},"author":1,"featured_media":0,"parent":0,"menu_order":0,"comment_status":"closed","ping_status":"closed","template":"","meta":{"footnotes":""},"class_list":["post-8302","page","type-page","status-publish","hentry"],"_links":{"self":[{"href":"https:\/\/hubertpietka.bialystok.pl\/index.php?rest_route=\/wp\/v2\/pages\/8302","targetHints":{"allow":["GET"]}}],"collection":[{"href":"https:\/\/hubertpietka.bialystok.pl\/index.php?rest_route=\/wp\/v2\/pages"}],"about":[{"href":"https:\/\/hubertpietka.bialystok.pl\/index.php?rest_route=\/wp\/v2\/types\/page"}],"author":[{"embeddable":true,"href":"https:\/\/hubertpietka.bialystok.pl\/index.php?rest_route=\/wp\/v2\/users\/1"}],"replies":[{"embeddable":true,"href":"https:\/\/hubertpietka.bialystok.pl\/index.php?rest_route=%2Fwp%2Fv2%2Fcomments&post=8302"}],"version-history":[{"count":1,"href":"https:\/\/hubertpietka.bialystok.pl\/index.php?rest_route=\/wp\/v2\/pages\/8302\/revisions"}],"predecessor-version":[{"id":8304,"href":"https:\/\/hubertpietka.bialystok.pl\/index.php?rest_route=\/wp\/v2\/pages\/8302\/revisions\/8304"}],"wp:attachment":[{"href":"https:\/\/hubertpietka.bialystok.pl\/index.php?rest_route=%2Fwp%2Fv2%2Fmedia&parent=8302"}],"curies":[{"name":"wp","href":"https:\/\/api.w.org\/{rel}","templated":true}]}}