{"id":8323,"date":"2024-07-06T18:29:25","date_gmt":"2024-07-06T18:29:25","guid":{"rendered":"https:\/\/hubertpietka.bialystok.pl\/?page_id=8323"},"modified":"2024-07-06T18:29:25","modified_gmt":"2024-07-06T18:29:25","slug":"perfidne-fabuly-celow-szatanskich-slug-zla-roznych","status":"publish","type":"page","link":"https:\/\/hubertpietka.bialystok.pl\/?page_id=8323","title":{"rendered":"Perfidne fabu\u0142y cel\u00f3w szata\u0144skich \/ s\u0142ug z\u0142a r\u00f3\u017cnych"},"content":{"rendered":"\n<p>S\u0142udzy z\u0142a podli<br>Ob\u0142udni realizatorzy podst\u0119p\u00f3w szata\u0144skich<br>Tworz\u0105 fabu\u0142y r\u00f3\u017cne<br>Anga\u017cuj\u0105ce misi\u00f3w i inne s\u0142u\u017cby<br>Tudzie\u017c tych niby przypadkowo<br>Byleby tylko zabi\u0107 \u017con\u0119<br>I mnie zniewoli\u0107<br>A najlepiej w jednym czasie<\/p>\n\n\n\n<p>A wystarczy\u0142oby odst\u0105pi\u0107<br>Od tej nienawistnej ch\u0119ci<br>Zabicia \u017cony zniewolenia<br>Nie musieliby przychodzi\u0107 zatrzymywa\u0107 napada\u0107<br>I tak dalej<\/p>\n\n\n\n<p>Ale oni tego nie zrobi\u0105<br>Bo ich perfidnym celem<br>Jest pod\u0142e zabicie \u017cony zniewolenie<br>I mnie te\u017c tak naprawd\u0119<br>Wszystko si\u0119 dla nich<br>Tu sk\u0142ada w ca\u0142o\u015b\u0107<br>By nas nasze naszych zniszczy\u0107<\/p>\n\n\n\n<p>Partykularni s\u0142udzy z\u0142a<br>Pos\u0142uguj\u0105c si\u0119 takimi czy innymi<br>Misiami innymi s\u0142u\u017cbami niby przypadkowymi<br>I tworz\u0105cymi r\u00f3\u017cne rozmy\u015blne<br>Podst\u0119pne i perfidne fabularne fikcje<\/p>\n\n\n\n<figure class=\"wp-block-gallery has-nested-images columns-default is-cropped wp-block-gallery-1 is-layout-flex wp-block-gallery-is-layout-flex\">\n<figure class=\"wp-block-image size-large\"><a href=\"https:\/\/hubertpietka.bialystok.pl\/wp-content\/uploads\/2024\/07\/20240706_161020-scaled.jpg\"><img loading=\"lazy\" decoding=\"async\" width=\"1024\" height=\"768\" data-id=\"8324\" src=\"https:\/\/hubertpietka.bialystok.pl\/wp-content\/uploads\/2024\/07\/20240706_161020-1024x768.jpg\" alt=\"\" class=\"wp-image-8324\" srcset=\"https:\/\/hubertpietka.bialystok.pl\/wp-content\/uploads\/2024\/07\/20240706_161020-1024x768.jpg 1024w, https:\/\/hubertpietka.bialystok.pl\/wp-content\/uploads\/2024\/07\/20240706_161020-300x225.jpg 300w, https:\/\/hubertpietka.bialystok.pl\/wp-content\/uploads\/2024\/07\/20240706_161020-768x576.jpg 768w, https:\/\/hubertpietka.bialystok.pl\/wp-content\/uploads\/2024\/07\/20240706_161020-1536x1152.jpg 1536w, https:\/\/hubertpietka.bialystok.pl\/wp-content\/uploads\/2024\/07\/20240706_161020-2048x1536.jpg 2048w\" sizes=\"auto, (max-width: 1024px) 100vw, 1024px\" \/><\/a><\/figure>\n<\/figure>\n\n\n\n<p><em>Na zdj. <strong>Rock na Bagnach<\/strong> w Goni\u0105dzu<br>Po 7 latach<br>Wtedy nie dostali mnie<br>W swe nieczyste \u0142apy<br>Ale przecie\u017c pr\u00f3bowa\u0107 mo\u017cna zawsze<br>Multiplikowa\u0107 r\u00f3\u017cne z\u0142o<br>Byleby tylko spe\u0142ni\u0107 zap\u0119dy<br>Kt\u00f3re chcieli spe\u0142nia\u0107 ju\u017c wtedy<br>I przez ca\u0142y ten czas<br>Z t\u0105 r\u00f3\u017cnic\u0105 \u017ce wtedy<br>Nie chcieli jednoznacznie zabi\u0107 \u017cony<br>Ale ewaluowali w perfidii z\u0142a<br>Przecie\u017c mo\u017cna zlikwidowa\u0107<br>I jego i j\u0105<br>I ichnich ichnie<br>Zatrze\u0107 \u015blady<br>Ciekawe co i na to<br>Pan B\u00f3g<br>Na takie nagromadzenie z\u0142a<br>I perfidii pod\u0142ej ob\u0142udnej<br>Ciekawe co na to Pan B\u00f3g i<br>Ale c\u00f3\u017c tam dla nich<br>Lepiej wiedz\u0105 ni\u017c Pan B\u00f3g<\/em><\/p>\n","protected":false},"excerpt":{"rendered":"<p>S\u0142udzy z\u0142a podliOb\u0142udni realizatorzy podst\u0119p\u00f3w szata\u0144skichTworz\u0105 fabu\u0142y r\u00f3\u017cneAnga\u017cuj\u0105ce misi\u00f3w i inne s\u0142u\u017cbyTudzie\u017c tych niby przypadkowoByleby tylko zabi\u0107 \u017con\u0119I mnie zniewoli\u0107A najlepiej w jednym czasie A&hellip; <\/p>\n","protected":false},"author":1,"featured_media":0,"parent":0,"menu_order":0,"comment_status":"closed","ping_status":"closed","template":"","meta":{"footnotes":""},"class_list":["post-8323","page","type-page","status-publish","hentry"],"_links":{"self":[{"href":"https:\/\/hubertpietka.bialystok.pl\/index.php?rest_route=\/wp\/v2\/pages\/8323","targetHints":{"allow":["GET"]}}],"collection":[{"href":"https:\/\/hubertpietka.bialystok.pl\/index.php?rest_route=\/wp\/v2\/pages"}],"about":[{"href":"https:\/\/hubertpietka.bialystok.pl\/index.php?rest_route=\/wp\/v2\/types\/page"}],"author":[{"embeddable":true,"href":"https:\/\/hubertpietka.bialystok.pl\/index.php?rest_route=\/wp\/v2\/users\/1"}],"replies":[{"embeddable":true,"href":"https:\/\/hubertpietka.bialystok.pl\/index.php?rest_route=%2Fwp%2Fv2%2Fcomments&post=8323"}],"version-history":[{"count":1,"href":"https:\/\/hubertpietka.bialystok.pl\/index.php?rest_route=\/wp\/v2\/pages\/8323\/revisions"}],"predecessor-version":[{"id":8325,"href":"https:\/\/hubertpietka.bialystok.pl\/index.php?rest_route=\/wp\/v2\/pages\/8323\/revisions\/8325"}],"wp:attachment":[{"href":"https:\/\/hubertpietka.bialystok.pl\/index.php?rest_route=%2Fwp%2Fv2%2Fmedia&parent=8323"}],"curies":[{"name":"wp","href":"https:\/\/api.w.org\/{rel}","templated":true}]}}