{"id":8339,"date":"2024-07-12T09:17:41","date_gmt":"2024-07-12T09:17:41","guid":{"rendered":"https:\/\/hubertpietka.bialystok.pl\/?page_id=8339"},"modified":"2024-07-12T09:17:41","modified_gmt":"2024-07-12T09:17:41","slug":"postawa-tej-niewiasty-heroiczna-skrajnie","status":"publish","type":"page","link":"https:\/\/hubertpietka.bialystok.pl\/?page_id=8339","title":{"rendered":"Postawa tej niewiasty \/ heroiczna skrajnie"},"content":{"rendered":"\n<p>A mo\u017ce niech j\u0105 oskar\u017c\u0105<br>\u017be nie chce wsp\u00f3\u0142dzia\u0142a\u0107<br>W mnie zabiciu czy zniewoleniu<br>Ob\u0142udnicy podli<br>Przecie\u017c oskar\u017ca\u0107 mo\u017cna za wszystko<br>Lubi to szatan i r\u00f3\u017cni jego s\u0142udzy<br>Te nieustanne oskar\u017cenia dzieci Bo\u017cych <\/p>\n\n\n\n<p>Ciekawy jestem kt\u00f3ra inna<br>By to znios\u0142a wszystko<br>Czyhaj\u0105 na jej \u017cycie<br>Na ka\u017cdym kroku i wolno\u015b\u0107<br>Szanta\u017cuj\u0105 \u015bmierci\u0105 za wszystko<br>Nawet nakry\u0107 si\u0119 nie mo\u017ce w nocy ko\u0142dr\u0105<br>Ma przychodzi\u0107 do pracy najlepiej o \u015bwicie<br>I co tam jeszcze<br>Piepszeni szanta\u017cy\u015bci<br>Bo jak to nazwa\u0107 inaczej<br>Skoro za wszystko gro\u017c\u0105 \u015bmierci\u0105<br>(Chyba zreszt\u0105 nie tylko jej<br>Tak na marginesie)<\/p>\n\n\n\n<p>Kt\u00f3ra by to inna znios\u0142a<br>\u017bycie w nieustannym zagro\u017ceniu<br>Poddawanie wszelakim szanta\u017com<br>A jednak jest wierna<\/p>\n\n\n\n<p>Dzi\u015b \u015bw. *<strong>Ja-zona<\/strong>*<br>*<strong>Ja to \u017cona<\/strong>* i koniec<br>Co j\u0105 to mnie<br>To moja *<strong>zona<\/strong>*<br>I nic im do tego<\/p>\n\n\n\n<p>I wspominany te\u017c \u015bw. *<strong>So-zy-pater<\/strong>*<br>*<em><strong>So<\/strong><\/em>* wi\u0119c ja zawsze staram si\u0119 czyni\u0107 wszystko<br>Z Bogiem Ojcem  *<strong>z<\/strong><em> <strong>Pater<\/strong><\/em>*<br>I w Chrystusie przez tr\u00f3jjedynego \u015awi\u0119tego Ducha<br>I tak samo ona<br>Tego jestem pewien<br>Nawet je\u015bli wychodzi r\u00f3\u017cnie<br>Tylko jej jestem pewien tak do ko\u0144ca<br>Bo tak naprawd\u0119 w mniejszym czy wi\u0119kszym stopniu<br>Zawiedli ju\u017c chyba wszyscy<br>Tak\u017ce wobec ufno\u015bci w Bogu<\/p>\n\n\n\n<figure class=\"wp-block-gallery has-nested-images columns-default is-cropped wp-block-gallery-1 is-layout-flex wp-block-gallery-is-layout-flex\">\n<figure class=\"wp-block-image size-large\"><a href=\"https:\/\/hubertpietka.bialystok.pl\/wp-content\/uploads\/2024\/07\/IMG-20240704-WA0038.jpg\"><img loading=\"lazy\" decoding=\"async\" width=\"768\" height=\"1024\" data-id=\"8340\" src=\"https:\/\/hubertpietka.bialystok.pl\/wp-content\/uploads\/2024\/07\/IMG-20240704-WA0038-768x1024.jpg\" alt=\"\" class=\"wp-image-8340\" srcset=\"https:\/\/hubertpietka.bialystok.pl\/wp-content\/uploads\/2024\/07\/IMG-20240704-WA0038-768x1024.jpg 768w, https:\/\/hubertpietka.bialystok.pl\/wp-content\/uploads\/2024\/07\/IMG-20240704-WA0038-225x300.jpg 225w, https:\/\/hubertpietka.bialystok.pl\/wp-content\/uploads\/2024\/07\/IMG-20240704-WA0038-1152x1536.jpg 1152w, https:\/\/hubertpietka.bialystok.pl\/wp-content\/uploads\/2024\/07\/IMG-20240704-WA0038.jpg 1200w\" sizes=\"auto, (max-width: 768px) 100vw, 768px\" \/><\/a><\/figure>\n<\/figure>\n\n\n\n<p><em>Na zdj. Heroiczna postawa mojej \u017cony<br>Przywodzi na my\u015bl te\u017c<br>Naj\u015bwi\u0119tsz\u0105 Pann\u0119 Maryj\u0119<br>Ona te\u017c nigdy nie zawodzi<br>Cho\u0107 w oczach \u015bwiata<br>Mo\u017ce to by\u0107 widziane inaczej<br>I wydaje si\u0119 \u017ce zwyci\u0119\u017ca jednak szatan<br>Ale to z\u0142udzenie<br>On wie \u017ce czasu ma jednak niewiele<br>I \u017ce i tak to wszystko<br>Zwyci\u0119\u017cy B\u00f3g<br>W\u0142a\u015bnie przez Naj\u015bwi\u0119tsz\u0105 Maryj\u0119 Pann\u0119<br>W taki czy inny spos\u00f3b i zreszt\u0105<br>Mimo wszelkich pod\u0142ych wysi\u0142k\u00f3w<br>S\u0142ug z\u0142a czyli s\u0142ug szatana<br>Takich czy innych<br>W \u015bmierci zniewalaniu niszczeniu<br>Przyjd\u017a a oni nie<br>I je\u015bli cokolwieczunio<br>I ani mi Ani<\/em><\/p>\n\n\n\n<p class=\"has-text-align-center\">( <strong><em><a href=\"https:\/\/youtu.be\/Q_K9UmHcgmc?si=AfvGOTb-K7PpZI0N\">Maciej Balcar &#8211; T\u0119cza<\/a><\/em><\/strong> )<\/p>\n","protected":false},"excerpt":{"rendered":"<p>A mo\u017ce niech j\u0105 oskar\u017c\u0105\u017be nie chce wsp\u00f3\u0142dzia\u0142a\u0107W mnie zabiciu czy zniewoleniuOb\u0142udnicy podliPrzecie\u017c oskar\u017ca\u0107 mo\u017cna za wszystkoLubi to szatan i r\u00f3\u017cni jego s\u0142udzyTe nieustanne oskar\u017cenia&hellip; <\/p>\n","protected":false},"author":1,"featured_media":0,"parent":0,"menu_order":0,"comment_status":"closed","ping_status":"closed","template":"","meta":{"footnotes":""},"class_list":["post-8339","page","type-page","status-publish","hentry"],"_links":{"self":[{"href":"https:\/\/hubertpietka.bialystok.pl\/index.php?rest_route=\/wp\/v2\/pages\/8339","targetHints":{"allow":["GET"]}}],"collection":[{"href":"https:\/\/hubertpietka.bialystok.pl\/index.php?rest_route=\/wp\/v2\/pages"}],"about":[{"href":"https:\/\/hubertpietka.bialystok.pl\/index.php?rest_route=\/wp\/v2\/types\/page"}],"author":[{"embeddable":true,"href":"https:\/\/hubertpietka.bialystok.pl\/index.php?rest_route=\/wp\/v2\/users\/1"}],"replies":[{"embeddable":true,"href":"https:\/\/hubertpietka.bialystok.pl\/index.php?rest_route=%2Fwp%2Fv2%2Fcomments&post=8339"}],"version-history":[{"count":1,"href":"https:\/\/hubertpietka.bialystok.pl\/index.php?rest_route=\/wp\/v2\/pages\/8339\/revisions"}],"predecessor-version":[{"id":8341,"href":"https:\/\/hubertpietka.bialystok.pl\/index.php?rest_route=\/wp\/v2\/pages\/8339\/revisions\/8341"}],"wp:attachment":[{"href":"https:\/\/hubertpietka.bialystok.pl\/index.php?rest_route=%2Fwp%2Fv2%2Fmedia&parent=8339"}],"curies":[{"name":"wp","href":"https:\/\/api.w.org\/{rel}","templated":true}]}}