{"id":8350,"date":"2024-07-15T14:03:25","date_gmt":"2024-07-15T14:03:25","guid":{"rendered":"https:\/\/hubertpietka.bialystok.pl\/?page_id=8350"},"modified":"2024-07-15T14:03:25","modified_gmt":"2024-07-15T14:03:25","slug":"dlatego-ze-bo-poniewaz-nigdy-z-szatanem-nie-bede-wspolgrac","status":"publish","type":"page","link":"https:\/\/hubertpietka.bialystok.pl\/?page_id=8350","title":{"rendered":"Dlatego \u017ce bo poniewa\u017c \/ nigdy z szatanem nie b\u0119d\u0119 wsp\u00f3\u0142gra\u0107"},"content":{"rendered":"\n<p>Poniewa\u017c ona ma tylko mnie<br>Tak do ko\u0144ca<br>Nie odpuszcz\u0119 nie odst\u0105pi\u0119<\/p>\n\n\n\n<p class=\"has-text-align-left\"><strong><em><a href=\"https:\/\/youtu.be\/_z4LKZ4oAEw?si=PzSkVcM24J6FbRpy\">Strachy na Lachy &#8211; BTW (Mamy tylko siebie)<\/a><\/em><\/strong><\/p>\n\n\n\n<p>Poniewa\u017c tylko razem<br>Mo\u017cemy realizowa\u0107 Bo\u017cy plan dla naszego \u017cycia<br>I tego \u015bwiata<\/p>\n\n\n\n<p class=\"has-text-align-center\"><strong><em><a href=\"https:\/\/youtu.be\/Ov5UFmCvREY?si=066bEjcVdfAqG2aB\">De \u0141indows &#8211; Mamy tylko siebie <\/a><\/em><\/strong><\/p>\n\n\n\n<p>Wbrew wszelkiej nienawi\u015bci szatana<br>I jakichkolwiek pod\u0142ych s\u0142ug jego<br>Kt\u00f3rzy byleby tylko z\u0142o<br>Dla nas naszych naszego<br>Jej mi najpierw<br>Cho\u0107 inaczej<\/p>\n\n\n\n<p class=\"has-text-align-right\"><strong><em><a href=\"https:\/\/youtu.be\/cN5QPEEm6yA?si=mgf6qO3qgmbZ55oq\">De \u0141indows &#8211; Nielegalna<\/a><\/em><\/strong><\/p>\n\n\n\n<figure class=\"wp-block-gallery has-nested-images columns-default is-cropped wp-block-gallery-1 is-layout-flex wp-block-gallery-is-layout-flex\">\n<figure class=\"wp-block-image size-large\"><a href=\"https:\/\/hubertpietka.bialystok.pl\/wp-content\/uploads\/2024\/07\/IMG-20240714-WA0019.jpg\"><img loading=\"lazy\" decoding=\"async\" width=\"768\" height=\"1024\" data-id=\"8351\" src=\"https:\/\/hubertpietka.bialystok.pl\/wp-content\/uploads\/2024\/07\/IMG-20240714-WA0019-768x1024.jpg\" alt=\"\" class=\"wp-image-8351\" srcset=\"https:\/\/hubertpietka.bialystok.pl\/wp-content\/uploads\/2024\/07\/IMG-20240714-WA0019-768x1024.jpg 768w, https:\/\/hubertpietka.bialystok.pl\/wp-content\/uploads\/2024\/07\/IMG-20240714-WA0019-225x300.jpg 225w, https:\/\/hubertpietka.bialystok.pl\/wp-content\/uploads\/2024\/07\/IMG-20240714-WA0019-1152x1536.jpg 1152w, https:\/\/hubertpietka.bialystok.pl\/wp-content\/uploads\/2024\/07\/IMG-20240714-WA0019.jpg 1200w\" sizes=\"auto, (max-width: 768px) 100vw, 768px\" \/><\/a><\/figure>\n<\/figure>\n\n\n\n<p><em>Dzisiaj wspominany *<strong>Beszta-Bor-owski<\/strong>* Antoni<br>Trzeba nawet *<strong>beszta\u0107 borowc\u00f3w<\/strong>* odpowiednich<br>Jak cho\u0107by w Stanach<br>Przy zamachu na kandydata Trumpa<br>A co dopiero tych misi\u00f3w<br>Kt\u00f3rzy w Bielsku<br>Upatrzyli sobie moment komuni \u015bwi\u0119tej<br>By mnie dopa\u015b\u0107<br>W spos\u00f3b pod\u0142y i podst\u0119pny<\/em><\/p>\n\n\n\n<p>Dzi\u015b te\u017c \u015bw. *<em><strong>A-ta-na-z-ego<\/strong><\/em>*<br>*<em><strong>A ta<\/strong><\/em>* \u017cona moja<br>Wed\u0142ug sakramentu ma\u0142\u017ce\u0144skiego w Bogu<br>Jest *<em><strong>pod\u0142ug mego wn\u0119trza<\/strong><\/em>* ca\u0142kowicie<\/p>\n","protected":false},"excerpt":{"rendered":"<p>Poniewa\u017c ona ma tylko mnieTak do ko\u0144caNie odpuszcz\u0119 nie odst\u0105pi\u0119 Strachy na Lachy &#8211; BTW (Mamy tylko siebie) Poniewa\u017c tylko razemMo\u017cemy realizowa\u0107 Bo\u017cy plan dla&hellip; <\/p>\n","protected":false},"author":1,"featured_media":0,"parent":0,"menu_order":0,"comment_status":"closed","ping_status":"closed","template":"","meta":{"footnotes":""},"class_list":["post-8350","page","type-page","status-publish","hentry"],"_links":{"self":[{"href":"https:\/\/hubertpietka.bialystok.pl\/index.php?rest_route=\/wp\/v2\/pages\/8350","targetHints":{"allow":["GET"]}}],"collection":[{"href":"https:\/\/hubertpietka.bialystok.pl\/index.php?rest_route=\/wp\/v2\/pages"}],"about":[{"href":"https:\/\/hubertpietka.bialystok.pl\/index.php?rest_route=\/wp\/v2\/types\/page"}],"author":[{"embeddable":true,"href":"https:\/\/hubertpietka.bialystok.pl\/index.php?rest_route=\/wp\/v2\/users\/1"}],"replies":[{"embeddable":true,"href":"https:\/\/hubertpietka.bialystok.pl\/index.php?rest_route=%2Fwp%2Fv2%2Fcomments&post=8350"}],"version-history":[{"count":1,"href":"https:\/\/hubertpietka.bialystok.pl\/index.php?rest_route=\/wp\/v2\/pages\/8350\/revisions"}],"predecessor-version":[{"id":8352,"href":"https:\/\/hubertpietka.bialystok.pl\/index.php?rest_route=\/wp\/v2\/pages\/8350\/revisions\/8352"}],"wp:attachment":[{"href":"https:\/\/hubertpietka.bialystok.pl\/index.php?rest_route=%2Fwp%2Fv2%2Fmedia&parent=8350"}],"curies":[{"name":"wp","href":"https:\/\/api.w.org\/{rel}","templated":true}]}}