{"id":8365,"date":"2024-07-21T15:10:16","date_gmt":"2024-07-21T15:10:16","guid":{"rendered":"https:\/\/hubertpietka.bialystok.pl\/?page_id=8365"},"modified":"2024-07-21T15:10:16","modified_gmt":"2024-07-21T15:10:16","slug":"lekkomyslne-uczuc-rozne-postawy-rozum-ma-rownowazyc","status":"publish","type":"page","link":"https:\/\/hubertpietka.bialystok.pl\/?page_id=8365","title":{"rendered":"Lekkomy\u015blne uczu\u0107 r\u00f3\u017cne postawy \/ rozum ma r\u00f3wnowa\u017cy\u0107"},"content":{"rendered":"\n<p>Chocia\u017c lekkomy\u015blna bywa czasem niewiasta \ud83d\ude09<br>Bo kieruje si\u0119 bardziej uczuciem<br>To jednak jest<br>Wed\u0142ug mego serca ona<br>A do m\u0119\u017ca przynale\u017cy porz\u0105dkowa\u0107 \ud83d\ude42<\/p>\n\n\n\n<p>Mimo r\u00f3\u017cnych odruch\u00f3w<br><em>Kobieto wietrzny puchu<\/em> \ud83d\ude09<br>Mawia\u0142 wieszcz<br>Niezbadana droga *<strong>niewiasty<\/strong>*<br>Wed\u0142ug tego \u017ce przecie\u017c<br>*<strong>Nie wie\u015bci<\/strong>* najwa\u017cniejsze<br>A impulsy i uczucia czasem te\u017c przelotne <br>A rol\u0105 m\u0119\u017ca<br>Prostowa\u0107 te drogi r\u00f3\u017cne<\/p>\n\n\n\n<p>Tak czy inaczej<br>Jest ona wed\u0142ug serca upodobania<br>I wyrok\u00f3w Opatrzno\u015bci Bo\u017cej<br>Bo na niej na mnie<br>Piecz\u0119\u0107 sakramentu<\/p>\n\n\n\n<p>Dlatego ktokolwiek i jakkolwiek<br>Powa\u017cy si\u0119 na ni\u0105<br>(Na mnie naszych nasze i te zwierz\u0119ta)<br>Niech si\u0119 spodziewa Bo\u017cej reakcji<br>Bo nie mog\u0105 by\u0107 pozostawione<br>Zbrodnie z premedytacj\u0105 samym sobie<br>B\u00f3g odpowie na to<br>Bo to nie by\u0142o zakryte<\/p>\n\n\n\n<p>I \u017cadne zbrodnie<br>R\u00f3\u017cnych s\u0142ug z\u0142a pod\u0142ych<br>Nie mog\u0105 by\u0107 wyabstrahowane z tej rzeczywisto\u015bci<br>Bo z\u0142o ka\u017cde zwi\u0119ksza<br>Sum\u0119 z\u0142a w \u015bwiecie<br>I domaga si\u0119 Bo\u017cej odpowiedzi<\/p>\n\n\n\n<figure class=\"wp-block-gallery has-nested-images columns-default is-cropped wp-block-gallery-1 is-layout-flex wp-block-gallery-is-layout-flex\">\n<figure class=\"wp-block-image size-large\"><a href=\"https:\/\/hubertpietka.bialystok.pl\/wp-content\/uploads\/2024\/07\/Resized_20240721_022005.jpeg\"><img loading=\"lazy\" decoding=\"async\" width=\"1008\" height=\"756\" data-id=\"8366\" src=\"https:\/\/hubertpietka.bialystok.pl\/wp-content\/uploads\/2024\/07\/Resized_20240721_022005.jpeg\" alt=\"\" class=\"wp-image-8366\" srcset=\"https:\/\/hubertpietka.bialystok.pl\/wp-content\/uploads\/2024\/07\/Resized_20240721_022005.jpeg 1008w, https:\/\/hubertpietka.bialystok.pl\/wp-content\/uploads\/2024\/07\/Resized_20240721_022005-300x225.jpeg 300w, https:\/\/hubertpietka.bialystok.pl\/wp-content\/uploads\/2024\/07\/Resized_20240721_022005-768x576.jpeg 768w\" sizes=\"auto, (max-width: 1008px) 100vw, 1008px\" \/><\/a><\/figure>\n<\/figure>\n\n\n\n<p><em>Na zdj. Og\u00f3rki kiszone<br>Zrobione przez \u017con\u0119<br>Bo dobra gospodyni domu<br>I opiekunka jego stworze\u0144<br>W\u0142\u0105cznie ze mn\u0105<br>Ale to nie tylko<br>Cho\u0107by empatia oczywista<br>Dlatego zapomniane by\u0107 mog\u0105<br>Wszelkie wyskoki r\u00f3\u017cne<br>Tym bardziej \u017ce nie ur\u0105gaj\u0105 one jednak<br>Granicom rozs\u0105dku wobec m\u0119\u017ca<br>A wsp\u00f3lna wierna droga<br>Wszystko mo\u017ce pokona\u0107<\/em><\/p>\n\n\n\n<p class=\"has-text-align-center\">( <a style=\"font-style: italic;\" href=\"https:\/\/youtu.be\/VBDYT4wJAa4?si=-tJPyfu3QFG-srd6\">Marek Grechuta i *<strong>Ana-wa-m<\/strong>* &#8211; Niepewno\u015b\u0107 <\/a> )<\/p>\n","protected":false},"excerpt":{"rendered":"<p>Chocia\u017c lekkomy\u015blna bywa czasem niewiasta \ud83d\ude09Bo kieruje si\u0119 bardziej uczuciemTo jednak jestWed\u0142ug mego serca onaA do m\u0119\u017ca przynale\u017cy porz\u0105dkowa\u0107 \ud83d\ude42 Mimo r\u00f3\u017cnych odruch\u00f3wKobieto wietrzny puchu&hellip; <\/p>\n","protected":false},"author":1,"featured_media":0,"parent":0,"menu_order":0,"comment_status":"closed","ping_status":"closed","template":"","meta":{"footnotes":""},"class_list":["post-8365","page","type-page","status-publish","hentry"],"_links":{"self":[{"href":"https:\/\/hubertpietka.bialystok.pl\/index.php?rest_route=\/wp\/v2\/pages\/8365","targetHints":{"allow":["GET"]}}],"collection":[{"href":"https:\/\/hubertpietka.bialystok.pl\/index.php?rest_route=\/wp\/v2\/pages"}],"about":[{"href":"https:\/\/hubertpietka.bialystok.pl\/index.php?rest_route=\/wp\/v2\/types\/page"}],"author":[{"embeddable":true,"href":"https:\/\/hubertpietka.bialystok.pl\/index.php?rest_route=\/wp\/v2\/users\/1"}],"replies":[{"embeddable":true,"href":"https:\/\/hubertpietka.bialystok.pl\/index.php?rest_route=%2Fwp%2Fv2%2Fcomments&post=8365"}],"version-history":[{"count":1,"href":"https:\/\/hubertpietka.bialystok.pl\/index.php?rest_route=\/wp\/v2\/pages\/8365\/revisions"}],"predecessor-version":[{"id":8367,"href":"https:\/\/hubertpietka.bialystok.pl\/index.php?rest_route=\/wp\/v2\/pages\/8365\/revisions\/8367"}],"wp:attachment":[{"href":"https:\/\/hubertpietka.bialystok.pl\/index.php?rest_route=%2Fwp%2Fv2%2Fmedia&parent=8365"}],"curies":[{"name":"wp","href":"https:\/\/api.w.org\/{rel}","templated":true}]}}