{"id":8374,"date":"2024-07-25T10:34:31","date_gmt":"2024-07-25T10:34:31","guid":{"rendered":"https:\/\/hubertpietka.bialystok.pl\/?page_id=8374"},"modified":"2024-07-25T10:34:31","modified_gmt":"2024-07-25T10:34:31","slug":"z-poklonem-uniznym-wobec-slug-zla-roznych","status":"publish","type":"page","link":"https:\/\/hubertpietka.bialystok.pl\/?page_id=8374","title":{"rendered":"Z pok\u0142onem uni\u017cnym \/ wobec s\u0142ug z\u0142a r\u00f3\u017cnych"},"content":{"rendered":"\n<p>Chyba \u017cadna pod\u0142o\u015b\u0107 z ich strony<br>I im podobnym<br>Nie b\u0119dzie nam oszcz\u0119dzona<\/p>\n\n\n\n<p>Kiedy kupujesz na wsi domek<br>Nie zapomnij pospieszy\u0107 do so\u0142tyski<br>Z uni\u017conym pok\u0142onem<br>Bo mog\u0105 by\u0107 sprawy r\u00f3\u017cne<br>Rozegrane przeciwko tobie<br>Zreszt\u0105 sprawy ju\u017c wcze\u015bniej szemrane<br>I nie wa\u017cne<br>\u017be 5 os\u00f3b kupi\u0142o<br>Te\u017c domek w tym czasie w tej wsi<br>I nie pospieszy\u0142o z pok\u0142onem do so\u0142tyski<br>Przecie\u017c to w\u0142adza ludowa<br>Wi\u0119c wszystko si\u0119 mo\u017ce<br>Skupi\u0107 na tobie wszelkie przeciwno\u015bci<br>Wi\u0119c nie zapomnij ch\u0142opcze drogi<br>Pospieszy\u0107 z uni\u017conym pok\u0142onem do so\u0142tyski<br>Kiedy kupujesz domek<br>Bo wszystko i wszyscy<br>Mog\u0105 si\u0119 przeciwko tobie sprzysi\u0105c<\/p>\n\n\n\n<p>Podobnie z tym dzie\u0144 dobry<br>Uwa\u017caj bo mo\u017cesz dosta\u0107 wpier\u2026<br>Niewa\u017cne \u017ce jaka\u015b \u017cmijka s\u0142odka<br>Udaje \u017ce ci\u0119 nie zauwa\u017ca<br>Ty powiniene\u015b spieszy\u0107 z pok\u0142onem<br>Najlepiej na ca\u0142e osiedle<br>\u017beby s\u0142yszeli wszyscy twoje uni\u017cone dzie\u0144 dobry<br>I inne \u017cmije s\u0142odkie<br>Kt\u00f3rym m\u00f3wi\u0142e\u015b dzie\u0144 dobry<br>Ale jako\u015b nie odpowiada\u0142y<br>Wi\u0119c naturalnie przesta\u0142e\u015b<br>Mog\u0105 te\u017c zezna\u0107 odpowiednio<br>\u017be niekulturalny jeste\u015b<br>\u017bmijka s\u0142odka \u017ce ci\u0119 nie widzi udaje<br>A Podwilk Podkrakowski<br>Mo\u017ce to wykorzysta\u0107 przecie\u017c pi\u0119knie<br>Do na ciebie napa\u015bci<br>Tym bardziej \u017ce wsp\u00f3\u0142pracuje z nimi<br>Wi\u0119c wszystko \u015bwietnie pasuje<br>I to uwa\u017caj bo przecie\u017c<br>On ci\u0119 mo\u017ce napa\u015b\u0107<br>O ka\u017cdej porze dnia i nocy<br>I w domu i ko\u0142o niego<br>A z kolesiami r\u00f3\u017cnymi to przecie\u017c najlepiej<\/p>\n\n\n\n<p>Taka \u015bciema pi\u0119kna<br>Jako przyczynek do napa\u015bci<br>Zreszt\u0105 pod takim czy innym pozorem<br>Aktualnej zawsze<br>Czy Podwilk Podkrakowski czy inni lokalni<br>Czy misie nie tylko zreszt\u0105 i tutaj<br>Wykorzystuj\u0105c nagrania szczeg\u00f3lnie na ciebie przecie\u017c preparowane<br>Zreszt\u0105 oni i ich wsp\u00f3\u0142pracownicy<br>Mog\u0105 przecie\u017c wsz\u0119dzie wszystko<\/p>\n\n\n\n<p>\u017badna chyba pod\u0142o\u015b\u0107<br>Z ich strony i im podobnych<br>Nie ma nam by\u0107 oszcz\u0119dzona<br>A te\u017c wszelkie pod\u0142o\u015bci totalne<br>To najlepiej najpierw na ni\u0105<br>Gdziekolwiek i z kimkolwiek<br>Maj\u0105 oni swoje sposoby<br>Na r\u00f3\u017cne z premedytacj\u0105 zbrodnie<br>\u015amier\u0107 zniewolenie zniszczenie jej mi<br>Bliskim naszemu wed\u0142ug pod\u0142o\u015bci wszelkich<br>Totalitarnego dzia\u0142ania r\u00f3\u017cnych s\u0142ug z\u0142a<\/p>\n\n\n\n<p>Chyba nie b\u0119dzie nam oszcz\u0119dzona<br>\u017badna pod\u0142o\u015b\u0107 od nich<br>\u017be ju\u017c nie wspomn\u0119<br>O tych pomniejszych<br>A najlepiej pod jakim\u015b pretekstem<br>Pod\u0142o\u015bci najr\u00f3\u017cniejsze<br>Lubi\u0105 je mno\u017cy\u0107 oni<br>R\u00f3\u017cni s\u0142udzy z\u0142a partykularni<br>Cho\u0107 wszystko udaj\u0105 inaczej<\/p>\n\n\n\n<figure class=\"wp-block-image size-large is-resized\"><a href=\"https:\/\/hubertpietka.bialystok.pl\/wp-content\/uploads\/2024\/07\/IMG-20240720-WA0073.jpg\"><img loading=\"lazy\" decoding=\"async\" width=\"1024\" height=\"768\" src=\"https:\/\/hubertpietka.bialystok.pl\/wp-content\/uploads\/2024\/07\/IMG-20240720-WA0073-1024x768.jpg\" alt=\"\" class=\"wp-image-8375\" style=\"width:291px;height:auto\" srcset=\"https:\/\/hubertpietka.bialystok.pl\/wp-content\/uploads\/2024\/07\/IMG-20240720-WA0073-1024x768.jpg 1024w, https:\/\/hubertpietka.bialystok.pl\/wp-content\/uploads\/2024\/07\/IMG-20240720-WA0073-300x225.jpg 300w, https:\/\/hubertpietka.bialystok.pl\/wp-content\/uploads\/2024\/07\/IMG-20240720-WA0073-768x576.jpg 768w, https:\/\/hubertpietka.bialystok.pl\/wp-content\/uploads\/2024\/07\/IMG-20240720-WA0073-1536x1152.jpg 1536w, https:\/\/hubertpietka.bialystok.pl\/wp-content\/uploads\/2024\/07\/IMG-20240720-WA0073.jpg 1600w\" sizes=\"auto, (max-width: 1024px) 100vw, 1024px\" \/><\/a><\/figure>\n\n\n\n<p><em>Na zdj. Wysepka na rzece Bug<br>Je\u015bli \u015bwiat tych wszelkich pod\u0142o\u015bci<br>Zaleje t\u0105 wysp\u0119 ostoj\u0119 warto\u015bci<br>To ca\u0142y \u015bwiat zalej\u0105 te pod\u0142o\u015bci pomyje<br>I ten \u015bwiat zginie<\/em><\/p>\n\n\n\n<p><em>A do namys\u0142u dla niekt\u00f3rych jeszcze<br>Co jest wa\u017cniejsze<br>Maj\u0105tki pieni\u0105dze czy czyje\u015b \u017cycie<br>Tym bardziej je\u015bli od tego zale\u017cy<br>\u017bycie \u015bwiata tego<br>Bynajmniej nie tylko wieczne<br>Wbrew ich k\u0142amstwom fa\u0142szerstwom i manipulacjom wszelkim<\/em><\/p>\n\n\n\n<p><em>A ona jest jak ja<br>I koniec i tak pozostanie<br>Te\u017c do ko\u0144ca<br>Nawet je\u015bli ko\u0144ca tego \u015bwiata<\/em><\/p>\n\n\n\n<p><em>I ani mi Ani nam naszemu i naszym<br>S\u0142udzy z\u0142a r\u00f3\u017cni i ich wszelkie pod\u0142o\u015bci<br>Niech lepiej to powa\u017c\u0105 troch\u0119<br>I niech spadaj\u0105<br>Od nas im wara<br>Wszelkim s\u0142ugom z\u0142a<br>A partykularnie dzieciom szatana<br>Nic im do nas<br>Dlatego chc\u0105 nas zniszczy\u0107<br>I to robi\u0105<br>Na wszelkie pod\u0142e sposoby<\/em><\/p>\n","protected":false},"excerpt":{"rendered":"<p>Chyba \u017cadna pod\u0142o\u015b\u0107 z ich stronyI im podobnymNie b\u0119dzie nam oszcz\u0119dzona Kiedy kupujesz na wsi domekNie zapomnij pospieszy\u0107 do so\u0142tyskiZ uni\u017conym pok\u0142onemBo mog\u0105 by\u0107 sprawy&hellip; <\/p>\n","protected":false},"author":1,"featured_media":0,"parent":0,"menu_order":0,"comment_status":"closed","ping_status":"closed","template":"","meta":{"footnotes":""},"class_list":["post-8374","page","type-page","status-publish","hentry"],"_links":{"self":[{"href":"https:\/\/hubertpietka.bialystok.pl\/index.php?rest_route=\/wp\/v2\/pages\/8374","targetHints":{"allow":["GET"]}}],"collection":[{"href":"https:\/\/hubertpietka.bialystok.pl\/index.php?rest_route=\/wp\/v2\/pages"}],"about":[{"href":"https:\/\/hubertpietka.bialystok.pl\/index.php?rest_route=\/wp\/v2\/types\/page"}],"author":[{"embeddable":true,"href":"https:\/\/hubertpietka.bialystok.pl\/index.php?rest_route=\/wp\/v2\/users\/1"}],"replies":[{"embeddable":true,"href":"https:\/\/hubertpietka.bialystok.pl\/index.php?rest_route=%2Fwp%2Fv2%2Fcomments&post=8374"}],"version-history":[{"count":1,"href":"https:\/\/hubertpietka.bialystok.pl\/index.php?rest_route=\/wp\/v2\/pages\/8374\/revisions"}],"predecessor-version":[{"id":8376,"href":"https:\/\/hubertpietka.bialystok.pl\/index.php?rest_route=\/wp\/v2\/pages\/8374\/revisions\/8376"}],"wp:attachment":[{"href":"https:\/\/hubertpietka.bialystok.pl\/index.php?rest_route=%2Fwp%2Fv2%2Fmedia&parent=8374"}],"curies":[{"name":"wp","href":"https:\/\/api.w.org\/{rel}","templated":true}]}}