{"id":8378,"date":"2024-07-26T14:30:09","date_gmt":"2024-07-26T14:30:09","guid":{"rendered":"https:\/\/hubertpietka.bialystok.pl\/?page_id=8378"},"modified":"2024-07-26T14:30:09","modified_gmt":"2024-07-26T14:30:09","slug":"judaszem-i-barabaszem-i-ty-byc-przeciez-mozesz","status":"publish","type":"page","link":"https:\/\/hubertpietka.bialystok.pl\/?page_id=8378","title":{"rendered":"Judaszem i Barabaszem \/ i ty by\u0107 przecie\u017c mo\u017cesz"},"content":{"rendered":"\n<p>Uwaga og\u0142aszam<br><em>Casting na Judasza<\/em><br>Na razie w tym wykazuj\u0105 si\u0119 wspaniale<br>Pod-wilk Pod-krakowski i misie i tudzie\u017c krokodyle<br>Kto zdob\u0119dzie g\u0142\u00f3wn\u0105 nagrod\u0119<br>Kto prawdziwym Judaszem si\u0119 oka\u017ce<br>W sumie spos\u00f3b niewa\u017cny<br>A aspirowa\u0107 te\u017c mog\u0105<br>R\u00f3\u017cne inne szakale s\u0142u\u017cbowe<br>I s\u0119py lokalne w\u0119\u017ce i \u017cmije niby przypadkowe<br>Tudzie\u017c komu tylko si\u0119 zamarzy<br>Wzi\u0105\u0107 udzia\u0142 w tym castingu<br>Judaszem przecie\u017c mo\u017ce by\u0107 ka\u017cdy<br>Na pewno go nagrodz\u0105 i za to<\/p>\n\n\n\n<p>Bo oni nas prze\u015bladuj\u0105 za dar Bo\u017cy<br>Za to co B\u00f3g we mnie z\u0142o\u017cy\u0142<br>Czymkolwiek by to nie by\u0142o<br>Za to co z\u0142o\u017cy\u0142 w naszym sakramencie ma\u0142\u017ce\u0144stwa<br>Za to nas prze\u015bladuj\u0105 nieustannie<br>Oni i im podobni<br>S\u0142udzy z\u0142a bo nie walczyliby z darem Bo\u017cym<br>A id\u0105c dalej s\u0142udzy szatana<br>Bo to on zawsze z Bogiem walczy<\/p>\n\n\n\n<p>Uwaga og\u0142aszam<br><em>Konkurs na Barabasza<\/em><br>Kto zamiast kary za zbrodnie<br>Na niej na mnie bliskich i naszych zwierz\u0119tach<br>Ma by\u0107 nagrodzony za to<br>Uwaga og\u0142aszam konkurs na Barabasza<br>I podobnie jak z Judaszem<br>Ka\u017cdy mo\u017ce by\u0107 przecie\u017c Barabaszem<br>Na pewno nagrodz\u0105 go i za to<br>I na pewno podzi\u0119kuje mu odpowiednio<br>Za to i szatan<br>I wdzi\u0119czne mu b\u0119d\u0105 r\u00f3\u017cne dzieci diab\u0142a<\/p>\n\n\n\n<figure class=\"wp-block-gallery has-nested-images columns-default is-cropped wp-block-gallery-1 is-layout-flex wp-block-gallery-is-layout-flex\">\n<figure class=\"wp-block-image size-large\"><a href=\"https:\/\/hubertpietka.bialystok.pl\/wp-content\/uploads\/2024\/07\/IMG-20240718-WA0000.jpg\"><img loading=\"lazy\" decoding=\"async\" width=\"768\" height=\"1024\" data-id=\"8379\" src=\"https:\/\/hubertpietka.bialystok.pl\/wp-content\/uploads\/2024\/07\/IMG-20240718-WA0000-768x1024.jpg\" alt=\"\" class=\"wp-image-8379\" srcset=\"https:\/\/hubertpietka.bialystok.pl\/wp-content\/uploads\/2024\/07\/IMG-20240718-WA0000-768x1024.jpg 768w, https:\/\/hubertpietka.bialystok.pl\/wp-content\/uploads\/2024\/07\/IMG-20240718-WA0000-225x300.jpg 225w, https:\/\/hubertpietka.bialystok.pl\/wp-content\/uploads\/2024\/07\/IMG-20240718-WA0000-1152x1536.jpg 1152w, https:\/\/hubertpietka.bialystok.pl\/wp-content\/uploads\/2024\/07\/IMG-20240718-WA0000.jpg 1512w\" sizes=\"auto, (max-width: 768px) 100vw, 768px\" \/><\/a><\/figure>\n<\/figure>\n\n\n\n<p>Na zdj. <em>Jeste\u015bmy nape\u0142nieni Duchem \u015awi\u0119tym<\/em><br>Za to nas prze\u015bladuje duch tego \u015bwiata<br>Nad kt\u00f3rym w\u0142adz\u0119 sprawuje szatan<br>I wszelkie dzieci jego<br>Za \u017cycie w Bogu<br>I za te dary Bo\u017ce<br>Prze\u015bladuj\u0105 nas oni<br>I im podobni r\u00f3\u017cni partykularnie<br>Z\u0142a s\u0142udzy<\/p>\n\n\n\n<p>Dzi\u015b wspominana \u015bw. Anna i te\u017c *<strong>Jojakin<\/strong>*<br>*<strong>Jo ja kim<\/strong>* dla was<br>Dla s\u0142ug z\u0142a a w oczach Bo\u017cych<br>Anna i ja jeste\u015bmy darem<br>Kt\u00f3ry oni chc\u0105 zniszczy\u0107<br>R\u00f3\u017cni s\u0142udzy z\u0142a<br>Chc\u0105 zniszczy\u0107 dar Bo\u017cy<br>Dla ca\u0142ego \u015bwiata widoczny<br>Czy\u017c za to im i wszystkim<br>Wed\u0142ug ich k\u0142amstw i manipulacji<br>Nie zap\u0142aci odpowiednio Pan B\u00f3g<\/p>\n\n\n\n<p><strong><em><a href=\"https:\/\/youtu.be\/7IkVivQfjk0?si=3H4qefb-8Jf5gOih\">Farben Lehre &#8211; Judasz<\/a><\/em><\/strong><\/p>\n","protected":false},"excerpt":{"rendered":"<p>Uwaga og\u0142aszamCasting na JudaszaNa razie w tym wykazuj\u0105 si\u0119 wspanialePod-wilk Pod-krakowski i misie i tudzie\u017c krokodyleKto zdob\u0119dzie g\u0142\u00f3wn\u0105 nagrod\u0119Kto prawdziwym Judaszem si\u0119 oka\u017ceW sumie spos\u00f3b&hellip; <\/p>\n","protected":false},"author":1,"featured_media":0,"parent":0,"menu_order":0,"comment_status":"closed","ping_status":"closed","template":"","meta":{"footnotes":""},"class_list":["post-8378","page","type-page","status-publish","hentry"],"_links":{"self":[{"href":"https:\/\/hubertpietka.bialystok.pl\/index.php?rest_route=\/wp\/v2\/pages\/8378","targetHints":{"allow":["GET"]}}],"collection":[{"href":"https:\/\/hubertpietka.bialystok.pl\/index.php?rest_route=\/wp\/v2\/pages"}],"about":[{"href":"https:\/\/hubertpietka.bialystok.pl\/index.php?rest_route=\/wp\/v2\/types\/page"}],"author":[{"embeddable":true,"href":"https:\/\/hubertpietka.bialystok.pl\/index.php?rest_route=\/wp\/v2\/users\/1"}],"replies":[{"embeddable":true,"href":"https:\/\/hubertpietka.bialystok.pl\/index.php?rest_route=%2Fwp%2Fv2%2Fcomments&post=8378"}],"version-history":[{"count":1,"href":"https:\/\/hubertpietka.bialystok.pl\/index.php?rest_route=\/wp\/v2\/pages\/8378\/revisions"}],"predecessor-version":[{"id":8380,"href":"https:\/\/hubertpietka.bialystok.pl\/index.php?rest_route=\/wp\/v2\/pages\/8378\/revisions\/8380"}],"wp:attachment":[{"href":"https:\/\/hubertpietka.bialystok.pl\/index.php?rest_route=%2Fwp%2Fv2%2Fmedia&parent=8378"}],"curies":[{"name":"wp","href":"https:\/\/api.w.org\/{rel}","templated":true}]}}