{"id":8399,"date":"2024-08-04T08:00:08","date_gmt":"2024-08-04T08:00:08","guid":{"rendered":"https:\/\/hubertpietka.bialystok.pl\/?page_id=8399"},"modified":"2024-08-04T08:00:08","modified_gmt":"2024-08-04T08:00:08","slug":"kto-poszuka-znajdzie-do-szczucia-gdzie-moralna-i-duchowa-posucha","status":"publish","type":"page","link":"https:\/\/hubertpietka.bialystok.pl\/?page_id=8399","title":{"rendered":"Kto *poszuka* \/ znajdzie do *szczucia* \/\/ gdzie moralna i duchowa *posucha*"},"content":{"rendered":"\n<p>Kto za tym stoi<br>Bo to s\u0105 po prostu chyba mistrze<br>W szczuciu na nas wszystkich<br>*<strong>Szczu\u0107 mistrze<\/strong>*<br>I tutaj w tym miejscu<br><em>Wsi spokojna wsi weso\u0142a<\/em><br>A na nas oczywi\u015bcie samos\u0105dy<br>Daj\u0105 si\u0119 wykorzystywa\u0107 do tego<br>Tacy czy inni im<br>Pod pozorem takim czy innym<br>Byleby tylko nas dopa\u015b\u0107<br>A najlepiej przez niby swoich no przecie\u017c<br>Kto za tym stoi<\/p>\n\n\n\n<p>Tak samo by\u0142o te\u017c<br>Na tamtej wsi<br>Cz\u0142owiek wielki i s\u0105siedztwo<br>Szczucie na nas wsz\u0119dzie<br>I w Bia\u0142ymstoku podobnie<br>Cho\u0107by Podkrakowski Podwilk czy inni<br>Kto za tym stoi<br>I ile im za to p\u0142ac\u0105 i czym<br>Kas\u0105 niby spokojem szanta\u017cem<br>R\u00f3\u017cne maj\u0105 pewnie mo\u017cliwo\u015bci<br>Kto za tym wszystkim stoi<br>Kto wobec nas buntuje ludzi<br>Kto chce nas w tak pod\u0142y spos\u00f3b w\u0142a\u015bnie<br>Usun\u0105\u0107 zlikwidowa\u0107 zniszczy\u0107<br>A przez niby swoich najlepiej<br>A tak naprawd\u0119 kolaborant\u00f3w i sprzedawczyk\u00f3w przecie\u017c<br>Skoro tak w\u0142a\u015bnie<\/p>\n\n\n\n<p>Psy w\u015bciek\u0142e r\u00f3\u017cne<br>I dos\u0142ownie i w przeno\u015bni<br>Mo\u017cna znale\u017a\u0107 przecie\u017c wsz\u0119dzie<br>By ich nasy\u0142a\u0107 na nas<br>Czy tutaj czy zreszt\u0105 gdziekolwiek<\/p>\n\n\n\n<figure class=\"wp-block-gallery has-nested-images columns-default is-cropped wp-block-gallery-1 is-layout-flex wp-block-gallery-is-layout-flex\">\n<figure class=\"wp-block-image size-large\"><a href=\"https:\/\/hubertpietka.bialystok.pl\/wp-content\/uploads\/2024\/08\/IMG-20240803-WA0038.jpg\"><img loading=\"lazy\" decoding=\"async\" width=\"768\" height=\"1024\" data-id=\"8400\" src=\"https:\/\/hubertpietka.bialystok.pl\/wp-content\/uploads\/2024\/08\/IMG-20240803-WA0038-768x1024.jpg\" alt=\"\" class=\"wp-image-8400\" srcset=\"https:\/\/hubertpietka.bialystok.pl\/wp-content\/uploads\/2024\/08\/IMG-20240803-WA0038-768x1024.jpg 768w, https:\/\/hubertpietka.bialystok.pl\/wp-content\/uploads\/2024\/08\/IMG-20240803-WA0038-225x300.jpg 225w, https:\/\/hubertpietka.bialystok.pl\/wp-content\/uploads\/2024\/08\/IMG-20240803-WA0038-1152x1536.jpg 1152w, https:\/\/hubertpietka.bialystok.pl\/wp-content\/uploads\/2024\/08\/IMG-20240803-WA0038.jpg 1200w\" sizes=\"auto, (max-width: 768px) 100vw, 768px\" \/><\/a><\/figure>\n<\/figure>\n\n\n\n<p><em>Na zdj. Jezus Frasobliwy w Strabli<br>Na to wszystko patrzy<br>Czy\u017c B\u00f3g tego wszystkiego i nie widzi<br>Tych wszystkich podsyca\u0144 na nas<br>Do nienawi\u015bci i r\u00f3\u017cnych pod\u0142ych czyn\u00f3w<br>Kto za tym stoi to B\u00f3g wie<br>I do czego i kogo wykorzystuj\u0105 oni<br>Na r\u00f3\u017cne sposoby<br>Byleby tylko spe\u0142nia\u0107 wobec nas<br>Swe zap\u0119dy nienawistne<br>Przez takich czy innych<br>Oni s\u0105 tylko instrumentami z\u0142a<br>Za kt\u00f3rymi tak naprawd\u0119 ostatecznie<br>Stoi szatan niezmiennie<br>I jego r\u00f3\u017cni s\u0142udzy bezwzgl\u0119dni<br>Wed\u0142ug pod\u0142o\u015bci wszelkich<\/em><\/p>\n\n\n\n<p>\/<\/p>\n\n\n\n<p>(&#8230; <strong><em><a href=\"https:\/\/youtu.be\/TWXqNjt9998?feature=shared\">D\u017cem &#8211; Jak malowany ptak<\/a><\/em><\/strong> )<\/p>\n\n\n\n<figure class=\"wp-block-gallery has-nested-images columns-default is-cropped wp-block-gallery-2 is-layout-flex wp-block-gallery-is-layout-flex\"><\/figure>\n\n\n\n<p><\/p>\n","protected":false},"excerpt":{"rendered":"<p>Kto za tym stoiBo to s\u0105 po prostu chyba mistrzeW szczuciu na nas wszystkich*Szczu\u0107 mistrze*I tutaj w tym miejscuWsi spokojna wsi weso\u0142aA na nas oczywi\u015bcie&hellip; <\/p>\n","protected":false},"author":1,"featured_media":0,"parent":0,"menu_order":0,"comment_status":"closed","ping_status":"closed","template":"","meta":{"footnotes":""},"class_list":["post-8399","page","type-page","status-publish","hentry"],"_links":{"self":[{"href":"https:\/\/hubertpietka.bialystok.pl\/index.php?rest_route=\/wp\/v2\/pages\/8399","targetHints":{"allow":["GET"]}}],"collection":[{"href":"https:\/\/hubertpietka.bialystok.pl\/index.php?rest_route=\/wp\/v2\/pages"}],"about":[{"href":"https:\/\/hubertpietka.bialystok.pl\/index.php?rest_route=\/wp\/v2\/types\/page"}],"author":[{"embeddable":true,"href":"https:\/\/hubertpietka.bialystok.pl\/index.php?rest_route=\/wp\/v2\/users\/1"}],"replies":[{"embeddable":true,"href":"https:\/\/hubertpietka.bialystok.pl\/index.php?rest_route=%2Fwp%2Fv2%2Fcomments&post=8399"}],"version-history":[{"count":1,"href":"https:\/\/hubertpietka.bialystok.pl\/index.php?rest_route=\/wp\/v2\/pages\/8399\/revisions"}],"predecessor-version":[{"id":8402,"href":"https:\/\/hubertpietka.bialystok.pl\/index.php?rest_route=\/wp\/v2\/pages\/8399\/revisions\/8402"}],"wp:attachment":[{"href":"https:\/\/hubertpietka.bialystok.pl\/index.php?rest_route=%2Fwp%2Fv2%2Fmedia&parent=8399"}],"curies":[{"name":"wp","href":"https:\/\/api.w.org\/{rel}","templated":true}]}}