{"id":8429,"date":"2024-08-12T18:48:48","date_gmt":"2024-08-12T18:48:48","guid":{"rendered":"https:\/\/hubertpietka.bialystok.pl\/?page_id=8429"},"modified":"2024-08-12T19:45:48","modified_gmt":"2024-08-12T19:45:48","slug":"wszystko-ukartowane-a-plebiscyt-to-ma-byc-niemoralnego-plebsu-szczyt-byleby-tylko-niby-nie-swoimi-lapami-brudnymi-iv-wszystko-ukartowane-od-zniewolenia-po-smierci-zniszczenia-v-we","status":"publish","type":"page","link":"https:\/\/hubertpietka.bialystok.pl\/?page_id=8429","title":{"rendered":"Wszystko ukartowane \/ a *plebiscyt* to ma by\u0107\u00a0 \/\/ niemoralnego *plebsu szczyt*\/\/\/ byleby tylko niby nie swoimi \u0142apami brudnymi IV wszystko ukartowane &#8211; od zniewolenia po \u015bmierci, zniszczenia V wed\u0142ug szatana \u015bci\u015ble"},"content":{"rendered":"\n<p>Jak oni to cudnie rozgrywaj\u0105<br>Byleby tylko za\u0142atwi\u0107 t\u0105 spraw\u0119<br>Nie swoimi r\u0119kami<br>\u017be niby nic oni przecie\u017c<br>W spos\u00f3b wyrafinowany i\u015bcie szata\u0144sko<\/p>\n\n\n\n<p>Jak wielu tutaj by si\u0119 ucieszy\u0142o przecie\u017c<br>Z upadku cz\u0142owieka<br>Jak wielu tylko na to w\u0142a\u015bnie czeka<br>Przyklasn\u0105 Podwilkowi Podkrakowskiemu odpowiednio<br>Czy\u017c nie tak ma by\u0107<br>*<strong>Plebsu szczyt<\/strong>*<br>Plebiscyt lokalny osiedlowy czy tam zreszt\u0105 i jaki<br>Niech zrobi\u0105 i \u015bwiatowy<br>Byleby tylko za\u0142atwi\u0107 spraw\u0119<br>Niby nie swoimi r\u0119kami<br>Cho\u0107 do tego mo\u017cna przecie\u017c i zmierza\u0107<br>I nastawia\u0107 wszystko wszystkich odpowiednio<\/p>\n\n\n\n<p>I przy okazji robi\u0107 swoje<br>Wykorzystywa\u0107 misi\u00f3w i inne s\u0142u\u017cby<br>Do swych cel\u00f3w niecnych<br>Mo\u017cna i tak\u017ce<br>I innych pijaczk\u00f3w cho\u0107by bandyt\u00f3w<br>Wykokojon\u0105 m\u0142odzie\u017c czy tam zreszt\u0105 i jakich<br>I buntowa\u0107 wszystkich na nas<br>Zohydzi\u0107 nas w oczach \u015bwiata<br>Ale przecie\u017c nic oni<br>Poza tym wszystkim<br>Co robi\u0105 wsz\u0119dzie wok\u00f3\u0142<\/p>\n\n\n\n<p>A ile si\u0119 p\u0142aci<br>Podwilkowi Podkrakowskiemu Judaszowi pierwszemu<br>I innym jakimtamkolwiek<br>Tego nie powiedz\u0105 zapewne<br>Bo nic przecie\u017c oni<br>Oni tylko wok\u00f3\u0142<br>Robi\u0105 nieustannie przeciwko nam smrodek<\/p>\n\n\n\n<p>Tak\u017ce pi\u0119knie to rozgrywaj\u0105<br>Za\u0142atwia spraw\u0119 nie swoimi r\u0119kami<br>A kto\u015b z osiedla<br>Mo\u017ce poczu\u0107 si\u0119 przecie\u017c wielki<br>\u017be ma decydowa\u0107 o kim\u015b<br>Pana Boga maj\u0105 przecie\u017c te\u017c<br>G\u0142\u0119boko gdzie\u015b<br>Wa\u017cne przecie\u017c tylko<br>By oni dobrze si\u0119 poczuli<br>I inni kt\u00f3rym do moralno\u015bci jakiejkolwiek<br>Do\u015b\u0107 daleko<br>No chyba \u017ce do moralno\u015bci tzw.&nbsp; Kalego<br>Im mo\u017cna wszystko<br>A tobie przecie\u017c nic<br>I byleby tylko by\u0142o<br>Czym konsumpcj\u0119 zape\u0142nia\u0107<br>I kasa by si\u0119 zgadza\u0142a<br>A co tam jeden cz\u0142owiek<br>Czy jakie\u015b ma\u0142\u017ce\u0144stwo<br>Ci tam ze B\u00f3g za nimi stoi<br>B\u00f3g jest dzisiaj przecie\u017c niepotrzebny<br>Ideologi\u0119 r\u00f3\u017cne zast\u0119puj\u0105 go ca\u0142kowicie<br>I wyrugowuj\u0105 z \u017cycia<\/p>\n\n\n\n<p>A je\u015bli B\u00f3g odpowie i jednak<br>Na te niesprawiedliwo\u015bci ra\u017c\u0105ce<br>I r\u00f3\u017cne szata\u0144skie *<strong>rozgrywki<\/strong>*<br>A dla nich przecie\u017c to rubaszne *<strong>rozrywki<\/strong>*<br>To co wtedy<br>A tam \u017cyjmy pijmy piek\u0142a nie ma<\/p>\n\n\n\n<p>Tak\u017ce tak to rozgrywaj\u0105<br>I r\u00f3\u017cnych maj\u0105 judaszy<br>I poplecznik\u00f3w r\u00f3\u017cnych<br>Byleby tylko rozprawi\u0107 si\u0119 z nami odpowiednio<br>Najlepiej przez niby swoich<br>A tak naprawd\u0119 zdrajc\u00f3w<br>Kolaborant\u00f3w tajnych wsp\u00f3\u0142pracownik\u00f3w i sprzedawczyk\u00f3w<br>Takiej czy innej ma\u015bci<br>Od tych s\u0142u\u017cbowych po prywatnych<br>Trzeba przyzna\u0107 \u017ce cudne<br>W swej perfidii przewrotnej ob\u0142udnej<\/p>\n\n\n\n<p>A nam przecie\u017c mo\u017cna te\u017c<br>Ka\u017cde z\u0142o wsz\u0119dzie przez wszystkich<br>Byleby tylko wygl\u0105da\u0142o \u017ce przypadkowo to niby<br>To nam mo\u017cna uczyni\u0107<br>Pod\u0142o\u015b\u0107 ka\u017cd\u0105 z premedytacj\u0105<br>Ka\u017cd\u0105 zbrodnie byleby niby przypadkowo<br>Lub pod jakim\u015b innym pozorem<\/p>\n\n\n\n<p>Tak\u017ce tak\u0105 nam funduj\u0105 rzeczywisto\u015b\u0107<br>A jeszcze zapewne pi\u0119kniejsz\u0105 przysz\u0142o\u015b\u0107<br>Przy okazji i \u015bwiatu<br>Ale kto tam b\u0119dzie<br>Na to patrzy\u0142<\/p>\n\n\n\n<figure class=\"wp-block-gallery has-nested-images columns-default is-cropped wp-block-gallery-1 is-layout-flex wp-block-gallery-is-layout-flex\">\n<figure class=\"wp-block-image size-large\"><a href=\"https:\/\/hubertpietka.bialystok.pl\/wp-content\/uploads\/2024\/08\/IMG-20240729-WA0000.jpg\"><img loading=\"lazy\" decoding=\"async\" width=\"768\" height=\"1024\" data-id=\"8430\" src=\"https:\/\/hubertpietka.bialystok.pl\/wp-content\/uploads\/2024\/08\/IMG-20240729-WA0000-768x1024.jpg\" alt=\"\" class=\"wp-image-8430\" srcset=\"https:\/\/hubertpietka.bialystok.pl\/wp-content\/uploads\/2024\/08\/IMG-20240729-WA0000-768x1024.jpg 768w, https:\/\/hubertpietka.bialystok.pl\/wp-content\/uploads\/2024\/08\/IMG-20240729-WA0000-225x300.jpg 225w, https:\/\/hubertpietka.bialystok.pl\/wp-content\/uploads\/2024\/08\/IMG-20240729-WA0000-1152x1536.jpg 1152w, https:\/\/hubertpietka.bialystok.pl\/wp-content\/uploads\/2024\/08\/IMG-20240729-WA0000.jpg 1200w\" sizes=\"auto, (max-width: 768px) 100vw, 768px\" \/><\/a><\/figure>\n<\/figure>\n\n\n\n<p><em>Na zdj. \u015awi\u0119ty Micha\u0142 Archanio\u0142<br>Bo to wszystko od pocz\u0105tku<br>Jest diabelskie bardzo<br>Tak\u0105 perfidi\u0119 pod\u0142\u0105<br>W ka\u017cdym aspekcie spraw tych<br>Mog\u0105 czerpa\u0107 tylko od niego<br>A B\u00f3g jest m\u015bcicielem tego wszystkiego b\u0119dzie<br>Nie wierzycie to si\u0119 przekonacie<br>Zap\u0142acicie za to swoim \u017cyciem<br>I \u017cyciem \u015bwiata<\/em><\/p>\n\n\n\n<p>Zapomnia\u0142em te\u017c doda\u0107<br>\u017be zanim do tego plebiscytu<br>Tak szczytnego dojdzie<br>Wszyscy niewygodni maj\u0105 by\u0107 wyeliminowani co ju\u017c si\u0119 zreszt\u0105 od dawna robi<br>Od osiedla po perspektyw\u0119 ka\u017cd\u0105 szersz\u0105<br>A\u017c po narodow\u0105 nawet \u015bwiatow\u0105<br>Przecie\u017c plebiscyt\u00f3w wynik<br>Ma by\u0107 s\u0142uszny jedynie<br>Wed\u0142ug obowi\u0105zuj\u0105cych ideologii<br>I bynajmniej nie inaczej<br>Na co tam komu cho\u0107by Pan B\u00f3g<\/p>\n\n\n\n<p>Oczywi\u015bcie zanim mnie judasz pierwszy<br>Podwilk Podkrakowski nie dopadnie<br>Misie inne s\u0142u\u017cby czy tam zreszt\u0105 jacy judasze<br>I zanim nie dostan\u0119 ciosu<br>S\u0142usznego wed\u0142ug nich w plecy<br>Od kogotamkolwiek zreszt\u0105<br>Zaanga\u017cowa\u0107 mo\u017cna do tego wszystkich<br>Przez strach szanta\u017c czy pieni\u0105dze<\/p>\n","protected":false},"excerpt":{"rendered":"<p>Jak oni to cudnie rozgrywaj\u0105Byleby tylko za\u0142atwi\u0107 t\u0105 spraw\u0119Nie swoimi r\u0119kami\u017be niby nic oni przecie\u017cW spos\u00f3b wyrafinowany i\u015bcie szata\u0144sko Jak wielu tutaj by si\u0119 ucieszy\u0142o&hellip; <\/p>\n","protected":false},"author":1,"featured_media":0,"parent":0,"menu_order":0,"comment_status":"closed","ping_status":"closed","template":"","meta":{"footnotes":""},"class_list":["post-8429","page","type-page","status-publish","hentry"],"_links":{"self":[{"href":"https:\/\/hubertpietka.bialystok.pl\/index.php?rest_route=\/wp\/v2\/pages\/8429","targetHints":{"allow":["GET"]}}],"collection":[{"href":"https:\/\/hubertpietka.bialystok.pl\/index.php?rest_route=\/wp\/v2\/pages"}],"about":[{"href":"https:\/\/hubertpietka.bialystok.pl\/index.php?rest_route=\/wp\/v2\/types\/page"}],"author":[{"embeddable":true,"href":"https:\/\/hubertpietka.bialystok.pl\/index.php?rest_route=\/wp\/v2\/users\/1"}],"replies":[{"embeddable":true,"href":"https:\/\/hubertpietka.bialystok.pl\/index.php?rest_route=%2Fwp%2Fv2%2Fcomments&post=8429"}],"version-history":[{"count":2,"href":"https:\/\/hubertpietka.bialystok.pl\/index.php?rest_route=\/wp\/v2\/pages\/8429\/revisions"}],"predecessor-version":[{"id":8433,"href":"https:\/\/hubertpietka.bialystok.pl\/index.php?rest_route=\/wp\/v2\/pages\/8429\/revisions\/8433"}],"wp:attachment":[{"href":"https:\/\/hubertpietka.bialystok.pl\/index.php?rest_route=%2Fwp%2Fv2%2Fmedia&parent=8429"}],"curies":[{"name":"wp","href":"https:\/\/api.w.org\/{rel}","templated":true}]}}