{"id":8447,"date":"2024-08-17T13:12:48","date_gmt":"2024-08-17T13:12:48","guid":{"rendered":"https:\/\/hubertpietka.bialystok.pl\/?page_id=8447"},"modified":"2024-08-17T13:12:48","modified_gmt":"2024-08-17T13:12:48","slug":"wszelkich-zbrodniarzy-negowac-trzeba-a-nie-chwalic","status":"publish","type":"page","link":"https:\/\/hubertpietka.bialystok.pl\/?page_id=8447","title":{"rendered":"Wszelkich zbrodniarzy \/ negowa\u0107 trzeba a nie chwali\u0107"},"content":{"rendered":"\n<p>Debatuj\u0105 sobie wsz\u0119dzie wok\u00f3\u0142<br>A Podwilk Podkrakowski i inni z\u0142a s\u0142udzy misie cho\u0107by<br>Mog\u0105 robi\u0107 sobie co chc\u0105<br>Napada\u0107 na niewinnych<\/p>\n\n\n\n<p>Dla nich jestem szalony<br>Bo nie godz\u0119 si\u0119<br>Na ich wszelkie zbrodnie<br>Pocz\u0105wszy od zabicia \u017cony<br>Po bliskich zreszt\u0105 kogokolwiek<br>Dlatego dla nich jestem szalony<br>Bo oni ci\u0105gle dysz\u0105 zbrodniami<\/p>\n\n\n\n<p>Szatan nakry\u0142 ten \u015bwiat<br>Paj\u0119czyn\u0105 pod\u0142ych klamstw<br>Ludzie nie tylko akceptuj\u0105 zbrodnie<br>Ale i chwali\u0107 je mog\u0105<br>Zbrodnie na niewinnych<br>Si\u0119 przedstawia jako dobrodziejstwo<br>Dla ludzko\u015bci ca\u0142ej<br>Podobnie Hitler robi\u0142 i Stalin<\/p>\n\n\n\n<p>A zbrodnie s\u0105 zbrodniami<br>Jakkolwiek by to k\u0142amliwie przedstawiali<br>S\u0142udzy z\u0142a r\u00f3\u017cni<br>Wed\u0142ug ojca k\u0142amstw i zbrodni<br>Czyli szatana \u015bci\u015ble<\/p>\n\n\n\n<p>Zbrodniarzom pozwala si\u0119 dzia\u0142a\u0107<br>I chwaleni maj\u0105 by\u0107 zbrodniarze<br>Co oni zrobili z tym \u015bwiatem<br>\u017be zbrodnie maj\u0105 by\u0107 prawami tego \u015bwiata<br>Zbrodnie na niewinnych<br>Wed\u0142ug atrybut\u00f3w pieni\u0105dza i si\u0142y<br>I \u017c\u0105dzy przemocy<br>Jak w d\u017cungli zupe\u0142nie<\/p>\n\n\n\n<p>Dzi\u015b \u015bw. Jacka *<strong>Odro-w\u0105\u017ca<\/strong>*<br>Trzeba da\u0107 *<strong>odp\u00f3r w\u0119\u017com<\/strong>* tym<br>Bo \u015bwiat ju\u017c zszed\u0142 na Bogu ducha biedne psy<br>A zaraz to si\u0119 sko\u0144czy<br>W\u0142a\u015bnie przez ich zbrodnie<br>S\u0142ug z\u0142a r\u00f3\u017cnych<\/p>\n\n\n\n<figure class=\"wp-block-gallery has-nested-images columns-default is-cropped wp-block-gallery-1 is-layout-flex wp-block-gallery-is-layout-flex\">\n<figure class=\"wp-block-image size-large\"><a href=\"https:\/\/hubertpietka.bialystok.pl\/wp-content\/uploads\/2024\/08\/IMG-20240816-WA0010-1.jpg\"><img loading=\"lazy\" decoding=\"async\" width=\"1024\" height=\"768\" data-id=\"8448\" src=\"https:\/\/hubertpietka.bialystok.pl\/wp-content\/uploads\/2024\/08\/IMG-20240816-WA0010-1-1024x768.jpg\" alt=\"\" class=\"wp-image-8448\" srcset=\"https:\/\/hubertpietka.bialystok.pl\/wp-content\/uploads\/2024\/08\/IMG-20240816-WA0010-1-1024x768.jpg 1024w, https:\/\/hubertpietka.bialystok.pl\/wp-content\/uploads\/2024\/08\/IMG-20240816-WA0010-1-300x225.jpg 300w, https:\/\/hubertpietka.bialystok.pl\/wp-content\/uploads\/2024\/08\/IMG-20240816-WA0010-1-768x576.jpg 768w, https:\/\/hubertpietka.bialystok.pl\/wp-content\/uploads\/2024\/08\/IMG-20240816-WA0010-1-1536x1152.jpg 1536w, https:\/\/hubertpietka.bialystok.pl\/wp-content\/uploads\/2024\/08\/IMG-20240816-WA0010-1.jpg 1600w\" sizes=\"auto, (max-width: 1024px) 100vw, 1024px\" \/><\/a><\/figure>\n<\/figure>\n\n\n\n<p>Na zdj. Maryja ko\u015bci\u00f3\u0142 *<strong>Down-ary<\/strong>*<br>Oni *<strong>do\u0142uj\u0105 wszystkich<\/strong>*<br>\u015aci\u0105gaj\u0105 na dno moralne ten \u015bwiat ca\u0142y<br>Z\u0142a s\u0142ugi r\u00f3\u017cni<br>W\u0142a\u015bnie poprzez swe zbrodnie<br>I ich torencj\u0119<br>Jakby \u015bwiat zatolerowa\u0142 zbrodnie Hitlera i Stalina<br>To gdzie by\u015bmy dzisiaj byli<\/p>\n\n\n\n<p>Dzi\u015b te\u017c \u015bw. *<strong>Mir-ona<\/strong>*<br>Paradoksalnie mirem *<strong>pokojem jest ona<\/strong>*<br>Moja \u017cona<br>Nie wierzycie to zobaczycie<br>I Maryja jest pokojem<br>Do niej trzeba ucieka\u0107 si\u0119<br>Wiernie i nieustannie<br>By \u015bwiat zbrodni s\u0142ug z\u0142a<br>Nie zwr\u00f3ci\u0142 si\u0119 w stron\u0119 tego \u015bwiata<br>I nie zniszczy\u0142 go paradoksalnie<br>Ale te\u017c od wewn\u0105trz w\u0142a\u015bnie<br>Rozsadzaj\u0105c moralno\u015b\u0107 wszelk\u0105<br>Nie mo\u017cna pozwoli\u0107 by z\u0142o<br>Wszechw\u0142adnie zagarn\u0119\u0142o \u015bwiatem ten<\/p>\n\n\n\n<p>\/<\/p>\n\n\n\n<p class=\"has-text-align-center\"><strong><em><a href=\"https:\/\/youtu.be\/6kdctNVxn1E\">Piotr Rubik &#8211; Nie wstyd\u017a si\u0119 m\u00f3wi\u0107, \u017ce kochasz<\/a><\/em><\/strong><\/p>\n\n\n\n<p class=\"has-text-align-right\"><strong><em><a href=\"https:\/\/youtu.be\/Xw7dHi-JWSs\">Piotr Rubik &#8211; To ca\u0142a prawda <\/a><\/em><\/strong><\/p>\n","protected":false},"excerpt":{"rendered":"<p>Debatuj\u0105 sobie wsz\u0119dzie wok\u00f3\u0142A Podwilk Podkrakowski i inni z\u0142a s\u0142udzy misie cho\u0107byMog\u0105 robi\u0107 sobie co chc\u0105Napada\u0107 na niewinnych Dla nich jestem szalonyBo nie godz\u0119 si\u0119Na&hellip; <\/p>\n","protected":false},"author":1,"featured_media":0,"parent":0,"menu_order":0,"comment_status":"closed","ping_status":"closed","template":"","meta":{"footnotes":""},"class_list":["post-8447","page","type-page","status-publish","hentry"],"_links":{"self":[{"href":"https:\/\/hubertpietka.bialystok.pl\/index.php?rest_route=\/wp\/v2\/pages\/8447","targetHints":{"allow":["GET"]}}],"collection":[{"href":"https:\/\/hubertpietka.bialystok.pl\/index.php?rest_route=\/wp\/v2\/pages"}],"about":[{"href":"https:\/\/hubertpietka.bialystok.pl\/index.php?rest_route=\/wp\/v2\/types\/page"}],"author":[{"embeddable":true,"href":"https:\/\/hubertpietka.bialystok.pl\/index.php?rest_route=\/wp\/v2\/users\/1"}],"replies":[{"embeddable":true,"href":"https:\/\/hubertpietka.bialystok.pl\/index.php?rest_route=%2Fwp%2Fv2%2Fcomments&post=8447"}],"version-history":[{"count":1,"href":"https:\/\/hubertpietka.bialystok.pl\/index.php?rest_route=\/wp\/v2\/pages\/8447\/revisions"}],"predecessor-version":[{"id":8450,"href":"https:\/\/hubertpietka.bialystok.pl\/index.php?rest_route=\/wp\/v2\/pages\/8447\/revisions\/8450"}],"wp:attachment":[{"href":"https:\/\/hubertpietka.bialystok.pl\/index.php?rest_route=%2Fwp%2Fv2%2Fmedia&parent=8447"}],"curies":[{"name":"wp","href":"https:\/\/api.w.org\/{rel}","templated":true}]}}