{"id":8454,"date":"2024-08-18T11:01:02","date_gmt":"2024-08-18T11:01:02","guid":{"rendered":"https:\/\/hubertpietka.bialystok.pl\/?page_id=8454"},"modified":"2024-08-18T11:01:02","modified_gmt":"2024-08-18T11:01:02","slug":"bandyci-zbrodniarze-klamcy-odziedzicza-dziedzictwo-szatana-czyli-pieklo-wedlug-tego-komu-oni-sluza","status":"publish","type":"page","link":"https:\/\/hubertpietka.bialystok.pl\/?page_id=8454","title":{"rendered":"Bandyci zbrodniarze k\u0142amcy \/ odziedzicz\u0105 dziedzictwo szatana czyli piek\u0142o \/\/ wed\u0142ug tego komu oni s\u0142u\u017c\u0105"},"content":{"rendered":"\n<p>Co oni zrobili z tym \u015bwiatem<br>Z\u0142a s\u0142udzy r\u00f3\u017cni<br>\u017be niewinno\u015b\u0107 i czysto\u015b\u0107<br>Jest wy\u015bmiewana wyszydzana<br>\u017be si\u0119 j\u0105 neguje<\/p>\n\n\n\n<p>Jak oni ten \u015bwiat<br>Mogli omami\u0107 a\u017c tak<br>\u017be tych kt\u00f3rzy sprzeciwiaj\u0105 si\u0119 zbrodniarzom<br>Szalonymi si\u0119 nazywa<br>A szale\u0144stwa zbrodni wszelkich<br>Ma si\u0119 jednocze\u015bnie<br>W powa\u017caniu g\u0142\u0119bokim<br>Jak mo\u017cna by\u0142o tak odwr\u00f3ci\u0107<br>Odwieczny moralny porz\u0105dek<br>\u017be zbrodnie nazywa si\u0119 dobrem<\/p>\n\n\n\n<p>I ani mi Ani<br>Czy tam czy gdziekolwiek<br>Tak\u017ce przy jej powrocie<br>W jakikolwiek spos\u00f3b<br>To ja akurat z tym zrobi\u0119 tak w\u0142a\u015bnie<br>Porz\u0105dek Bo\u017cy<br>I przy okazji<br>Z ca\u0142ym tym zak\u0142amanym \u015bwiatem<br>Ani mi Ani<br>Z nami naszymi i naszym<br>I niech spadaj\u0105 na drzewo<br>Wed\u0142ug praw d\u017cungli<br>Kt\u00f3re tworz\u0105 nieustannie k\u0142amstwami zbrodniami<br>S\u0142udzy z\u0142a r\u00f3\u017cni<br>Jacykolwiek zreszt\u0105<br>I niech si\u0119 ode mnie za przeproszeniem<br>Tacy czy inni odpieprz\u0105<br>Kimkolwiek by nie byli<\/p>\n\n\n\n<figure class=\"wp-block-gallery has-nested-images columns-default is-cropped wp-block-gallery-1 is-layout-flex wp-block-gallery-is-layout-flex\">\n<figure class=\"wp-block-image size-large\"><a href=\"https:\/\/hubertpietka.bialystok.pl\/wp-content\/uploads\/2024\/08\/IMG-20240814-WA0175.jpg\"><img loading=\"lazy\" decoding=\"async\" width=\"768\" height=\"1024\" data-id=\"8455\" src=\"https:\/\/hubertpietka.bialystok.pl\/wp-content\/uploads\/2024\/08\/IMG-20240814-WA0175-768x1024.jpg\" alt=\"\" class=\"wp-image-8455\" srcset=\"https:\/\/hubertpietka.bialystok.pl\/wp-content\/uploads\/2024\/08\/IMG-20240814-WA0175-768x1024.jpg 768w, https:\/\/hubertpietka.bialystok.pl\/wp-content\/uploads\/2024\/08\/IMG-20240814-WA0175-225x300.jpg 225w, https:\/\/hubertpietka.bialystok.pl\/wp-content\/uploads\/2024\/08\/IMG-20240814-WA0175-1152x1536.jpg 1152w, https:\/\/hubertpietka.bialystok.pl\/wp-content\/uploads\/2024\/08\/IMG-20240814-WA0175.jpg 1200w\" sizes=\"auto, (max-width: 768px) 100vw, 768px\" \/><\/a><\/figure>\n\n\n\n<figure class=\"wp-block-image size-large\"><a href=\"https:\/\/hubertpietka.bialystok.pl\/wp-content\/uploads\/2024\/08\/IMG-20240814-WA0170.jpg\"><img loading=\"lazy\" decoding=\"async\" width=\"768\" height=\"1024\" data-id=\"8456\" src=\"https:\/\/hubertpietka.bialystok.pl\/wp-content\/uploads\/2024\/08\/IMG-20240814-WA0170-768x1024.jpg\" alt=\"\" class=\"wp-image-8456\" srcset=\"https:\/\/hubertpietka.bialystok.pl\/wp-content\/uploads\/2024\/08\/IMG-20240814-WA0170-768x1024.jpg 768w, https:\/\/hubertpietka.bialystok.pl\/wp-content\/uploads\/2024\/08\/IMG-20240814-WA0170-225x300.jpg 225w, https:\/\/hubertpietka.bialystok.pl\/wp-content\/uploads\/2024\/08\/IMG-20240814-WA0170-1152x1536.jpg 1152w, https:\/\/hubertpietka.bialystok.pl\/wp-content\/uploads\/2024\/08\/IMG-20240814-WA0170.jpg 1200w\" sizes=\"auto, (max-width: 768px) 100vw, 768px\" \/><\/a><\/figure>\n<\/figure>\n\n\n\n<p><em>Na zdj. 2 skrzyd\u0142a dyptyku<br>Jezus Mi\u0142osierny i \u015bw. Faustyna<br>Jezus Mi\u0142osierny i b\u0142. Micha\u0142<br>R\u00f3\u017cnym zbrodniarzem najlepiej<br>Uderza\u0107 w te 2 skrzyd\u0142a jednocze\u015bnie<br>I nie \u0142udzcie si\u0119<br>Nie b\u0119dzie mi\u0142osierdzia Bo\u017cego dla zbrodniarzy<br>Je\u015bli si\u0119 nie nawr\u00f3c\u0105 w Bo\u017cej prawdzie<br>Raczej ich czeka\u0107 b\u0119dzie<br>Karz\u0105ca Bo\u017ca sprawiedliwo\u015b\u0107<br>I zostan\u0105 zwr\u00f3ceni komu s\u0142u\u017c\u0105<br>Czyli szatanowi<br>Nie dajcie zwie\u015b\u0107 si\u0119<br>\u017be ka\u017cde z\u0142o k\u0142amstwa zbrodnie<br>T\u0142umaczy\u0107 mo\u017cna mi\u0142osierdziem Bo\u017cym<br>Ju\u017c omamili tym wszystkim<br>Ca\u0142y ten \u015bwiat<br>Ale Boga nie da si\u0119 omami\u0107 oszuka\u0107<br>Jak mo\u017cna ludzi<br>Czy zastraszy\u0107 i przekupi\u0107<\/em><\/p>\n\n\n\n<p>\/  <\/p>\n\n\n\n<p class=\"has-text-align-center\"><strong>Uwaga<\/strong>! <em>Nie dla dziec<\/em>i! &#8211;<\/p>\n\n\n\n<p class=\"has-text-align-right\">( <strong><em><a href=\"https:\/\/youtu.be\/pjexX7KT4fs\">Kazik na \u017cywo &#8211; Nie ma lito\u015bci<\/a><\/em><\/strong> )<\/p>\n","protected":false},"excerpt":{"rendered":"<p>Co oni zrobili z tym \u015bwiatemZ\u0142a s\u0142udzy r\u00f3\u017cni\u017be niewinno\u015b\u0107 i czysto\u015b\u0107Jest wy\u015bmiewana wyszydzana\u017be si\u0119 j\u0105 neguje Jak oni ten \u015bwiatMogli omami\u0107 a\u017c tak\u017be tych kt\u00f3rzy&hellip; <\/p>\n","protected":false},"author":1,"featured_media":0,"parent":0,"menu_order":0,"comment_status":"closed","ping_status":"closed","template":"","meta":{"footnotes":""},"class_list":["post-8454","page","type-page","status-publish","hentry"],"_links":{"self":[{"href":"https:\/\/hubertpietka.bialystok.pl\/index.php?rest_route=\/wp\/v2\/pages\/8454","targetHints":{"allow":["GET"]}}],"collection":[{"href":"https:\/\/hubertpietka.bialystok.pl\/index.php?rest_route=\/wp\/v2\/pages"}],"about":[{"href":"https:\/\/hubertpietka.bialystok.pl\/index.php?rest_route=\/wp\/v2\/types\/page"}],"author":[{"embeddable":true,"href":"https:\/\/hubertpietka.bialystok.pl\/index.php?rest_route=\/wp\/v2\/users\/1"}],"replies":[{"embeddable":true,"href":"https:\/\/hubertpietka.bialystok.pl\/index.php?rest_route=%2Fwp%2Fv2%2Fcomments&post=8454"}],"version-history":[{"count":1,"href":"https:\/\/hubertpietka.bialystok.pl\/index.php?rest_route=\/wp\/v2\/pages\/8454\/revisions"}],"predecessor-version":[{"id":8457,"href":"https:\/\/hubertpietka.bialystok.pl\/index.php?rest_route=\/wp\/v2\/pages\/8454\/revisions\/8457"}],"wp:attachment":[{"href":"https:\/\/hubertpietka.bialystok.pl\/index.php?rest_route=%2Fwp%2Fv2%2Fmedia&parent=8454"}],"curies":[{"name":"wp","href":"https:\/\/api.w.org\/{rel}","templated":true}]}}