{"id":8461,"date":"2024-08-19T10:27:40","date_gmt":"2024-08-19T10:27:40","guid":{"rendered":"https:\/\/hubertpietka.bialystok.pl\/?page_id=8461"},"modified":"2024-08-19T10:27:40","modified_gmt":"2024-08-19T10:27:40","slug":"klamstwami-wszelkimi-i-zbrodniami-zniszczyc-to-malzenstwo-ktore-przeciwko-ich-zlu-swiadczy","status":"publish","type":"page","link":"https:\/\/hubertpietka.bialystok.pl\/?page_id=8461","title":{"rendered":"K\u0142amstwami wszelkimi i zbrodniami \/ zniszczy\u0107 to ma\u0142\u017ce\u0144stwo \/\/ kt\u00f3re  przeciwko ich z\u0142u \u015bwiadczy"},"content":{"rendered":"\n<p>Du\u017co oni maj\u0105 mo\u017cliwo\u015bci<br>By wykorzystywa\u0107 przeciwko nam wszystko<br>Potrafi\u0105 to rozgrywa\u0107<br>Przecie\u017c ich jest wielu<br>Ch\u0119tnie pos\u0142uguj\u0105 si\u0119 te\u017c k\u0142amstwem<br>By zniszczy\u0107 to ma\u0142\u017ce\u0144stwo<br>\u015aci\u015ble wed\u0142ug tendencji szatana<br>S\u0142udzy z\u0142a r\u00f3\u017cni<br>A ta ostateczna walka<br>Mi\u0119dzy s\u0142ugami Boga a szatana<br>Rozegra si\u0119 tu si\u0119 ju\u017c rozgrywa<br>O to ma\u0142\u017ce\u0144stwo<br>I t\u0105 ca\u0142\u0105 rodzin\u0119<br>I wszystkie dobre ma\u0142\u017ce\u0144stwa inne<\/p>\n\n\n\n<p>Ma\u0142\u017ce\u0144stwo jest pe\u0142ni\u0105<br>Nawet je\u015bli jest bezdzietne<br>Ma potencja\u0142 by wykorzystywa\u0107 go<br>Te\u017c gdzie indziej<br>Nie by\u0142o by tego<br>Gdyby by\u0142y dzieci<br>Dlatego oni te\u017c tym mami\u0105<br>Bo to ma\u0142\u017ce\u0144stwo nie mia\u0142oby si\u0142y cho\u0107by<br>Do walki z nimi<br>I z ca\u0142ym z\u0142em tym<\/p>\n\n\n\n<p>Innego ma\u0142\u017ce\u0144stwa tu nie b\u0119dzie<br>Z ca\u0142\u0105 moc\u0105 to m\u00f3wi\u0119<br>Nic nie b\u0119dzie<br>I chyba ich pogi\u0119\u0142o<br>Zgodnie z ich ob\u0142udnymi k\u0142amstwami<br>\u017be ja jestem b\u0119d\u0119 by\u0142em<br>Pedofilem lub wybaczcie peda\u0142em<br>Tak te\u017c tymi manipulacjami r\u00f3\u017cnymi<br>Uderzaj\u0105 w tego ma\u0142\u017ce\u0144stwa<br>Czysto\u015b\u0107 i jasn\u0105 pe\u0142nie sakramentaln\u0105<br>Wszystko zgodnie z tendencjami szatana<\/p>\n\n\n\n<p>Najgorsze pod\u0142o\u015bci s\u0142udzy z\u0142a r\u00f3\u017cni<br>Na nas naszych i nasze<br>Byleby tylko \u017cycia i wolno\u015bci<br>Nas pozbawi\u0107<br>I tym usprawiedliwia\u0107 fa\u0142szem wszelkim<br>Ich zbrodnie i zamiary niecne<\/p>\n\n\n\n<figure class=\"wp-block-gallery has-nested-images columns-default is-cropped wp-block-gallery-1 is-layout-flex wp-block-gallery-is-layout-flex\">\n<figure class=\"wp-block-image size-large\"><a href=\"https:\/\/hubertpietka.bialystok.pl\/wp-content\/uploads\/2024\/08\/IMG-20240814-WA0002.jpg\"><img loading=\"lazy\" decoding=\"async\" width=\"1024\" height=\"768\" data-id=\"8462\" src=\"https:\/\/hubertpietka.bialystok.pl\/wp-content\/uploads\/2024\/08\/IMG-20240814-WA0002-1024x768.jpg\" alt=\"\" class=\"wp-image-8462\" srcset=\"https:\/\/hubertpietka.bialystok.pl\/wp-content\/uploads\/2024\/08\/IMG-20240814-WA0002-1024x768.jpg 1024w, https:\/\/hubertpietka.bialystok.pl\/wp-content\/uploads\/2024\/08\/IMG-20240814-WA0002-300x225.jpg 300w, https:\/\/hubertpietka.bialystok.pl\/wp-content\/uploads\/2024\/08\/IMG-20240814-WA0002-768x576.jpg 768w, https:\/\/hubertpietka.bialystok.pl\/wp-content\/uploads\/2024\/08\/IMG-20240814-WA0002-1536x1152.jpg 1536w, https:\/\/hubertpietka.bialystok.pl\/wp-content\/uploads\/2024\/08\/IMG-20240814-WA0002.jpg 1600w\" sizes=\"auto, (max-width: 1024px) 100vw, 1024px\" \/><\/a><\/figure>\n<\/figure>\n\n\n\n<p><em>Na zdj. Kemping w Hucie podsuwalskiej<br>Przywo\u0142uje troch\u0119 wspomnienia g\u00f3rniczego Olkusza<br>Je\u015bli oni zabior\u0105 mi<br>To moje s\u0142o\u0144ce<br>W jakikolwiek zreszt\u0105 spos\u00f3b<br>To zga\u015bnie te\u017c s\u0142o\u0144ce<br>Dla ca\u0142ego tego \u015bwiata<br>Powiedzia\u0142em<br>I \u017cadne ich niecne zabiegi<br>Misi\u00f3w Podwilk\u00f3w r\u00f3\u017cnych<br>Czy tam zreszt\u0105 jakich<br>Nie powstrzymaj\u0105 tego<br>Czy oni w to zreszt\u0105 wierz\u0105 czy nie<br>I mimo ich k\u0142amstw<br>Perfidnych pod\u0142ych z premedytacj\u0105<br>Wbrew ich zbrodni wszelkich \u017c\u0105dzom<br>Stycznych z szatana nienawi\u015bci\u0105<br>Do rodzaju ludzkiego Bo\u017cych dzieci<br>I ani mi Ani<br>Z nami naszymi i naszym<\/em><\/p>\n\n\n\n<p class=\"has-text-align-center\"><strong><em><a href=\"https:\/\/youtu.be\/qUx-cXzTTB8\">Krystyna Gi\u017cowska &#8211; Prze\u017cy\u0142am z tob\u0105 tyle lat<\/a><\/em><\/strong><\/p>\n\n\n\n<ul class=\"wp-block-list\">\n<li><em>W czasie tera\u017aniejszym niedoko\u0144czonym &#8211; logicznie, jak by kto\u015b nie wiedzia\u0142, lub chcia\u0142 i to przek\u0142amywa\u0107 <\/em><\/li>\n<\/ul>\n","protected":false},"excerpt":{"rendered":"<p>Du\u017co oni maj\u0105 mo\u017cliwo\u015bciBy wykorzystywa\u0107 przeciwko nam wszystkoPotrafi\u0105 to rozgrywa\u0107Przecie\u017c ich jest wieluCh\u0119tnie pos\u0142uguj\u0105 si\u0119 te\u017c k\u0142amstwemBy zniszczy\u0107 to ma\u0142\u017ce\u0144stwo\u015aci\u015ble wed\u0142ug tendencji szatanaS\u0142udzy z\u0142a r\u00f3\u017cniA&hellip; <\/p>\n","protected":false},"author":1,"featured_media":0,"parent":0,"menu_order":0,"comment_status":"closed","ping_status":"closed","template":"","meta":{"footnotes":""},"class_list":["post-8461","page","type-page","status-publish","hentry"],"_links":{"self":[{"href":"https:\/\/hubertpietka.bialystok.pl\/index.php?rest_route=\/wp\/v2\/pages\/8461","targetHints":{"allow":["GET"]}}],"collection":[{"href":"https:\/\/hubertpietka.bialystok.pl\/index.php?rest_route=\/wp\/v2\/pages"}],"about":[{"href":"https:\/\/hubertpietka.bialystok.pl\/index.php?rest_route=\/wp\/v2\/types\/page"}],"author":[{"embeddable":true,"href":"https:\/\/hubertpietka.bialystok.pl\/index.php?rest_route=\/wp\/v2\/users\/1"}],"replies":[{"embeddable":true,"href":"https:\/\/hubertpietka.bialystok.pl\/index.php?rest_route=%2Fwp%2Fv2%2Fcomments&post=8461"}],"version-history":[{"count":1,"href":"https:\/\/hubertpietka.bialystok.pl\/index.php?rest_route=\/wp\/v2\/pages\/8461\/revisions"}],"predecessor-version":[{"id":8463,"href":"https:\/\/hubertpietka.bialystok.pl\/index.php?rest_route=\/wp\/v2\/pages\/8461\/revisions\/8463"}],"wp:attachment":[{"href":"https:\/\/hubertpietka.bialystok.pl\/index.php?rest_route=%2Fwp%2Fv2%2Fmedia&parent=8461"}],"curies":[{"name":"wp","href":"https:\/\/api.w.org\/{rel}","templated":true}]}}