{"id":8467,"date":"2024-08-19T22:53:07","date_gmt":"2024-08-19T22:53:07","guid":{"rendered":"https:\/\/hubertpietka.bialystok.pl\/?page_id=8467"},"modified":"2024-08-19T22:53:07","modified_gmt":"2024-08-19T22:53:07","slug":"huziaki-tez-wszystko-ma-byc-pod-ich-dyktando","status":"publish","type":"page","link":"https:\/\/hubertpietka.bialystok.pl\/?page_id=8467","title":{"rendered":"Huziaki \/ te\u017c wszystko ma by\u0107 \/\/ pod ich dyktando"},"content":{"rendered":"\n<p>M\u00f3wisz masz<br>Oni wszystko zrobi\u0105<br>Wykorzystuj\u0105c wszystkich<br>Byleby tylko nam jako\u015b zaszkodzi\u0107<\/p>\n\n\n\n<p>Tak na tej wsi<br>Prawnik m\u00f3wi \u017ce granica dzia\u0142ki<br>Ma biec w linii prostej<br>Obejmuj\u0105c budynki<br>Tak w przypadku zasiedzenia<br>Na s\u0105siedniej dzia\u0142ce<br>(O w\u0105tpliwym zreszt\u0105 podziale<br>Bo gdzie\u015b uciek\u0142o 150 metr\u00f3w tej dzia\u0142ki)<br>A oni kre\u015bl\u0105 esy floresy<br>Nie do\u015b\u0107 \u017ce dzia\u0142ka i tak w\u0105ska<br>To chc\u0105 z niej zrobi\u0107 kiszk\u0119 kilkumetrow\u0105<br>Nie do \u017cycia<br>Z wyci\u0119ciami tylko na budynki<\/p>\n\n\n\n<p>Ale przecie\u017c wszystko mo\u017cna zrobi\u0107<br>Jak ma si\u0119 odpowiednie plecy<br>A poza tym<br>*<strong>Huzia na J\u00f3zia<\/strong>* najlepiej zawsze<br>Takie to *<strong>Huziaki<\/strong>*<br>Ciekawy jestem czy oni<br>By tak chcieli<br>Mie\u0107 esy floresy na swoich dzia\u0142ek granicach<br>I kilkumetrow\u0105 kiszk\u0119<br>Z kt\u00f3r\u0105 co robi\u0107 potem<\/p>\n\n\n\n<p>Ale przecie\u017c wszystko by\u0107 musi<br>Wed\u0142ug ich \u015bci\u015ble okre\u015blonych tendencji<br>Byleby tylko nam jako\u015b zaszkodzi\u0107<br>Przez takich zreszt\u0105 czy innych<br>I to dotyczy chyba ka\u017cdych<br>\u017byciowych sytuacji naszych<br>Zawzi\u0119li si\u0119 oni na to<br>By nas chocia\u017c tylko skrzywdzi\u0107<br>\u017be nie wspomn\u0119 \u017ce te\u017c<br>Zniewoli\u0107 zabi\u0107<br>Nas naszych nasze<br>Wszystko w spos\u00f3b pod\u0142y<br>\u017be oni nic<br>Tylko kto\u015b<br>I \u017ce z zupe\u0142nie innego a jak\u017ce powodu<br>Byleby tylko wytyczne szatana<br>By\u0142y spe\u0142nione<br>Taka to sprawa zreszt\u0105 niejedyna<br>S\u0142ug z\u0142a<\/p>\n\n\n\n<figure class=\"wp-block-gallery has-nested-images columns-default is-cropped wp-block-gallery-1 is-layout-flex wp-block-gallery-is-layout-flex\">\n<figure class=\"wp-block-image size-large\"><a href=\"https:\/\/hubertpietka.bialystok.pl\/wp-content\/uploads\/2024\/08\/Resized_20240728_200840.jpeg\"><img loading=\"lazy\" decoding=\"async\" width=\"1008\" height=\"756\" data-id=\"8468\" src=\"https:\/\/hubertpietka.bialystok.pl\/wp-content\/uploads\/2024\/08\/Resized_20240728_200840.jpeg\" alt=\"\" class=\"wp-image-8468\" srcset=\"https:\/\/hubertpietka.bialystok.pl\/wp-content\/uploads\/2024\/08\/Resized_20240728_200840.jpeg 1008w, https:\/\/hubertpietka.bialystok.pl\/wp-content\/uploads\/2024\/08\/Resized_20240728_200840-300x225.jpeg 300w, https:\/\/hubertpietka.bialystok.pl\/wp-content\/uploads\/2024\/08\/Resized_20240728_200840-768x576.jpeg 768w\" sizes=\"auto, (max-width: 1008px) 100vw, 1008px\" \/><\/a><\/figure>\n<\/figure>\n\n\n\n<p><em>Na zdj. Zach\u00f3d s\u0142o\u0144ca<br>Blisko tej miejscowo\u015bci<br>B\u00f3g widzi ka\u017cd\u0105 pod\u0142o\u015b\u0107<br>Nic si\u0119 nie ukryje przed\u00a0 Panem Bogiem<br>B\u00f3g zna intencje<br>I zarz\u0105dzaj\u0105ce nimi tendencje<br>Boga si\u0119 nie omami<br>Jak oni ci\u0105gle pr\u00f3buj\u0105<br>Mami\u0107 r\u00f3\u017cnych ludzi<br>A intryga k\u0142amstw<br>To domena ich dzia\u0142a\u0144<br>I tych niestety<br>Kt\u00f3rzy wsp\u00f3\u0142pracuj\u0105 z nimi<\/em><\/p>\n","protected":false},"excerpt":{"rendered":"<p>M\u00f3wisz maszOni wszystko zrobi\u0105Wykorzystuj\u0105c wszystkichByleby tylko nam jako\u015b zaszkodzi\u0107 Tak na tej wsiPrawnik m\u00f3wi \u017ce granica dzia\u0142kiMa biec w linii prostejObejmuj\u0105c budynkiTak w przypadku zasiedzeniaNa&hellip; <\/p>\n","protected":false},"author":1,"featured_media":0,"parent":0,"menu_order":0,"comment_status":"closed","ping_status":"closed","template":"","meta":{"footnotes":""},"class_list":["post-8467","page","type-page","status-publish","hentry"],"_links":{"self":[{"href":"https:\/\/hubertpietka.bialystok.pl\/index.php?rest_route=\/wp\/v2\/pages\/8467","targetHints":{"allow":["GET"]}}],"collection":[{"href":"https:\/\/hubertpietka.bialystok.pl\/index.php?rest_route=\/wp\/v2\/pages"}],"about":[{"href":"https:\/\/hubertpietka.bialystok.pl\/index.php?rest_route=\/wp\/v2\/types\/page"}],"author":[{"embeddable":true,"href":"https:\/\/hubertpietka.bialystok.pl\/index.php?rest_route=\/wp\/v2\/users\/1"}],"replies":[{"embeddable":true,"href":"https:\/\/hubertpietka.bialystok.pl\/index.php?rest_route=%2Fwp%2Fv2%2Fcomments&post=8467"}],"version-history":[{"count":1,"href":"https:\/\/hubertpietka.bialystok.pl\/index.php?rest_route=\/wp\/v2\/pages\/8467\/revisions"}],"predecessor-version":[{"id":8469,"href":"https:\/\/hubertpietka.bialystok.pl\/index.php?rest_route=\/wp\/v2\/pages\/8467\/revisions\/8469"}],"wp:attachment":[{"href":"https:\/\/hubertpietka.bialystok.pl\/index.php?rest_route=%2Fwp%2Fv2%2Fmedia&parent=8467"}],"curies":[{"name":"wp","href":"https:\/\/api.w.org\/{rel}","templated":true}]}}