{"id":847,"date":"2018-01-29T11:41:04","date_gmt":"2018-01-29T11:41:04","guid":{"rendered":"http:\/\/hubertpietka.bialystok.pl\/?page_id=847"},"modified":"2018-01-29T11:41:04","modified_gmt":"2018-01-29T11:41:04","slug":"apokalipsa-wg-hubala","status":"publish","type":"page","link":"https:\/\/hubertpietka.bialystok.pl\/?page_id=847","title":{"rendered":"Apokalipsa \/wg Hubala\/"},"content":{"rendered":"<p><span class=\" UFICommentActorAndBody\"> <span data-ft=\"{&quot;tn&quot;:&quot;K&quot;}\"><span class=\"UFICommentBody _1n4g\"><strong>Apokalipsa <em>\/wg Hubala\/<\/em><\/strong><\/p>\n<p>I<br \/>\nBiada dopuszczaj\u0105cym si\u0119 nieprawo\u015bci<br \/>\nBiada<\/p>\n<p>Biada<br \/>\nK\u0142ami\u0105cym bezczelnie<br \/>\nBiada<\/p>\n<p>Biada czyhaj\u0105cym na innych<br \/>\nBiada<\/p>\n<p>Biada prze\u015bladowcom<br \/>\nBiada<\/p>\n<p><\/span><\/span><\/span><\/p>\n<p><span class=\" UFICommentActorAndBody\"><span data-ft=\"{&quot;tn&quot;:&quot;K&quot;}\"><span class=\"UFICommentBody _1n4g\">4 biada min\u0119\u0142y<br \/>\n2 nast\u0119pne ju\u017c nast\u0119puj\u0105<\/p>\n<p>Biada daj\u0105cym pos\u0142uch z\u0142u<br \/>\nBiada<\/p>\n<p>Biada zab\u00f3jcom i ob\u0142udnikom<\/span><\/span><\/span><\/p>\n<p><span class=\" UFICommentActorAndBody\"><span data-ft=\"{&quot;tn&quot;:&quot;K&quot;}\"><span class=\"UFICommentBody _1n4g\">Parobkom wszelkim z\u0142a<br \/>\nBiada<\/p>\n<p><\/span><\/span><\/span><\/p>\n<p><span class=\" UFICommentActorAndBody\"><span data-ft=\"{&quot;tn&quot;:&quot;K&quot;}\"><span class=\"UFICommentBody _1n4g\">Je\u015bli si\u0119 nie nawr\u00f3cicie<br \/>\nMarnie w grzechach swoich poginiecie<\/p>\n<p>Kto pod kim do\u0142ki kopie<br \/>\nSam w dole z b\u0142otem si\u0119 utopi<\/p>\n<p><\/span><\/span><\/span><\/p>\n<p><span class=\" UFICommentActorAndBody\"><span data-ft=\"{&quot;tn&quot;:&quot;K&quot;}\"><span class=\"UFICommentBody _1n4g\">Biada<br \/>\nPrzyjdzie bieda na wszystkich z\u0142o czyni\u0105cych<br \/>\nW s\u0142owie i my\u015bli<\/span><\/span><\/span><\/p>\n<p><span class=\" UFICommentActorAndBody\"><span data-ft=\"{&quot;tn&quot;:&quot;K&quot;}\"><span class=\"UFICommentBody _1n4g\">Aktywnie dzia\u0142aj\u0105cych i biernie si\u0119 temu przygl\u0105daj\u0105cych<\/span><\/span><\/span><\/p>\n<p>&nbsp;<\/p>\n<p><span class=\" UFICommentActorAndBody\"><span data-ft=\"{&quot;tn&quot;:&quot;K&quot;}\"><span class=\"UFICommentBody _1n4g\">II<br \/>\nB\u0142ogos\u0142awieni<br \/>\nKt\u00f3rzy prawdziwie dobro czyni\u0105<br \/>\nPomna\u017caj\u0105c sum\u0119 dobra w \u015bwiecie<br \/>\nWy si\u0119 nie zawiedziecie<\/p>\n<p>B\u0142ogos\u0142awieni kt\u00f3rzy s\u0142owem dobrym i dzia\u0142aniem<\/span><\/span><\/span><\/p>\n<p><span class=\" UFICommentActorAndBody\"><span data-ft=\"{&quot;tn&quot;:&quot;K&quot;}\"><span class=\"UFICommentBody _1n4g\">g\u0142osz\u0105 Pana Chwa\u0142\u0119<\/span><\/span><\/span><\/p>\n","protected":false},"excerpt":{"rendered":"<p>Apokalipsa \/wg Hubala\/ I Biada dopuszczaj\u0105cym si\u0119 nieprawo\u015bci Biada Biada K\u0142ami\u0105cym bezczelnie Biada Biada czyhaj\u0105cym na innych Biada Biada prze\u015bladowcom Biada 4 biada min\u0119\u0142y 2&hellip; <\/p>\n","protected":false},"author":1,"featured_media":0,"parent":0,"menu_order":0,"comment_status":"closed","ping_status":"closed","template":"","meta":{"footnotes":""},"class_list":["post-847","page","type-page","status-publish","hentry"],"_links":{"self":[{"href":"https:\/\/hubertpietka.bialystok.pl\/index.php?rest_route=\/wp\/v2\/pages\/847","targetHints":{"allow":["GET"]}}],"collection":[{"href":"https:\/\/hubertpietka.bialystok.pl\/index.php?rest_route=\/wp\/v2\/pages"}],"about":[{"href":"https:\/\/hubertpietka.bialystok.pl\/index.php?rest_route=\/wp\/v2\/types\/page"}],"author":[{"embeddable":true,"href":"https:\/\/hubertpietka.bialystok.pl\/index.php?rest_route=\/wp\/v2\/users\/1"}],"replies":[{"embeddable":true,"href":"https:\/\/hubertpietka.bialystok.pl\/index.php?rest_route=%2Fwp%2Fv2%2Fcomments&post=847"}],"version-history":[{"count":1,"href":"https:\/\/hubertpietka.bialystok.pl\/index.php?rest_route=\/wp\/v2\/pages\/847\/revisions"}],"predecessor-version":[{"id":848,"href":"https:\/\/hubertpietka.bialystok.pl\/index.php?rest_route=\/wp\/v2\/pages\/847\/revisions\/848"}],"wp:attachment":[{"href":"https:\/\/hubertpietka.bialystok.pl\/index.php?rest_route=%2Fwp%2Fv2%2Fmedia&parent=847"}],"curies":[{"name":"wp","href":"https:\/\/api.w.org\/{rel}","templated":true}]}}