{"id":8473,"date":"2024-08-21T08:30:29","date_gmt":"2024-08-21T08:30:29","guid":{"rendered":"https:\/\/hubertpietka.bialystok.pl\/?page_id=8473"},"modified":"2024-08-21T08:30:29","modified_gmt":"2024-08-21T08:30:29","slug":"zakorzeniona-w-bogu-malosc-a-ich-wielkosci-rozne","status":"publish","type":"page","link":"https:\/\/hubertpietka.bialystok.pl\/?page_id=8473","title":{"rendered":"Zakorzeniona w Bogu ma\u0142o\u015b\u0107 \/ a ich wielko\u015bci r\u00f3\u017cne"},"content":{"rendered":"\n<p><strong><em><a href=\"https:\/\/youtu.be\/oodsxvo_a7U\">Partyzant &#8211; D\u017cem<\/a><\/em><\/strong><\/p>\n\n\n\n<p>Czy ja chc\u0119 z nimi<br>Walczy\u0107 jakkolwiek<br>Ale co mo\u017ce powinienem pozwoli\u0107<br>Aby nas naszych nasze zniszczyli<br>Powinienem pozwoli\u0107<br>By zabili \u017con\u0119<br>Mnie zniewolili<br>Podobnie bliskich i te zwierz\u0119ta<br>I by nam zabrali wszystko<br>Powinienem na to pozwoli\u0107 zapewne<br>Zrobili z\u0142ego partyzanta&nbsp; ze mnie<br>Podczas gdy ja tylko broni\u0119<br>Siebie bliskich nas swoje<br>A w tym przypadku<br>Sprawiedliwej obrony w\u0142asnej<br>Mo\u017cna nawet zabi\u0107<br>A oni rozliczaj\u0105 mnie za ka\u017cde s\u0142owo<br>Podli<br>Bo przecie\u017c powinienem da\u0107 si\u0119 zabi\u0107<br>Nas naszych i nasze<br>Mi broni\u0107 si\u0119 nie kazano<\/p>\n\n\n\n<p>I dalej<br>Czy ja si\u0119 wywy\u017cszam jako\u015b<br>Tylko pr\u00f3buje si\u0119 znale\u017a\u0107<br>W tych pod\u0142ych sytuacjach<br>Kt\u00f3re oni z takim upodobaniem chorym wytwarzaj\u0105<\/p>\n\n\n\n<p>Jestem dzieckiem Bo\u017cym<br>W swej male\u0144ko\u015bci i pokorze<br>Od *<strong>Filiberta<\/strong>* czyli *<strong>filigranowego Berta<\/strong>*<br>Tak naprawd\u0119<br>Bo \u015bwiadomego swych s\u0142abo\u015bci<br>I ma\u0142o\u015bci w Bogu<br>Po *<strong>Cyriaka<\/strong>* czyli<br>Ka\u017cdy *<strong>cyrk jaki<\/strong>* oni wytwarzaj\u0105<br>Od Wielkiego Cz\u0142owieka na wsi<br>Po Podwilka Podkrakowskiego w Bia\u0142ym<br>Czy ludno\u015bci spisek gdzie indziej<br>I wszystko niby z naszej urojonej winy<br>A\u017c po misi\u00f3w czy jakich<br>I ich napa\u015bci<br>Tworz\u0105 r\u00f3\u017cne cyrki<br>Byleby tylko mie\u0107 podk\u0142adki<br>Do swych r\u00f3\u017cnych czyn\u00f3w pod\u0142ych<br>I wykorzystuj\u0105 takich owakich<br>Do uczestnictwa w zbrodniach<br>Od zniewolenia szkodzenia po zabicie<br>Potrafi\u0105 do tego wykorzystywa\u0107 ludzi<br>A przy okazji<br>Antagonizowa\u0107 wszystkich do nas<br>Rozgrywaj\u0105 to pi\u0119knie<br>A ja si\u0119 mam temu i podda\u0107<br>\u015amierci zniewoleniu zniszczeniu<br>I nawet nie mrugn\u0105\u0107 okiem<br>Tak dla nich by\u0142oby najwygodniej<\/p>\n\n\n\n<p>Ale zrozumcie to wy<br>\u017be ja nie mog\u0119<br>Nie broni\u0107 przed zbrodniami<br>Nas naszego i naszych<br>Zreszt\u0105 kogokolwiek o czym wiedzie\u0107 jako\u015b mog\u0119<br>Bo bym zaprzeczy\u0142 samemu sobie<br>Wystarczy \u017ce \u015bwiat patrzy<br>Beznami\u0119tnie na zbrodnie r\u00f3\u017cne<br>Omamiony przez k\u0142amstwa szata\u0144skie<br>S\u0142ug z\u0142a r\u00f3\u017cnych<br>Ale ja tak nie mog\u0119<br>Koniec kropka<br>Dlatego w razie ich zbrodni<br>Konsekwencje swe wyci\u0105gn\u0119<\/p>\n\n\n\n<p class=\"has-text-align-center\"><strong><em><a href=\"https:\/\/youtu.be\/lWXSUuosxtk\">Breakout &#8211; Kiedy by\u0142em ma\u0142ym ch\u0142opcem<\/a><\/em><\/strong> <\/p>\n\n\n\n<figure class=\"wp-block-gallery has-nested-images columns-default is-cropped wp-block-gallery-1 is-layout-flex wp-block-gallery-is-layout-flex\">\n<figure class=\"wp-block-image size-large\"><a href=\"https:\/\/hubertpietka.bialystok.pl\/wp-content\/uploads\/2024\/08\/20240821_092842-scaled.jpg\"><img loading=\"lazy\" decoding=\"async\" width=\"768\" height=\"1024\" data-id=\"8474\" src=\"https:\/\/hubertpietka.bialystok.pl\/wp-content\/uploads\/2024\/08\/20240821_092842-768x1024.jpg\" alt=\"\" class=\"wp-image-8474\" srcset=\"https:\/\/hubertpietka.bialystok.pl\/wp-content\/uploads\/2024\/08\/20240821_092842-768x1024.jpg 768w, https:\/\/hubertpietka.bialystok.pl\/wp-content\/uploads\/2024\/08\/20240821_092842-225x300.jpg 225w, https:\/\/hubertpietka.bialystok.pl\/wp-content\/uploads\/2024\/08\/20240821_092842-1152x1536.jpg 1152w, https:\/\/hubertpietka.bialystok.pl\/wp-content\/uploads\/2024\/08\/20240821_092842-1536x2048.jpg 1536w, https:\/\/hubertpietka.bialystok.pl\/wp-content\/uploads\/2024\/08\/20240821_092842-scaled.jpg 1920w\" sizes=\"auto, (max-width: 768px) 100vw, 768px\" \/><\/a><\/figure>\n<\/figure>\n\n\n\n<p><em>Na zdj. Kaplica adoracji w Ma\u0142ym P\u0142ocku<br>Ten wielki P\u0142ock zas\u0142yn\u0105\u0142 te\u017c chyba jako\u015b<br>Cho\u0107by pewnymi prominentami<br>Przepraszam za aluzj\u0119 tak\u0105<br>Chodzi o to by w sercu swym zawsze<br>Pozosta\u0107 by\u0107 wobec Boga ma\u0142ym<br>Jak \u015bw. Franciszek tu Antoni \u017cebracy Bo\u017cy<br>Ale tak\u017ce jak \u015bw. Kazimierz<br>Kt\u00f3ry mimo po ludzku wielko\u015bci<br>Pozosta\u0142 pokornym dzieckiem Boga<br>Oni szermuj\u0105 r\u00f3\u017cnymi wielko\u015bciami<br>A ja na swoj\u0105 obron\u0119<br>Mam tylko ma\u0142o\u015b\u0107 w Bogu<br>I warto\u015bciom odwiecznym wierno\u015b\u0107 niezmienn\u0105<\/em><\/p>\n\n\n\n<p class=\"has-text-align-right\"><strong><em><a href=\"https:\/\/youtu.be\/yDsQ7TUZM1U\">Naiwne pytania &#8211; D\u017cem<\/a><\/em><\/strong> <\/p>\n\n\n\n<p><strong>I ani mi Ani jakkolwiek<br>Z nami naszymi naszym cokolwiek<br>To chyba musi te\u017c jasno<br>Wybrzmie\u0107 zawsze<br>I niech spadaj\u0105<\/strong><\/p>\n","protected":false},"excerpt":{"rendered":"<p>Partyzant &#8211; D\u017cem Czy ja chc\u0119 z nimiWalczy\u0107 jakkolwiekAle co mo\u017ce powinienem pozwoli\u0107Aby nas naszych nasze zniszczyliPowinienem pozwoli\u0107By zabili \u017con\u0119Mnie zniewoliliPodobnie bliskich i te zwierz\u0119taI&hellip; <\/p>\n","protected":false},"author":1,"featured_media":0,"parent":0,"menu_order":0,"comment_status":"closed","ping_status":"closed","template":"","meta":{"footnotes":""},"class_list":["post-8473","page","type-page","status-publish","hentry"],"_links":{"self":[{"href":"https:\/\/hubertpietka.bialystok.pl\/index.php?rest_route=\/wp\/v2\/pages\/8473","targetHints":{"allow":["GET"]}}],"collection":[{"href":"https:\/\/hubertpietka.bialystok.pl\/index.php?rest_route=\/wp\/v2\/pages"}],"about":[{"href":"https:\/\/hubertpietka.bialystok.pl\/index.php?rest_route=\/wp\/v2\/types\/page"}],"author":[{"embeddable":true,"href":"https:\/\/hubertpietka.bialystok.pl\/index.php?rest_route=\/wp\/v2\/users\/1"}],"replies":[{"embeddable":true,"href":"https:\/\/hubertpietka.bialystok.pl\/index.php?rest_route=%2Fwp%2Fv2%2Fcomments&post=8473"}],"version-history":[{"count":1,"href":"https:\/\/hubertpietka.bialystok.pl\/index.php?rest_route=\/wp\/v2\/pages\/8473\/revisions"}],"predecessor-version":[{"id":8475,"href":"https:\/\/hubertpietka.bialystok.pl\/index.php?rest_route=\/wp\/v2\/pages\/8473\/revisions\/8475"}],"wp:attachment":[{"href":"https:\/\/hubertpietka.bialystok.pl\/index.php?rest_route=%2Fwp%2Fv2%2Fmedia&parent=8473"}],"curies":[{"name":"wp","href":"https:\/\/api.w.org\/{rel}","templated":true}]}}