{"id":8477,"date":"2024-08-23T22:00:41","date_gmt":"2024-08-23T22:00:41","guid":{"rendered":"https:\/\/hubertpietka.bialystok.pl\/?page_id=8477"},"modified":"2024-08-23T22:00:41","modified_gmt":"2024-08-23T22:00:41","slug":"zbrodniczy-system-klamstw-notorycznych-na-uslugach-ojca-klamliwych-zbrodni","status":"publish","type":"page","link":"https:\/\/hubertpietka.bialystok.pl\/?page_id=8477","title":{"rendered":"Zbrodniczy system k\u0142amstw notorycznych \/ na us\u0142ugach ojca k\u0142amliwych zbrodni"},"content":{"rendered":"\n<p>Pieprzeni \u015bciemniacze<br>Niewa\u017cne jaka jest prawda<br>Byleby co\u015b odpowiednio wygl\u0105da\u0142o<br>Cho\u0107by z punktu widzenia<br>Dro\u0144stwa dra\u0144skiego tak zwanego<br>Bo ju\u017c od jakiego\u015b czasu<br>To zauwa\u017cy\u0142em \u017ce kierowcy<br>Nie wiem sk\u0105d to wiedz\u0105<br>Mo\u017ce od kosmit\u00f3w<br>Zatrzymuj\u0105 si\u0119 nagle na skrzy\u017cowaniach ze \u015bwiat\u0142ami<br>Kilka metr\u00f3w od linii przerywanej<br>Kiedy ja jestem z przodu<br>I staj\u0119 blisko niej<br>\u017beby mo\u017ce z kosmosu<br>Od tych kosmit\u00f3w perspektywy<br>Tak wygl\u0105da\u0142o \u017ce ja jakie\u015b przepisy \u0142amie<br>Tak\u017ce wszystko u nich<br>Na dup\u0119 tak zwan\u0105<br>Tak\u017ce z pr\u0119dko\u015bci przeze mnie<br>Niby wariackim przekraczaniem<br>Byleby to tylko wygl\u0105da\u0142o odpowiednio<br>Z odpowiedniej perspektywy<br>Nie wa\u017cna prawda jest<br>I tak jest chyba u nich<br>Ze wszystkim<br>Byleby tylko mogli spe\u0142nia\u0107<br>Swe r\u00f3\u017cne ideologiczne zap\u0119dy<br>Vel zap\u0119dy szatana<br>Bo to na jedno wychodzi przecie\u017c<br>To jest akurat to\u017csame<br>Za nic sobie maj\u0105 prawd\u0119<br>K\u0142amstwa to chyba ich rzeczywisto\u015bci<br>Wyraz najw\u0142a\u015bciwszy<br>Permanentny i perfidny<br>I tak oni wszystko<br>Fakty przecie\u017c mo\u017cna fa\u0142szowa\u0107 lub cho\u0107by nagina\u0107<br>Je\u015bli im nie pasuj\u0105<br>I im podobnym<br>K\u0142amstwu s\u0142u\u017c\u0105 s\u0142ugi z\u0142a<br>W ca\u0142ej pe\u0142ni<\/p>\n\n\n\n<p>Pompuje te r\u00f3\u017cne k\u0142amstwa<br>Jak ba\u0144ki mydlane jak balony<br>\u017beby to wszystko wygl\u0105da\u0142o<br>Na niby usprawiedliwione<br>I \u017ceby p\u0119k\u0142o odpowiednio<br>Ze skutkiem dla nas tragicznym<br>Po to jest to wszystko<br>Bo k\u0142amstwo jest chyba<br>Ich zasad\u0105 bytu<\/p>\n\n\n\n<p>Bandyci ods\u0142aniaj\u0105 swoje prawdziwe oblicze<br>Nie mog\u0105 zbytnio inaczej<br>To najlepiej przez napa\u015b\u0107<br>Na teren prywatny maj\u0105 wkroczy\u0107<br>Lubi\u0105 to oni r\u00f3\u017cni bandyci<br>Nie mog\u0105 zwyk\u0142ym k\u0142amstwem<br>To k\u0142amstwem najwi\u0119kszym<br>Przez niby usprawiedliwion\u0105 napa\u015b\u0107<br>Agresja taka nigdy nie b\u0119dzie<br>Jednak usprawiedliwiona<br>Wbrew wszelkim im k\u0142amstwom pod\u0142ym<\/p>\n\n\n\n<figure class=\"wp-block-gallery has-nested-images columns-default is-cropped wp-block-gallery-1 is-layout-flex wp-block-gallery-is-layout-flex\">\n<figure class=\"wp-block-image size-large\"><a href=\"https:\/\/hubertpietka.bialystok.pl\/wp-content\/uploads\/2024\/08\/IMG-20240823-WA0037.jpg\"><img loading=\"lazy\" decoding=\"async\" width=\"768\" height=\"1024\" data-id=\"8478\" src=\"https:\/\/hubertpietka.bialystok.pl\/wp-content\/uploads\/2024\/08\/IMG-20240823-WA0037-768x1024.jpg\" alt=\"\" class=\"wp-image-8478\" srcset=\"https:\/\/hubertpietka.bialystok.pl\/wp-content\/uploads\/2024\/08\/IMG-20240823-WA0037-768x1024.jpg 768w, https:\/\/hubertpietka.bialystok.pl\/wp-content\/uploads\/2024\/08\/IMG-20240823-WA0037-225x300.jpg 225w, https:\/\/hubertpietka.bialystok.pl\/wp-content\/uploads\/2024\/08\/IMG-20240823-WA0037-1152x1536.jpg 1152w, https:\/\/hubertpietka.bialystok.pl\/wp-content\/uploads\/2024\/08\/IMG-20240823-WA0037.jpg 1200w\" sizes=\"auto, (max-width: 768px) 100vw, 768px\" \/><\/a><\/figure>\n<\/figure>\n\n\n\n<p><em>Na zdj. Pompuj\u0105 baloniki<br>K\u0142amstw wszelkich najbrzydsze ropuchy<br>Wed\u0142ug ojca k\u0142amstwa szatana<br>Podobnie z \u017con\u0105<br>Naszymi bliskimi zwierz\u0119tami<br>Z tymi kt\u00f3rzy s\u0105 nam \u017cyczliwi jako\u015b<br>K\u0142amstwa wszelkie i zbrodnie najwi\u0119ksze<br>To wyraz wielki<br>Ich dzia\u0142alno\u015bci pod\u0142ej diabelskiej<\/em><\/p>\n\n\n\n<p><em>A teraz wyjecha\u0107 ma \u017cona<br>To co wedle ich pod\u0142o\u015bci<br>Zabi\u0107 j\u0105 trzeba<br>Skorzysta\u0107 z tej mo\u017cliwo\u015bci<br>Ode mnie oddalenia<br>A na mnie nasy\u0142a\u0107 bandyt\u00f3w<br>Wszystko jedno w jakich strojach<br>Czy wed\u0142ug jakiej funkcji<br>Bandyctwo jest bandyctwem<br>I zawsze jest zbrodnicze<br>Podpiera si\u0119 k\u0142amstwem wszelkim<br>Czy w kwestii mordowania niewinnych<br>Czy ich zniewalania<br>A tak poza tym<br>To no przecie\u017c<br>Du\u017co maj\u0105 mo\u017cliwo\u015bci do swoich<br>Pod\u0142o\u015bci i\u015bcie diabelskich<\/em><\/p>\n","protected":false},"excerpt":{"rendered":"<p>Pieprzeni \u015bciemniaczeNiewa\u017cne jaka jest prawdaByleby co\u015b odpowiednio wygl\u0105da\u0142oCho\u0107by z punktu widzeniaDro\u0144stwa dra\u0144skiego tak zwanegoBo ju\u017c od jakiego\u015b czasuTo zauwa\u017cy\u0142em \u017ce kierowcyNie wiem sk\u0105d to wiedz\u0105Mo\u017ce&hellip; <\/p>\n","protected":false},"author":1,"featured_media":0,"parent":0,"menu_order":0,"comment_status":"closed","ping_status":"closed","template":"","meta":{"footnotes":""},"class_list":["post-8477","page","type-page","status-publish","hentry"],"_links":{"self":[{"href":"https:\/\/hubertpietka.bialystok.pl\/index.php?rest_route=\/wp\/v2\/pages\/8477","targetHints":{"allow":["GET"]}}],"collection":[{"href":"https:\/\/hubertpietka.bialystok.pl\/index.php?rest_route=\/wp\/v2\/pages"}],"about":[{"href":"https:\/\/hubertpietka.bialystok.pl\/index.php?rest_route=\/wp\/v2\/types\/page"}],"author":[{"embeddable":true,"href":"https:\/\/hubertpietka.bialystok.pl\/index.php?rest_route=\/wp\/v2\/users\/1"}],"replies":[{"embeddable":true,"href":"https:\/\/hubertpietka.bialystok.pl\/index.php?rest_route=%2Fwp%2Fv2%2Fcomments&post=8477"}],"version-history":[{"count":1,"href":"https:\/\/hubertpietka.bialystok.pl\/index.php?rest_route=\/wp\/v2\/pages\/8477\/revisions"}],"predecessor-version":[{"id":8479,"href":"https:\/\/hubertpietka.bialystok.pl\/index.php?rest_route=\/wp\/v2\/pages\/8477\/revisions\/8479"}],"wp:attachment":[{"href":"https:\/\/hubertpietka.bialystok.pl\/index.php?rest_route=%2Fwp%2Fv2%2Fmedia&parent=8477"}],"curies":[{"name":"wp","href":"https:\/\/api.w.org\/{rel}","templated":true}]}}