{"id":8481,"date":"2024-08-24T07:58:11","date_gmt":"2024-08-24T07:58:11","guid":{"rendered":"https:\/\/hubertpietka.bialystok.pl\/?page_id=8481"},"modified":"2024-08-24T07:58:11","modified_gmt":"2024-08-24T07:58:11","slug":"w-sluzbie-cywilizacji-smierci-zniewolenia-i-zniszczenia-oni-i-ich-wszelkie-podlosci-a-nieustanne-wolanie-o-blogoslawienstwo-i-milosierdzie-boze","status":"publish","type":"page","link":"https:\/\/hubertpietka.bialystok.pl\/?page_id=8481","title":{"rendered":"W s\u0142u\u017cbie cywilizacji \/ \u015bmierci zniewolenia i zniszczenia \/\/ oni i ich wszelkie pod\u0142o\u015bci \/\/\/ a nieustanne wo\u0142anie o b\u0142ogos\u0142awie\u0144stwo i mi\u0142osierdzie Bo\u017ce"},"content":{"rendered":"\n<p>Cz\u0142owiek wstaje rano<br>Cho\u0107 z trudem niema\u0142ym<br>Z tego powodu<br>Co nam naszemu i naszym<br>Funduj\u0105 nieustannie oni<br>To z b\u0142ogos\u0142awie\u0144stwem na ustach<br>Wobec \u017cony naszych stworze\u0144 bliskich<br>Ludzi dobrej woli wszystkich<\/p>\n\n\n\n<p>Jednak zmory dnia i nocy<br>Kt\u00f3re nieustannie chc\u0105<br>Nienawistnie wciela\u0107 przeciwko \u017cyciu wolno\u015bci<br>Oni i im podobni<br>Te\u017c chc\u0105 zagarnia\u0107 t\u0105 przestrze\u0144<br>Mimo to cz\u0142owiek walczy zawsze<br>O to b\u0142ogos\u0142awie\u0144stwo Bo\u017ce<br>Jednak ze z\u0142em<br>Te\u017c musi walczy\u0107 odpowiednio<br>Ze z\u0142em realnym bardzo<br>Chc\u0105cym przenikn\u0105\u0107 wszystko<br>I zdominowa\u0107 Bo\u017c\u0105 rzeczywisto\u015b\u0107<\/p>\n\n\n\n<p>Dla nich ka\u017cda okazja<br>Jest w\u0142a\u015bciwa do z\u0142a czynienia<br>Dla tych bandyt\u00f3w<br>I innych kt\u00f3rych maj\u0105<br>Na swe us\u0142ugi z\u0142owrogie<br>Bandyctwo zawsze si\u0119 przecie\u017c dogada<br>Z bandyctwem innym<br>W jakichkolwiek pozornych szatkach<br>Czy wed\u0142ug jakichkolwiek funkcji<br>Bo oni lubi\u0105 pozory r\u00f3\u017cne<\/p>\n\n\n\n<p>I je\u015bli cokolwiek zrobi\u0105 oni<br>W czasie tego wyjazdu \u017cony<br>Jej w\u0142a\u015bnie i tu te\u017c z nami<br>Ze mn\u0105 tymi zwierz\u0119tami<br>I z bliskimi wszystkimi<br>Tak\u017ce wed\u0142ug wiary i serca<br>To ja nie r\u0119cz\u0119<br>I nie ma tu te\u017c wst\u0119pu niestety<br>\u017badne bandyctwo na ten w\u0142a\u015bnie teren prywatny<br>Mimo ich k\u0142amstw pod\u0142ych r\u00f3\u017cnych<br>Kt\u00f3re maj\u0105 wszelkie z\u0142o nikczemne<br>Niby usprawiedliwia\u0107 odpowiednio<br>I ani mi Ani i tak dalej<br>To \u015bwiat ten si\u0119 sko\u0144czy<br>Nie tylko dla bandyctwa<br>Bo B\u00f3g tak powiedzia\u0142<\/p>\n\n\n\n<p>I nie my\u015blcie sobie<br>\u017be Ewa M. mo\u017ce<br>Czy zreszt\u0105 jakakolwiek<br>Raz powiedzia\u0142em i tego bynajmniej nie cofn\u0119<br>Bo \u015bwiat w kt\u00f3rym dominuje<br>Ob\u0142udne bandyctwa z sw\u0105 pod\u0142\u0105 k\u0142amstw retoryk\u0105<br>Domaga\u0107 si\u0119 mo\u017ce tylko jednej konkretnej odpowiedzi<\/p>\n\n\n\n<p>I z czymkolwiek jej zreszt\u0105<br>Z nami naszymi i naszym<br>Bo nie mo\u017cna pozwoli\u0107<br>By bandyctwo jakiekolwiek \u015bwiat zdominowa\u0142o<br>Na to ja mie\u0107 mog\u0119<br>Tylko jedn\u0105 odpowied\u017a<br>Cho\u0107by w prote\u015bcie na z\u0142o<br>I wszelk\u0105 pod\u0142\u0105 perfidn\u0105 ob\u0142ud\u0119<\/p>\n\n\n\n<figure class=\"wp-block-gallery has-nested-images columns-default is-cropped wp-block-gallery-1 is-layout-flex wp-block-gallery-is-layout-flex\">\n<figure class=\"wp-block-image size-large\"><a href=\"https:\/\/hubertpietka.bialystok.pl\/wp-content\/uploads\/2024\/08\/Resized_20240822_214311.jpeg\"><img loading=\"lazy\" decoding=\"async\" width=\"756\" height=\"1008\" data-id=\"8482\" src=\"https:\/\/hubertpietka.bialystok.pl\/wp-content\/uploads\/2024\/08\/Resized_20240822_214311.jpeg\" alt=\"\" class=\"wp-image-8482\" srcset=\"https:\/\/hubertpietka.bialystok.pl\/wp-content\/uploads\/2024\/08\/Resized_20240822_214311.jpeg 756w, https:\/\/hubertpietka.bialystok.pl\/wp-content\/uploads\/2024\/08\/Resized_20240822_214311-225x300.jpeg 225w\" sizes=\"auto, (max-width: 756px) 100vw, 756px\" \/><\/a><\/figure>\n<\/figure>\n\n\n\n<p><em>Na zdj. Dyptyk b\u0142. Micha\u0142 Sopo\u0107ko i \u015bw. Faustyna<br>Dyptyk wed\u0142ug spraw Bo\u017cych<br>Odpowiedni do \u017cycia naszego<br>I w tym kontek\u015bcie<br>\u015aw. Jana Paw\u0142a II trzeba te\u017c przywo\u0142a\u0107 jeszcze<br>A jakie oni tworz\u0105 dyptyki i z jakim t\u0142em<br>Nienawistne wobec nas naszego naszych<br>Ze zbrodni\u0105 wszelk\u0105 w kontek\u015bcie<br>\u015amierci zniszczenia zniewolenia dla nas naszych naszego<br>Jest to dyptyk wed\u0142ug szatana bardzo \u015bci\u015ble<br>Bo on si\u0119 sprzeciwia zawsze r\u00f3\u017cnym Bo\u017cym sprawom<br>Tak samo s\u0142udzy jego jacykolwiek<br>Wed\u0142ug z\u0142a pod\u0142ego kt\u00f3rym oni walcz\u0105 przeciwko \u017cyciu<br>Ka\u017cda ods\u0142ona cywilizacji \u015bmierci zniewolenia<br>Realizuje te szata\u0144skie tendencje<br>W jakiekolwiek by to ubierali ob\u0142udne szatki<br>S\u0142\u00f3w pi\u0119knych r\u00f3\u017cnych cho\u0107 nieprawdziwych<br>I sprzeciwiaj\u0105cych si\u0119 cywilizacji<br>\u017bycia prawdy i mi\u0142o\u015bci<br>S\u0142ug z\u0142a r\u00f3\u017cnych<br>Wed\u0142ug tego w\u0142a\u015bnie<br>Jakie by\u0107 maj\u0105 zepsute owoce<br>Ich wszelkiej totalnie nienawistnej dzia\u0142alno\u015bci<\/em><\/p>\n\n\n\n<p><strong>To co s\u0142udzy z\u0142a<br>I pod\u0142o\u015bci jakie<br>I je\u015bli cokolwieczunio<br>I ani mi Ani<br>I niech spadaj\u0105<br>Stop i nie dalej<br>Niech z\u0142o nie ma<br>Do nas dost\u0119pu<br>Nas naszych i naszego<\/strong><\/p>\n","protected":false},"excerpt":{"rendered":"<p>Cz\u0142owiek wstaje ranoCho\u0107 z trudem niema\u0142ymZ tego powoduCo nam naszemu i naszymFunduj\u0105 nieustannie oniTo z b\u0142ogos\u0142awie\u0144stwem na ustachWobec \u017cony naszych stworze\u0144 bliskichLudzi dobrej woli wszystkich&hellip; <\/p>\n","protected":false},"author":1,"featured_media":0,"parent":0,"menu_order":0,"comment_status":"closed","ping_status":"closed","template":"","meta":{"footnotes":""},"class_list":["post-8481","page","type-page","status-publish","hentry"],"_links":{"self":[{"href":"https:\/\/hubertpietka.bialystok.pl\/index.php?rest_route=\/wp\/v2\/pages\/8481","targetHints":{"allow":["GET"]}}],"collection":[{"href":"https:\/\/hubertpietka.bialystok.pl\/index.php?rest_route=\/wp\/v2\/pages"}],"about":[{"href":"https:\/\/hubertpietka.bialystok.pl\/index.php?rest_route=\/wp\/v2\/types\/page"}],"author":[{"embeddable":true,"href":"https:\/\/hubertpietka.bialystok.pl\/index.php?rest_route=\/wp\/v2\/users\/1"}],"replies":[{"embeddable":true,"href":"https:\/\/hubertpietka.bialystok.pl\/index.php?rest_route=%2Fwp%2Fv2%2Fcomments&post=8481"}],"version-history":[{"count":1,"href":"https:\/\/hubertpietka.bialystok.pl\/index.php?rest_route=\/wp\/v2\/pages\/8481\/revisions"}],"predecessor-version":[{"id":8483,"href":"https:\/\/hubertpietka.bialystok.pl\/index.php?rest_route=\/wp\/v2\/pages\/8481\/revisions\/8483"}],"wp:attachment":[{"href":"https:\/\/hubertpietka.bialystok.pl\/index.php?rest_route=%2Fwp%2Fv2%2Fmedia&parent=8481"}],"curies":[{"name":"wp","href":"https:\/\/api.w.org\/{rel}","templated":true}]}}