{"id":8490,"date":"2024-08-27T05:01:11","date_gmt":"2024-08-27T05:01:11","guid":{"rendered":"https:\/\/hubertpietka.bialystok.pl\/?page_id=8490"},"modified":"2024-08-27T05:01:11","modified_gmt":"2024-08-27T05:01:11","slug":"klamliwe-uzasadnienia-zbrodni-gwaltow-wszelkich-slug-zla-roznych-na-niewinnych-i-bezbronnych","status":"publish","type":"page","link":"https:\/\/hubertpietka.bialystok.pl\/?page_id=8490","title":{"rendered":"K\u0142amliwe uzasadnienia zbrodni gwa\u0142t\u00f3w wszelkich \/ s\u0142ug z\u0142a r\u00f3\u017cnych \/ na niewinnych i bezbronnych"},"content":{"rendered":"\n<p class=\"has-text-align-right\">Co oni z tym \u015bwiatem zrobili<br>I jeszcze chc\u0105 zrobi\u0107<br>Komu to wszystko ma s\u0142u\u017cy\u0107<br>Jak nie szatanowi<br>Czy wiedz\u0105 o tym czy te\u017c nie<\/p>\n\n\n\n<p>\/<\/p>\n\n\n\n<p>Co oni zrobili z tym \u015bwiatem ca\u0142ym<br>\u017be zbrodnie na niewinnych<br>Niby mog\u0105 by\u0107 usprawiedliwione<br>\u017be \u015bwiat uwierzy\u0142<br>W te k\u0142amstwa szata\u0144skie<br>\u017be zbrodnie niby mog\u0105 by\u0107 dobre<br>Pocz\u0105wszy od mojej \u017cony<br>Po innych niewinnych<br>Co oni zrobili z tym \u015bwiatem<br>R\u00f3\u017cni z\u0142a s\u0142udzy<\/p>\n\n\n\n<p>I co zrobili<br>\u017be niby mo\u017ce by\u0107 usprawiedliwione<br>Jakiekolwiek bandyctwo<br>\u017be niby mo\u017ce by\u0107 prawomocne<br>Z\u0142a s\u0142ugi<br>\u017be niby przemoc na bezbronnych<br>Mo\u017ce by\u0107 dobra<br>\u017be mo\u017cna napada\u0107 na niewinnych<br>Pocz\u0105wszy od r\u00f3\u017cnych s\u0142u\u017cb po samos\u0105dy pokraczne<br>I to niby ma by\u0107 te\u017c usprawiedliwione<br>Bandyctwo wszelkie<\/p>\n\n\n\n<p>Co oni wreszcie z tym \u015bwiatem zrobili<br>R\u00f3\u017cni z\u0142a s\u0142udzy<br>W zwi\u0105zku z tym wirusem<br>Szczepionki zbieraj\u0105 \u017cniwo \u015bmiertelne wsz\u0119dzie<br>A oni dalej w tym ob\u0142\u0119dzie<br>Byleby tylko zamordyzm wprowadzi\u0107<br>Jak przy s\u0142awetnej poprzedniej pandemii<br>\u017be za du\u017co ludzi<br>Przecie\u017c wprost to m\u00f3wi\u0105<br>To szkoda \u017ce nie zaczn\u0105 cho\u0107by od siebie<br>Co oni zrobili z tym \u015bwiatem<br>R\u00f3\u017cni z\u0142a s\u0142udzy<br>\u017be mo\u017cna wprowadza\u0107 wszelkie k\u0142amstwa<br>Kt\u00f3re nie s\u0142u\u017c\u0105 ludziom<br>Niby w \u015bwietle prawa<\/p>\n\n\n\n<p>Zab\u00f3jstwa na niewinnych<br>I gwa\u0142t na bezbronnych<br>Ich wed\u0142ug praw cz\u0142owieka przecie\u017c<br>Niezbywalnej godno\u015bci<br>Przemoc jakiekolwiek w\u0142adzy<br>Niszczenia niesprawiedliwe d\u00f3br<br>Kt\u00f3re akurat komu\u015b nie pasuj\u0105<br>Bo co bo niby tym lepszym tak zwanym<br>Tylko one przynale\u017c\u0105<br>Co oni zrobili z tym \u015bwiatem ca\u0142ym<br>\u017be ob\u0142\u0119d i k\u0142amstwo wszelkie<br>Ma zdominowa\u0107 ca\u0142\u0105 ludzk\u0105 przestrze\u0144<br>W imi\u0119 egoizmu w\u0105skiej grupy<br>Sprawuj\u0105cej jak\u0105\u015b w\u0142adz\u0119<br>Nad tym ca\u0142ym \u015bwiatem<br>\u017be ich retoryka<br>Ma by\u0107 jedynie s\u0142uszna<br>A ka\u017cdy ten mniejszy<br>Im niepasuj\u0105cy jako\u015b<br>Ma by\u0107 uciszony bezwzgl\u0119dnie<br>\u015awiat na to wszystko patrzy<br>I nic z tym zrobi\u0107 nie mo\u017ce<br>Jak to jest<br>Bo w\u0142adza bo instrumenty restrykcji<br>Zbrodnie gwa\u0142ty przemoc<br>W ka\u017cdej zreszt\u0105 sytuacji<br>Maj\u0105 by\u0107 tego \u015bwiata<br>Nowymi szata\u0144skimi zasadami<br>Kt\u00f3re s\u0142udzy z\u0142a r\u00f3\u017cni<br>W \u017cycie wcielaj\u0105<br>I usi\u0142uj\u0105 uczyni\u0107 to wszystko<br>Jako niby normalne<br>Jako bytu zasady niby nowoczesne<br>\u017be wszystko ma by\u0107<br>Jak chc\u0105 niby ci lepsi<br>Bogatsi czy mocniejsi<\/p>\n\n\n\n<p>Ob\u0142\u0119d \u015bwiata r\u00f3\u017cnych k\u0142amstw<br>Coraz bardziej chce zdominowa\u0107 \u015bwiat<br>Nie mo\u017cna si\u0119 na to niestety zgodzi\u0107<br>Bo \u015bwiat si\u0119 sko\u0144czy<br>Gdy zwyci\u0119\u017c\u0105 gwa\u0142ty niesprawiedliwe zbrodnie<br>Cho\u0107by na tym w\u0105skim przyk\u0142adzie<br>Tylko z naszego podw\u00f3rka<br>Bo B\u00f3g tak powiedzia\u0142<br>A \u017cycie nasze tak si\u0119 z\u0142o\u017cy\u0142o jako\u015b<br>\u017be jest tego \u015bwiata ilustracj\u0105<br>Jak d\u0142ugo b\u0119d\u0105 kpi\u0107 sobie<br>R\u00f3\u017cni nienawistni z\u0142owrodzy<br>Z r\u00f3\u017cnych zasad moralnych<br>Kt\u00f3re powinny by\u0107 zasad\u0105 \u015bwiata<br>A nie te wszystkie szata\u0144skie k\u0142amstwa i\u015bcie<\/p>\n\n\n\n<figure class=\"wp-block-image size-large is-resized\"><a href=\"https:\/\/hubertpietka.bialystok.pl\/wp-content\/uploads\/2024\/08\/IMG-20240823-WA0034.jpg\"><img loading=\"lazy\" decoding=\"async\" width=\"1024\" height=\"768\" src=\"https:\/\/hubertpietka.bialystok.pl\/wp-content\/uploads\/2024\/08\/IMG-20240823-WA0034-1024x768.jpg\" alt=\"\" class=\"wp-image-8491\" style=\"width:339px;height:auto\" srcset=\"https:\/\/hubertpietka.bialystok.pl\/wp-content\/uploads\/2024\/08\/IMG-20240823-WA0034-1024x768.jpg 1024w, https:\/\/hubertpietka.bialystok.pl\/wp-content\/uploads\/2024\/08\/IMG-20240823-WA0034-300x225.jpg 300w, https:\/\/hubertpietka.bialystok.pl\/wp-content\/uploads\/2024\/08\/IMG-20240823-WA0034-768x576.jpg 768w, https:\/\/hubertpietka.bialystok.pl\/wp-content\/uploads\/2024\/08\/IMG-20240823-WA0034-1536x1152.jpg 1536w, https:\/\/hubertpietka.bialystok.pl\/wp-content\/uploads\/2024\/08\/IMG-20240823-WA0034.jpg 1600w\" sizes=\"auto, (max-width: 1024px) 100vw, 1024px\" \/><\/a><\/figure>\n\n\n\n<p><em>Na zdj. Retoryka z\u0142a coraz bardziej pompuje<br>R\u00f3\u017cne balony k\u0142amstw<br>Byleby tylko niszczy\u0107 niewinnych bezbronnych<br>Pocz\u0105wszy od nas naszego naszych<br>A\u017c po ten \u015bwiat ca\u0142y<br>Nie mo\u017cna na to godzi\u0107 si\u0119 nie<br>Na ten ca\u0142y wachlarz<br>K\u0142amstw zbrodni gwa\u0142t\u00f3w przemocy<br>Kt\u00f3ry funduj\u0105 z\u0142a s\u0142udzy r\u00f3\u017cni<br>Bo ten \u015bwiat znowu nakryje<br>Zas\u0142ona ciemno\u015bci<br>Jak cho\u0107by podczas pierwszej pandemii<br>Ale tym razem<br>Ludzko\u015b\u0107 mo\u017ce si\u0119 ju\u017c z tego niestety<br>Nie wygrzeba\u0107<br>Je\u015bli na dodatek dalej<br>Gwa\u0142ty i zbrodnie na niewinnych by\u0107 maj\u0105<br>Niby now\u0105 lepsz\u0105 zasad\u0105<br>Pocz\u0105wszy od nas po innych<br>Bo B\u00f3g nas przyk\u0142adem<br>Niszczenia ludzi przez z\u0142o uczyni\u0142<br>Dlatego wbrew r\u00f3\u017cnym szata\u0144skim k\u0142amstwom<br>S\u0142ug z\u0142a<br>Je\u015bli nas zniszcz\u0105<br>Zniszczony zostanie te\u017c \u015bwiat<br>I te\u017c wy wszyscy<br>Przewarto\u015bciujcie to sobie dobrze<br>Bo nie b\u0119dzie niestety odwrotu<br>Z\u0142o zwyci\u0119\u017cy albo dobro prawdziwe<br>Nie ma drogi pomi\u0119dzy<\/em><\/p>\n","protected":false},"excerpt":{"rendered":"<p>Co oni z tym \u015bwiatem zrobiliI jeszcze chc\u0105 zrobi\u0107Komu to wszystko ma s\u0142u\u017cy\u0107Jak nie szatanowiCzy wiedz\u0105 o tym czy te\u017c nie \/ Co oni zrobili&hellip; <\/p>\n","protected":false},"author":1,"featured_media":0,"parent":0,"menu_order":0,"comment_status":"closed","ping_status":"closed","template":"","meta":{"footnotes":""},"class_list":["post-8490","page","type-page","status-publish","hentry"],"_links":{"self":[{"href":"https:\/\/hubertpietka.bialystok.pl\/index.php?rest_route=\/wp\/v2\/pages\/8490","targetHints":{"allow":["GET"]}}],"collection":[{"href":"https:\/\/hubertpietka.bialystok.pl\/index.php?rest_route=\/wp\/v2\/pages"}],"about":[{"href":"https:\/\/hubertpietka.bialystok.pl\/index.php?rest_route=\/wp\/v2\/types\/page"}],"author":[{"embeddable":true,"href":"https:\/\/hubertpietka.bialystok.pl\/index.php?rest_route=\/wp\/v2\/users\/1"}],"replies":[{"embeddable":true,"href":"https:\/\/hubertpietka.bialystok.pl\/index.php?rest_route=%2Fwp%2Fv2%2Fcomments&post=8490"}],"version-history":[{"count":1,"href":"https:\/\/hubertpietka.bialystok.pl\/index.php?rest_route=\/wp\/v2\/pages\/8490\/revisions"}],"predecessor-version":[{"id":8492,"href":"https:\/\/hubertpietka.bialystok.pl\/index.php?rest_route=\/wp\/v2\/pages\/8490\/revisions\/8492"}],"wp:attachment":[{"href":"https:\/\/hubertpietka.bialystok.pl\/index.php?rest_route=%2Fwp%2Fv2%2Fmedia&parent=8490"}],"curies":[{"name":"wp","href":"https:\/\/api.w.org\/{rel}","templated":true}]}}