{"id":8495,"date":"2024-08-28T10:48:15","date_gmt":"2024-08-28T10:48:15","guid":{"rendered":"https:\/\/hubertpietka.bialystok.pl\/?page_id=8495"},"modified":"2024-08-28T10:48:15","modified_gmt":"2024-08-28T10:48:15","slug":"falszywe-idealy-szatana-a-realnosc-malzenstw-w-bogu-i-w-zmaganiu-sie-ze-wszelkim-zlem-slug-jego","status":"publish","type":"page","link":"https:\/\/hubertpietka.bialystok.pl\/?page_id=8495","title":{"rendered":"Fa\u0142szywe idea\u0142y szatana \/ a realno\u015b\u0107 ma\u0142\u017ce\u0144stw w Bogu \/\/ i w zmaganiu si\u0119 ze wszelkim z\u0142em s\u0142ug jego"},"content":{"rendered":"\n<p>To co jest mi\u0119dzy nami<br>Tobie nic do tego szatanie<\/p>\n\n\n\n<p>Szatan te\u017c wszystko wie<br>O k\u0142\u00f3tniach nieporozumieniach troskach<br>Wszystko pr\u00f3buje on wykorzysta\u0107<br>Przeciwko temu ma\u0142\u017ce\u0144stwu<br>Przedstawia on lukrowany \u015bwiat<br>Fikcj\u0119 kt\u00f3rej nie ma<br>I chc\u0105 w ni\u0105 w ten fa\u0142sz<br>Wszystko wpisywa\u0107<br>A tymczasem o warto\u015bci ma\u0142\u017ce\u0144stwa<br>\u015awiadczy jego czysto\u015b\u0107 i wierno\u015b\u0107<\/p>\n\n\n\n<p>Szatan jest bardzo podst\u0119pny<br>Podobnie jego s\u0142udzy<br>Bo z niego czerpi\u0105 wszystko<br>Dlatego w r\u00f3\u017cny spos\u00f3b<br>Mog\u0105 oni nam z\u0142o wyrz\u0105dzi\u0107<br>Nam naszemu i naszym<br>Od niej pocz\u0105wszy<br>Poprzez mnie i bliskich<br>Po te zwierz\u0119ta i to co mamy<br>Szatan jest bardzo podst\u0119pny<br>Podobnie s\u0142udzy jego wszelcy<\/p>\n\n\n\n<p><strong>I ani mi Ani<br>Szatanie i s\u0142udzy z\u0142a<br>W jakikolwiek spos\u00f3b<br>Z nami naszymi i naszym<br>To zobacz\u0105<br>I niech spadaj\u0105 bandyci wszelcy<\/strong><\/p>\n\n\n\n<figure class=\"wp-block-gallery has-nested-images columns-default is-cropped wp-block-gallery-1 is-layout-flex wp-block-gallery-is-layout-flex\">\n<figure class=\"wp-block-image size-large\"><a href=\"https:\/\/hubertpietka.bialystok.pl\/wp-content\/uploads\/2024\/08\/Resized_20240826_191714.jpeg\"><img loading=\"lazy\" decoding=\"async\" width=\"756\" height=\"1008\" data-id=\"8496\" src=\"https:\/\/hubertpietka.bialystok.pl\/wp-content\/uploads\/2024\/08\/Resized_20240826_191714.jpeg\" alt=\"\" class=\"wp-image-8496\" srcset=\"https:\/\/hubertpietka.bialystok.pl\/wp-content\/uploads\/2024\/08\/Resized_20240826_191714.jpeg 756w, https:\/\/hubertpietka.bialystok.pl\/wp-content\/uploads\/2024\/08\/Resized_20240826_191714-225x300.jpeg 225w\" sizes=\"auto, (max-width: 756px) 100vw, 756px\" \/><\/a><\/figure>\n<\/figure>\n\n\n\n<p><em>Na zdj. R\u00f3\u017ca stalowa<br>O warto\u015bci ma\u0142\u017ce\u0144stwa \u015bwiadczy<br>\u017bycie jego wed\u0142ug warto\u015bci<br>I w zgodzie z Bogiem<br>A nie fa\u0142szywy idea\u0142<br>Kt\u00f3rego tak naprawd\u0119 nie ma<br>A kt\u00f3ry szatan przedstawia<br>Jako manipulacyjny punkt odniesienia<br>Byleby tylko z\u0142o wyrz\u0105dzi\u0107<br>I s\u0142udzy jego podobnie<\/em><\/p>\n\n\n\n<p><strong><em><a href=\"https:\/\/youtu.be\/5ukofkPFAbs?si=SQkp8iVH3V9Lr8zf\">Lady Pank &#8211; To co mam<\/a><\/em><\/strong><\/p>\n","protected":false},"excerpt":{"rendered":"<p>To co jest mi\u0119dzy namiTobie nic do tego szatanie Szatan te\u017c wszystko wieO k\u0142\u00f3tniach nieporozumieniach troskachWszystko pr\u00f3buje on wykorzysta\u0107Przeciwko temu ma\u0142\u017ce\u0144stwuPrzedstawia on lukrowany \u015bwiatFikcj\u0119 kt\u00f3rej&hellip; <\/p>\n","protected":false},"author":1,"featured_media":0,"parent":0,"menu_order":0,"comment_status":"closed","ping_status":"closed","template":"","meta":{"footnotes":""},"class_list":["post-8495","page","type-page","status-publish","hentry"],"_links":{"self":[{"href":"https:\/\/hubertpietka.bialystok.pl\/index.php?rest_route=\/wp\/v2\/pages\/8495","targetHints":{"allow":["GET"]}}],"collection":[{"href":"https:\/\/hubertpietka.bialystok.pl\/index.php?rest_route=\/wp\/v2\/pages"}],"about":[{"href":"https:\/\/hubertpietka.bialystok.pl\/index.php?rest_route=\/wp\/v2\/types\/page"}],"author":[{"embeddable":true,"href":"https:\/\/hubertpietka.bialystok.pl\/index.php?rest_route=\/wp\/v2\/users\/1"}],"replies":[{"embeddable":true,"href":"https:\/\/hubertpietka.bialystok.pl\/index.php?rest_route=%2Fwp%2Fv2%2Fcomments&post=8495"}],"version-history":[{"count":1,"href":"https:\/\/hubertpietka.bialystok.pl\/index.php?rest_route=\/wp\/v2\/pages\/8495\/revisions"}],"predecessor-version":[{"id":8497,"href":"https:\/\/hubertpietka.bialystok.pl\/index.php?rest_route=\/wp\/v2\/pages\/8495\/revisions\/8497"}],"wp:attachment":[{"href":"https:\/\/hubertpietka.bialystok.pl\/index.php?rest_route=%2Fwp%2Fv2%2Fmedia&parent=8495"}],"curies":[{"name":"wp","href":"https:\/\/api.w.org\/{rel}","templated":true}]}}